{"id":22887,"date":"2023-10-13T13:55:09","date_gmt":"2023-10-13T10:55:09","guid":{"rendered":"https:\/\/www.xladyaccessories.com\/urun\/simit-puantiyeli-model-karisik-puantiyeli-toka-2881-6\/"},"modified":"2024-06-27T09:40:33","modified_gmt":"2024-06-27T06:40:33","slug":"toptan-simit-puantiyeli-model-karisik-puantiyeli-toka-2881-6","status":"publish","type":"product","link":"https:\/\/www.xladyaccessories.com\/fr\/produit\/bagel-a-pois-en-gros-modele-a-pois-melanges-boucle-2881-6\/","title":{"rendered":"Boucle \u00e0 pois mixtes, mod\u00e8le Bagel \u00e0 pois, vente en gros - 2881"},"content":{"rendered":"<p>En fonction des stocks disponibles, les produits pr\u00e9sent\u00e9s sur les photos seront envoy\u00e9s en mix.<\/p>\n<p>Les accessoires pour cheveux sont l\u2019un des moyens les plus importants de refl\u00e9ter votre style et d\u2019agencer magnifiquement vos cheveux. Les boucles de haute qualit\u00e9 con\u00e7ues pour une vari\u00e9t\u00e9 de styles et d&#039;usages sont fabriqu\u00e9es avec des mat\u00e9riaux naturels, notamment du maillage et du tissu.<\/p>\n<p>Notre collection d&#039;accessoires pour cheveux offre des options adapt\u00e9es \u00e0 tous les styles et besoins. Des \u00e9pingles \u00e0 fl\u00e9chettes \u00e9l\u00e9gantes et au design minimaliste vous permettent de rassembler vos cheveux de mani\u00e8re pratique. Les boucles \u00e9lastiques color\u00e9es ou perl\u00e9es ajoutent de la couleur et de la vivacit\u00e9 \u00e0 votre style quotidien. Si vous souhaitez garder vos cheveux bien rang\u00e9s et \u00e9l\u00e9gants \u00e0 tout moment, vous pouvez choisir nos \u00e9pingles \u00e0 linge.<\/p>\n<p>Notre collection, r\u00e9alis\u00e9e avec des mat\u00e9riaux de qualit\u00e9 et con\u00e7ue avec soin, renforce vos cheveux et vous offre \u00e9galement la possibilit\u00e9 d&#039;exprimer librement votre style. Compl\u00e9tez vos cheveux avec des \u00e9pingles qui vous refl\u00e8tent de la meilleure fa\u00e7on et soient \u00e9l\u00e9gantes \u00e0 tout moment.<\/p>\n<p><span style=\"font-size:11px\">Nos produits sont des produits de production de masse. En fonction de la disponibilit\u00e9 sur le march\u00e9, des diff\u00e9rences mineures peuvent appara\u00eetre dans les produits sans perturber le th\u00e8me principal. Tels que l&#039;\u00e9paisseur de la cha\u00eene, la longueur de l&#039;anneau, etc.<\/span><\/p>","protected":false},"excerpt":{"rendered":"<p>Boucles \u00e9l\u00e9gantes<\/p>","protected":false},"featured_media":22888,"comment_status":"closed","ping_status":"open","template":"","meta":[],"product_brand":[],"product_cat":[103],"product_tag":[],"class_list":{"0":"post-22887","1":"product","2":"type-product","3":"status-publish","4":"has-post-thumbnail","6":"product_cat-toka","8":"first","9":"outofstock","10":"taxable","11":"shipping-taxable","12":"purchasable","13":"product-type-simple"},"_links":{"self":[{"href":"https:\/\/www.xladyaccessories.com\/fr\/wp-json\/wp\/v2\/product\/22887","targetHints":{"allow":["GET"]}}],"collection":[{"href":"https:\/\/www.xladyaccessories.com\/fr\/wp-json\/wp\/v2\/product"}],"about":[{"href":"https:\/\/www.xladyaccessories.com\/fr\/wp-json\/wp\/v2\/types\/product"}],"replies":[{"embeddable":true,"href":"https:\/\/www.xladyaccessories.com\/fr\/wp-json\/wp\/v2\/comments?post=22887"}],"wp:featuredmedia":[{"embeddable":true,"href":"https:\/\/www.xladyaccessories.com\/fr\/wp-json\/wp\/v2\/media\/22888"}],"wp:attachment":[{"href":"https:\/\/www.xladyaccessories.com\/fr\/wp-json\/wp\/v2\/media?parent=22887"}],"wp:term":[{"taxonomy":"product_brand","embeddable":true,"href":"https:\/\/www.xladyaccessories.com\/fr\/wp-json\/wp\/v2\/product_brand?post=22887"},{"taxonomy":"product_cat","embeddable":true,"href":"https:\/\/www.xladyaccessories.com\/fr\/wp-json\/wp\/v2\/product_cat?post=22887"},{"taxonomy":"product_tag","embeddable":true,"href":"https:\/\/www.xladyaccessories.com\/fr\/wp-json\/wp\/v2\/product_tag?post=22887"}],"curies":[{"name":"wp","href":"https:\/\/api.w.org\/{rel}","templated":true}]}}