{"id":22006,"date":"2023-09-21T12:17:26","date_gmt":"2023-09-21T09:17:26","guid":{"rendered":"https:\/\/www.xladyaccessories.com\/urun\/gumus-renk-sf-zincir-bodrum-boncuk-bijuteri-bileklik-2874\/"},"modified":"2026-04-03T22:47:07","modified_gmt":"2026-04-03T19:47:07","slug":"toptan-gumus-renk-sf-zincir-bodrum-boncuk-bijuteri-bileklik-2874","status":"publish","type":"product","link":"https:\/\/www.xladyaccessories.com\/fr\/produit\/bracelet-de-bijouterie-en-perles-bodrum-chaine-sf-couleur-argent-2874\/","title":{"rendered":"Bracelet en perles de Bodrum couleur argent, vente en gros \u2013 2874"},"content":{"rendered":"<p><strong>Bracelet Bijouterie : accessoire esth\u00e9tique et abordable<\/strong><\/p>\n<p>Notre collection de bracelets Bijouterie est une excellente option qui allie \u00e9l\u00e9gance et prix abordables. Ce bracelet, qui s&#039;adapte \u00e0 tous les styles gr\u00e2ce \u00e0 son design \u00e9l\u00e9gant et ses diff\u00e9rentes options de couleurs, est id\u00e9al pour rendre chaque instant sp\u00e9cial.<\/p>\n<p><strong>Caract\u00e9ristiques du produit:<\/strong><\/p>\n<ul>\n<li><strong>Divers mod\u00e8les :<\/strong> Notre collection de bracelets bijoux comprend une vari\u00e9t\u00e9 de mod\u00e8les, vous pouvez donc choisir celui qui convient \u00e0 votre style personnel.<\/li>\n<li><strong>Prix raisonnable:<\/strong> Vous pouvez avoir un accessoire de qualit\u00e9 \u00e0 un prix \u00e9conomique.<\/li>\n<li><strong>Design \u00e9l\u00e9gant :<\/strong> Orn\u00e9 de d\u00e9tails fins, le bracelet allie \u00e9l\u00e9gance et \u00e9l\u00e9gance.<\/li>\n<li><strong>L\u00e9ger et confortable\u00a0:<\/strong> Gr\u00e2ce \u00e0 sa structure l\u00e9g\u00e8re, vous pouvez l&#039;utiliser confortablement toute la journ\u00e9e.<\/li>\n<li><strong>Options de couleur\u00a0:<\/strong> Il s&#039;adapte \u00e0 chaque pi\u00e8ce de votre garde-robe avec ses diff\u00e9rentes options de couleurs.<\/li>\n<\/ul>\n<p><strong>Utilisation et entretien du produit\u00a0:<\/strong> Le bracelet Bijouterie n\u00e9cessite une utilisation et un entretien soigneux. Des pr\u00e9cautions doivent \u00eatre prises contre les chocs violents et tout contact avec des produits chimiques tels que les parfums et les lotions doit \u00eatre \u00e9vit\u00e9. Il est recommand\u00e9 d&#039;utiliser un chiffon doux pour le nettoyage.<\/p>\n<p>Notre collection de bracelets de bijoux offre de l&#039;\u00e9l\u00e9gance \u00e0 des prix abordables. En choisissant parmi diff\u00e9rents mod\u00e8les, vous pourrez trouver un accessoire qui correspond \u00e0 votre style personnel. Avec son design \u00e9l\u00e9gant et ses diff\u00e9rentes options de couleurs, c&#039;est le compl\u00e9ment parfait \u00e0 n&#039;importe quel style. Vous pouvez en profiter longtemps gr\u00e2ce \u00e0 sa structure l\u00e9g\u00e8re et ses mat\u00e9riaux durables. Nos bracelets de bijoux allient haute qualit\u00e9 et prix \u00e9conomiques. Pour prolonger la dur\u00e9e de vie du produit, veillez \u00e0 l&#039;utiliser et \u00e0 le nettoyer d\u00e9licatement.<\/p>\n<p>Il est d\u00e9sormais beaucoup plus facile et plus \u00e9conomique de compl\u00e9ter votre style avec notre collection de bracelets Bijouterie. Commencez \u00e0 naviguer d\u00e8s maintenant et d\u00e9couvrez l&#039;\u00e9l\u00e9gance \u00e0 des prix abordables.<\/p>\n<p>\u00a0<\/p>\n<p><span style=\"font-size:11px\">Nos produits sont des produits de production de masse. En fonction de la disponibilit\u00e9 sur le march\u00e9, des diff\u00e9rences mineures peuvent appara\u00eetre dans les produits sans perturber le th\u00e8me principal. Tels que l&#039;\u00e9paisseur de la cha\u00eene, la longueur de l&#039;anneau, etc.<\/span><\/p>","protected":false},"excerpt":{"rendered":"<p>Mod\u00e8les de bracelets de bijoux \u00e9l\u00e9gants<\/p>","protected":false},"featured_media":22007,"comment_status":"closed","ping_status":"open","template":"","meta":[],"product_brand":[],"product_cat":[42],"product_tag":[],"class_list":{"0":"post-22006","1":"product","2":"type-product","3":"status-publish","4":"has-post-thumbnail","6":"product_cat-bijuteri-bileklik","8":"first","9":"instock","10":"taxable","11":"shipping-taxable","12":"purchasable","13":"product-type-simple"},"_links":{"self":[{"href":"https:\/\/www.xladyaccessories.com\/fr\/wp-json\/wp\/v2\/product\/22006","targetHints":{"allow":["GET"]}}],"collection":[{"href":"https:\/\/www.xladyaccessories.com\/fr\/wp-json\/wp\/v2\/product"}],"about":[{"href":"https:\/\/www.xladyaccessories.com\/fr\/wp-json\/wp\/v2\/types\/product"}],"replies":[{"embeddable":true,"href":"https:\/\/www.xladyaccessories.com\/fr\/wp-json\/wp\/v2\/comments?post=22006"}],"wp:featuredmedia":[{"embeddable":true,"href":"https:\/\/www.xladyaccessories.com\/fr\/wp-json\/wp\/v2\/media\/22007"}],"wp:attachment":[{"href":"https:\/\/www.xladyaccessories.com\/fr\/wp-json\/wp\/v2\/media?parent=22006"}],"wp:term":[{"taxonomy":"product_brand","embeddable":true,"href":"https:\/\/www.xladyaccessories.com\/fr\/wp-json\/wp\/v2\/product_brand?post=22006"},{"taxonomy":"product_cat","embeddable":true,"href":"https:\/\/www.xladyaccessories.com\/fr\/wp-json\/wp\/v2\/product_cat?post=22006"},{"taxonomy":"product_tag","embeddable":true,"href":"https:\/\/www.xladyaccessories.com\/fr\/wp-json\/wp\/v2\/product_tag?post=22006"}],"curies":[{"name":"wp","href":"https:\/\/api.w.org\/{rel}","templated":true}]}}