{"id":21965,"date":"2023-09-13T09:15:30","date_gmt":"2023-09-13T06:15:30","guid":{"rendered":"https:\/\/www.xladyaccessories.com\/urun\/altin-renk-yuvarlak-yildiz-kombin-bordo-boncuk-kupe-2868\/"},"modified":"2026-04-03T22:47:05","modified_gmt":"2026-04-03T19:47:05","slug":"toptan-altin-renk-yuvarlak-yildiz-kombin-bordo-boncuk-kupe-2868","status":"publish","type":"product","link":"https:\/\/www.xladyaccessories.com\/fr\/produit\/boucle-doreille-en-perles-bordeaux-combinaison-detoiles-rondes-de-couleur-or-2868\/","title":{"rendered":"Grossiste Boucles d'oreilles en perles bourguignonnes rondes et \u00e9toil\u00e9es de couleur or - 2868"},"content":{"rendered":"<p>Mod\u00e8les de boucles d&#039;oreilles combin\u00e9es \u00e9l\u00e9gantes<\/p>\n<ul id=\"content-descriptions-list\">\n<li>Un rev\u00eatement sp\u00e9cial a \u00e9t\u00e9 utilis\u00e9 contre le ternissement.<\/li>\n<li>Le contact avec des substances telles que la cr\u00e8me, le parfum et l&#039;alcool doit \u00eatre \u00e9vit\u00e9.<\/li>\n<\/ul>\n<p style=\"text-align: justify\">Le nom de la luminosit\u00e9 et de l&#039;\u00e9l\u00e9gance : boucles d&#039;oreilles combin\u00e9es tendance avec rev\u00eatement sp\u00e9cial !<\/p>\n<p style=\"text-align: justify\">Nous avons une surprise sp\u00e9ciale pour ceux qui suivent la mode de pr\u00e8s ! Ajoutez une dimension diff\u00e9rente \u00e0 votre style avec les boucles d&#039;oreilles bijouterie de notre toute nouvelle collection. Cette magnifique boucle d&#039;oreille s&#039;adapte parfaitement \u00e0 vos oreilles gr\u00e2ce \u00e0 son design utile et \u00e9l\u00e9gant.<\/p>\n<p style=\"text-align: justify\">Gr\u00e2ce \u00e0 son rev\u00eatement sp\u00e9cial, il pr\u00e9serve durablement l&#039;\u00e9clat de vos boucles d&#039;oreilles et r\u00e9siste au ternissement. Ce design sp\u00e9cial, qui brille dans vos oreilles, est pr\u00eat \u00e0 fasciner tout le monde autour de vous !<\/p>\n<p style=\"text-align: justify\">Nous avons une excellente nouvelle pour ceux qui se soucient de votre sant\u00e9 : notre produit est anti-allergique, il peut donc \u00eatre utilis\u00e9 en toute s\u00e9curit\u00e9 pour les oreilles sensibles. Vous pourrez le porter avec plaisir pendant de nombreuses ann\u00e9es gr\u00e2ce \u00e0 sa fonction anti-ternissement et indestructible.<\/p>\n<p style=\"text-align: justify\">Vous pouvez briller librement avec ces boucles d&#039;oreilles \u00e9l\u00e9gantes dans la vie quotidienne ou lors d&#039;occasions sp\u00e9ciales. Soyez \u00e9blouissant par votre \u00e9l\u00e9gance et votre \u00e9l\u00e9gance !<\/p>\n<p style=\"text-align: justify\">N&#039;oubliez pas que pour que vos boucles d&#039;oreilles conservent leur \u00e9clat et leur \u00e9l\u00e9gance, nous vous recommandons d&#039;\u00e9viter tout contact avec des substances telles que les cr\u00e8mes, les parfums et l&#039;alcool. Ainsi, vos boucles d&#039;oreilles resteront toujours aussi \u00e9tincelantes qu&#039;au premier jour.<\/p>\n<p style=\"text-align: justify\">Des mod\u00e8les styl\u00e9s et uniques vous attendent dans notre collection de boucles d&#039;oreilles ! Compl\u00e9tez votre beaut\u00e9 et votre \u00e9l\u00e9gance en choisissant celle qui correspond \u00e0 votre style. Attirez l&#039;attention avec un design et des d\u00e9tails sp\u00e9ciaux.<\/p>\n<p style=\"text-align: justify\">Ne manquez pas cette boucle d&#039;oreille sp\u00e9ciale qui vous accompagne \u00e0 chaque \u00e9tape ! D\u00e9couvrez d\u00e8s maintenant nos mod\u00e8les \u00e9l\u00e9gants qui correspondent \u00e0 votre style et profitez d&#039;une beaut\u00e9 intemporelle.<\/p>\n<p style=\"text-align: justify\">Renforcez votre confiance en vous avec cette boucle d&#039;oreille symbole d&#039;\u00e9clat et d&#039;\u00e9l\u00e9gance. \u00c9loignez-vous de l&#039;ordinaire, suivez les tendances et conservez toujours votre \u00e9clat avec des boucles d&#039;oreilles sp\u00e9cialement recouvertes !<\/p>\n<p style=\"text-align: justify\">Ajoutez d\u00e8s maintenant ces boucles d&#039;oreilles, qui accompagneront chaque instant avec leur \u00e9l\u00e9gance et leur beaut\u00e9 particuli\u00e8res, \u00e0 votre panier et profitez de refl\u00e9ter votre style !<\/p>\n<p><span style=\"font-size:11px\">Nos produits sont des produits de production de masse. En fonction de la disponibilit\u00e9 sur le march\u00e9, des diff\u00e9rences mineures peuvent appara\u00eetre dans les produits sans perturber le th\u00e8me principal. Tels que l&#039;\u00e9paisseur de la cha\u00eene, la longueur de l&#039;anneau, etc.<\/span><\/p>","protected":false},"excerpt":{"rendered":"<p>Mod\u00e8les de boucles d&#039;oreilles combin\u00e9es \u00e9l\u00e9gantes<\/p>","protected":false},"featured_media":21966,"comment_status":"closed","ping_status":"open","template":"","meta":[],"product_brand":[],"product_cat":[91],"product_tag":[],"class_list":{"0":"post-21965","1":"product","2":"type-product","3":"status-publish","4":"has-post-thumbnail","6":"product_cat-bijuteri_kupe","8":"first","9":"instock","10":"taxable","11":"shipping-taxable","12":"purchasable","13":"product-type-simple"},"_links":{"self":[{"href":"https:\/\/www.xladyaccessories.com\/fr\/wp-json\/wp\/v2\/product\/21965","targetHints":{"allow":["GET"]}}],"collection":[{"href":"https:\/\/www.xladyaccessories.com\/fr\/wp-json\/wp\/v2\/product"}],"about":[{"href":"https:\/\/www.xladyaccessories.com\/fr\/wp-json\/wp\/v2\/types\/product"}],"replies":[{"embeddable":true,"href":"https:\/\/www.xladyaccessories.com\/fr\/wp-json\/wp\/v2\/comments?post=21965"}],"wp:featuredmedia":[{"embeddable":true,"href":"https:\/\/www.xladyaccessories.com\/fr\/wp-json\/wp\/v2\/media\/21966"}],"wp:attachment":[{"href":"https:\/\/www.xladyaccessories.com\/fr\/wp-json\/wp\/v2\/media?parent=21965"}],"wp:term":[{"taxonomy":"product_brand","embeddable":true,"href":"https:\/\/www.xladyaccessories.com\/fr\/wp-json\/wp\/v2\/product_brand?post=21965"},{"taxonomy":"product_cat","embeddable":true,"href":"https:\/\/www.xladyaccessories.com\/fr\/wp-json\/wp\/v2\/product_cat?post=21965"},{"taxonomy":"product_tag","embeddable":true,"href":"https:\/\/www.xladyaccessories.com\/fr\/wp-json\/wp\/v2\/product_tag?post=21965"}],"curies":[{"name":"wp","href":"https:\/\/api.w.org\/{rel}","templated":true}]}}