{"id":21434,"date":"2023-08-17T18:47:34","date_gmt":"2023-08-17T15:47:34","guid":{"rendered":"https:\/\/www.xladyaccessories.com\/?post_type=product&#038;p=21434"},"modified":"2026-04-25T19:19:32","modified_gmt":"2026-04-25T16:19:32","slug":"toptan-altin-renk-dogal-tas-zirkon-yuzuk-ayarlanabilir-her-parmaga-olur-karisik-2796-8","status":"publish","type":"product","link":"https:\/\/www.xladyaccessories.com\/fr\/produit\/bague-en-zircon-pierre-naturelle-couleur-or-reglable-sadapte-a-tous-les-doigts-mixtes-2796-8\/","title":{"rendered":"Wholesale Gold Colour Natural Stone Zircon Ring Adjustable Adjustable For Every Finger Mixed - 2796"},"content":{"rendered":"<p>En fonction de la disponibilit\u00e9 des stocks, un m\u00e9lange de produits sur les photos sera envoy\u00e9.<\/p>\n<p>\u00a0<\/p>\n<p><strong>Bague en pierre naturelle : allier l&#039;esth\u00e9tique \u00e0 l&#039;\u00e9l\u00e9gance venue de la nature<\/strong><\/p>\n<p>Notre collection de bagues en pierre naturelle offre des options de bagues uniques en combinant la beaut\u00e9 de la nature avec un design esth\u00e9tique. Chacune de nos bagues apporte une touche particuli\u00e8re \u00e0 votre style en portant l&#039;\u00e9l\u00e9gance et l&#039;originalit\u00e9 de la pierre naturelle.<\/p>\n<p><strong>Caract\u00e9ristiques du produit:<\/strong><\/p>\n<ul>\n<li><strong>Pierres naturelles :<\/strong> Nos bagues sont d\u00e9cor\u00e9es de pierres naturelles soigneusement s\u00e9lectionn\u00e9es et trait\u00e9es. Chaque pierre a une couleur et un motif uniques.<\/li>\n<li><strong>Design \u00e9l\u00e9gant :<\/strong> Chaque bague attire l&#039;attention par son design \u00e9l\u00e9gant et est d\u00e9cor\u00e9e de d\u00e9tails esth\u00e9tiques.<\/li>\n<li><strong>Mat\u00e9riaux durables\u00a0:<\/strong> Les anneaux fabriqu\u00e9s \u00e0 partir de mat\u00e9riaux de qualit\u00e9 offrent une durabilit\u00e9 \u00e0 long terme.<\/li>\n<li><strong>Divers mod\u00e8les :<\/strong> Il existe diff\u00e9rents mod\u00e8les dans notre collection de bagues en pierre naturelle, offrant ainsi des options pour tous les go\u00fbts.<\/li>\n<li><strong>Tailles compatibles\u00a0:<\/strong> Les anneaux sont r\u00e9glables pour s&#039;adapter \u00e0 diff\u00e9rentes tailles.<\/li>\n<\/ul>\n<p><strong>Utilisation et entretien du produit\u00a0:<\/strong> Les bagues en pierre naturelle n\u00e9cessitent une utilisation et un entretien minutieux. \u00c9vitez les chocs excessifs et \u00e9loignez-vous des produits chimiques. Pour pr\u00e9server la beaut\u00e9 de la pierre naturelle, nettoyez-la r\u00e9guli\u00e8rement avec un chiffon doux.<\/p>\n<p>\u00a0Notre collection de bagues en pierre naturelle allie les beaut\u00e9s originales de la nature avec un design esth\u00e9tique. Chaque bague est orn\u00e9e de pierres naturelles exclusives et se distingue par son design \u00e9l\u00e9gant. Les anneaux fabriqu\u00e9s \u00e0 partir de mat\u00e9riaux durables offrent une utilisation durable. Nous s\u00e9duisons tous les go\u00fbts avec diff\u00e9rents mod\u00e8les et options de tailles. Il est recommand\u00e9 d&#039;\u00eatre prudent lors de l&#039;utilisation de nos bagues en pierre naturelle et de prendre soin de leur entretien.<\/p>\n<p>D\u00e9couvrez notre collection de bagues en pierre naturelle pour ajouter l&#039;\u00e9l\u00e9gance de la nature \u00e0 votre style. D\u00e9couvrez la beaut\u00e9 unique et commandez maintenant.<\/p>\n<p><span style=\"font-size:11px\">Nos produits sont des produits de production de masse. En fonction de la disponibilit\u00e9 sur le march\u00e9, des diff\u00e9rences mineures peuvent appara\u00eetre dans les produits sans perturber le th\u00e8me principal. Tels que l&#039;\u00e9paisseur de la cha\u00eene, la longueur de l&#039;anneau, etc.<\/span><\/p>","protected":false},"excerpt":{"rendered":"<p>Anneaux de zircon \u00e9l\u00e9gants<\/p>","protected":false},"featured_media":21435,"comment_status":"open","ping_status":"closed","template":"","meta":[],"product_brand":[],"product_cat":[102],"product_tag":[],"class_list":{"0":"post-21434","1":"product","2":"type-product","3":"status-publish","4":"has-post-thumbnail","6":"product_cat-zirkon-yuzuk","8":"first","9":"outofstock","10":"taxable","11":"shipping-taxable","12":"purchasable","13":"product-type-simple"},"_links":{"self":[{"href":"https:\/\/www.xladyaccessories.com\/fr\/wp-json\/wp\/v2\/product\/21434","targetHints":{"allow":["GET"]}}],"collection":[{"href":"https:\/\/www.xladyaccessories.com\/fr\/wp-json\/wp\/v2\/product"}],"about":[{"href":"https:\/\/www.xladyaccessories.com\/fr\/wp-json\/wp\/v2\/types\/product"}],"replies":[{"embeddable":true,"href":"https:\/\/www.xladyaccessories.com\/fr\/wp-json\/wp\/v2\/comments?post=21434"}],"wp:featuredmedia":[{"embeddable":true,"href":"https:\/\/www.xladyaccessories.com\/fr\/wp-json\/wp\/v2\/media\/21435"}],"wp:attachment":[{"href":"https:\/\/www.xladyaccessories.com\/fr\/wp-json\/wp\/v2\/media?parent=21434"}],"wp:term":[{"taxonomy":"product_brand","embeddable":true,"href":"https:\/\/www.xladyaccessories.com\/fr\/wp-json\/wp\/v2\/product_brand?post=21434"},{"taxonomy":"product_cat","embeddable":true,"href":"https:\/\/www.xladyaccessories.com\/fr\/wp-json\/wp\/v2\/product_cat?post=21434"},{"taxonomy":"product_tag","embeddable":true,"href":"https:\/\/www.xladyaccessories.com\/fr\/wp-json\/wp\/v2\/product_tag?post=21434"}],"curies":[{"name":"wp","href":"https:\/\/api.w.org\/{rel}","templated":true}]}}