{"id":21068,"date":"2023-08-16T19:21:03","date_gmt":"2023-08-16T16:21:03","guid":{"rendered":"https:\/\/www.xladyaccessories.com\/?post_type=product&#038;p=21068"},"modified":"2026-04-15T09:19:49","modified_gmt":"2026-04-15T06:19:49","slug":"toptan-gumus-renk-evrensel-baris-asansor-zirkon-bileklik-2709","status":"publish","type":"product","link":"https:\/\/www.xladyaccessories.com\/fr\/produit\/bracelet-en-zircon-argente-universel-avec-ascenseur-de-paix-vente-en-gros-2709\/","title":{"rendered":"Grossiste Bracelet en Zircon de couleur argent pour l'ascenseur de la paix universelle - 2709"},"content":{"rendered":"<p><strong>Bracelet en pierre de zircone<\/strong><\/p>\n<p>Le bracelet en pierre de zircon, une combinaison parfaite d&#039;esth\u00e9tique et d&#039;\u00e9l\u00e9gance, est con\u00e7u pour rendre chaque instant sp\u00e9cial. Que ce soit dans la vie quotidienne ou lors d&#039;\u00e9v\u00e9nements particuliers, ce bracelet vous compl\u00e9tera avec \u00e9l\u00e9gance.<\/p>\n<p><strong>Caract\u00e9ristiques du produit:<\/strong><\/p>\n<ul>\n<li><strong>Mat\u00e9riel de qualit\u00e9 :<\/strong>\u00a0Le bracelet Zircon est fait de mat\u00e9riaux de qualit\u00e9 qui sont durables et conservent leur \u00e9clat pendant longtemps.<\/li>\n<li><strong>D\u00e9tails de la pierre de zircone\u00a0:<\/strong> Les pierres de zircon du bracelet refl\u00e8tent magnifiquement la lumi\u00e8re, offrant un \u00e9clat fascinant \u00e0 chaque regard.<\/li>\n<li><strong>Design \u00e9l\u00e9gant :<\/strong> Les d\u00e9tails finement travaill\u00e9s rendent le bracelet \u00e0 la fois \u00e9l\u00e9gant et \u00e9l\u00e9gant. Cela vous donne l\u2019impression de porter une \u0153uvre d\u2019art \u00e0 votre poignet.<\/li>\n<li><strong>Longueur r\u00e9glable\u00a0:<\/strong> La longueur r\u00e9glable du bracelet s&#039;adapte facilement aux diff\u00e9rentes tailles de poignet.<\/li>\n<li><strong>L\u00e9ger et confortable\u00a0:<\/strong> Gr\u00e2ce \u00e0 sa structure l\u00e9g\u00e8re, il ne provoque pas de g\u00eane au poignet et constitue une option id\u00e9ale pour un usage quotidien.<\/li>\n<\/ul>\n<p><strong>Utilisation et entretien du produit\u00a0:<\/strong> Le bracelet en pierre de zircon n\u00e9cessite une utilisation et un entretien soigneux. Vous pouvez assurer la long\u00e9vit\u00e9 du bracelet en \u00e9vitant les chocs excessifs. De plus, \u00e9viter tout contact avec des produits chimiques tels que les parfums et les lotions aide les pierres \u00e0 conserver leur \u00e9clat. Il est recommand\u00e9 d&#039;utiliser un chiffon doux pour le nettoyage.<\/p>\n<p>Le bracelet en pierre de Zircon allie \u00e9l\u00e9gance et esth\u00e9tique. Fabriqu\u00e9 \u00e0 partir de mat\u00e9riaux de qualit\u00e9, ce bracelet attire l&#039;attention avec ses d\u00e9tails en pierre de zircon. Gr\u00e2ce \u00e0 sa longueur r\u00e9glable, il s&#039;adapte \u00e0 diff\u00e9rentes tailles de poignets. Il se d\u00e9marque par sa structure l\u00e9g\u00e8re adapt\u00e9e \u00e0 un usage quotidien. Il s&#039;adapte \u00e0 tous les styles gr\u00e2ce \u00e0 son design \u00e9l\u00e9gant. Il est important d&#039;\u00e9viter les chocs excessifs lors de l&#039;utilisation du produit. Il est recommand\u00e9 d&#039;utiliser un chiffon doux pour le nettoyage.<\/p>\n<p>Le bracelet en pierre de zircon est un accessoire id\u00e9al pour ceux qui aiment l&#039;\u00e9l\u00e9gance et l&#039;\u00e9l\u00e9gance. Vous pouvez compl\u00e9ter votre style en achetant d\u00e8s maintenant ce produit qui allie esth\u00e9tique et qualit\u00e9.<\/p>\n<p><span style=\"font-size:11px\">Nos produits sont des produits de production de masse. En fonction de la disponibilit\u00e9 sur le march\u00e9, des diff\u00e9rences mineures peuvent appara\u00eetre dans les produits sans perturber le th\u00e8me principal. Tels que l&#039;\u00e9paisseur de la cha\u00eene, la longueur de l&#039;anneau, etc.<\/span><\/p>","protected":false},"excerpt":{"rendered":"<p>Bracelets \u00e9l\u00e9gants en zircone<\/p>","protected":false},"featured_media":21069,"comment_status":"open","ping_status":"closed","template":"","meta":[],"product_brand":[],"product_cat":[93],"product_tag":[],"class_list":{"0":"post-21068","1":"product","2":"type-product","3":"status-publish","4":"has-post-thumbnail","6":"product_cat-zirkon-bileklik","8":"first","9":"outofstock","10":"taxable","11":"shipping-taxable","12":"purchasable","13":"product-type-simple"},"_links":{"self":[{"href":"https:\/\/www.xladyaccessories.com\/fr\/wp-json\/wp\/v2\/product\/21068","targetHints":{"allow":["GET"]}}],"collection":[{"href":"https:\/\/www.xladyaccessories.com\/fr\/wp-json\/wp\/v2\/product"}],"about":[{"href":"https:\/\/www.xladyaccessories.com\/fr\/wp-json\/wp\/v2\/types\/product"}],"replies":[{"embeddable":true,"href":"https:\/\/www.xladyaccessories.com\/fr\/wp-json\/wp\/v2\/comments?post=21068"}],"wp:featuredmedia":[{"embeddable":true,"href":"https:\/\/www.xladyaccessories.com\/fr\/wp-json\/wp\/v2\/media\/21069"}],"wp:attachment":[{"href":"https:\/\/www.xladyaccessories.com\/fr\/wp-json\/wp\/v2\/media?parent=21068"}],"wp:term":[{"taxonomy":"product_brand","embeddable":true,"href":"https:\/\/www.xladyaccessories.com\/fr\/wp-json\/wp\/v2\/product_brand?post=21068"},{"taxonomy":"product_cat","embeddable":true,"href":"https:\/\/www.xladyaccessories.com\/fr\/wp-json\/wp\/v2\/product_cat?post=21068"},{"taxonomy":"product_tag","embeddable":true,"href":"https:\/\/www.xladyaccessories.com\/fr\/wp-json\/wp\/v2\/product_tag?post=21068"}],"curies":[{"name":"wp","href":"https:\/\/api.w.org\/{rel}","templated":true}]}}