{"id":17984,"date":"2023-05-02T19:28:13","date_gmt":"2023-05-02T16:28:13","guid":{"rendered":"https:\/\/www.xladyaccessories.com\/?post_type=product&#038;p=17984"},"modified":"2025-01-29T09:17:03","modified_gmt":"2025-01-29T06:17:03","slug":"toptan-puskul-kupe-karisik-kupe-2344-2","status":"publish","type":"product","link":"https:\/\/www.xladyaccessories.com\/fr\/produit\/boucle-doreille-pompon-boucle-doreille-mixte-2344-2\/","title":{"rendered":"Grossiste Boucles d'oreilles Tassel Boucles d'oreilles mixtes - 2344"},"content":{"rendered":"<div class=\"detailmodule_html\">\n<div class=\"detail-desc-decorate-richtext\">\n<p>En fonction de la disponibilit\u00e9 des stocks, un m\u00e9lange de produits sur les photos sera envoy\u00e9.<\/p>\n<p>\u00a0<\/p>\n<ul>\n<li>\n<p>Notre produit est anti-allergique, ne noircit pas et ne se d\u00e9t\u00e9riore pas, vous pouvez l&#039;utiliser en toute s\u00e9curit\u00e9.\u00a0<\/p>\n<p>Mod\u00e8les de boucles d&#039;oreilles \u00e9l\u00e9gants<\/p>\n<\/li>\n<li>Un rev\u00eatement sp\u00e9cial a \u00e9t\u00e9 utilis\u00e9 contre le ternissement.<\/li>\n<li>Le contact avec des substances telles que la cr\u00e8me, le parfum et l&#039;alcool doit \u00eatre \u00e9vit\u00e9.<\/li>\n<\/ul>\n<p>\u00a0<\/p>\n<\/div>\n<\/div>\n<p><span style=\"font-size:11px\">Nos produits sont des produits de production de masse. En fonction de la disponibilit\u00e9 sur le march\u00e9, des diff\u00e9rences mineures peuvent appara\u00eetre dans les produits sans perturber le th\u00e8me principal. Tels que l&#039;\u00e9paisseur de la cha\u00eene, la longueur de l&#039;anneau, etc.<\/span><\/p>","protected":false},"excerpt":{"rendered":"<p>Boucles d&#039;oreilles \u00e9l\u00e9gantes<\/p>","protected":false},"featured_media":17985,"comment_status":"open","ping_status":"closed","template":"","meta":[],"product_brand":[],"product_cat":[91],"product_tag":[],"class_list":{"0":"post-17984","1":"product","2":"type-product","3":"status-publish","4":"has-post-thumbnail","6":"product_cat-bijuteri_kupe","8":"first","9":"outofstock","10":"taxable","11":"shipping-taxable","12":"purchasable","13":"product-type-simple"},"_links":{"self":[{"href":"https:\/\/www.xladyaccessories.com\/fr\/wp-json\/wp\/v2\/product\/17984","targetHints":{"allow":["GET"]}}],"collection":[{"href":"https:\/\/www.xladyaccessories.com\/fr\/wp-json\/wp\/v2\/product"}],"about":[{"href":"https:\/\/www.xladyaccessories.com\/fr\/wp-json\/wp\/v2\/types\/product"}],"replies":[{"embeddable":true,"href":"https:\/\/www.xladyaccessories.com\/fr\/wp-json\/wp\/v2\/comments?post=17984"}],"wp:featuredmedia":[{"embeddable":true,"href":"https:\/\/www.xladyaccessories.com\/fr\/wp-json\/wp\/v2\/media\/17985"}],"wp:attachment":[{"href":"https:\/\/www.xladyaccessories.com\/fr\/wp-json\/wp\/v2\/media?parent=17984"}],"wp:term":[{"taxonomy":"product_brand","embeddable":true,"href":"https:\/\/www.xladyaccessories.com\/fr\/wp-json\/wp\/v2\/product_brand?post=17984"},{"taxonomy":"product_cat","embeddable":true,"href":"https:\/\/www.xladyaccessories.com\/fr\/wp-json\/wp\/v2\/product_cat?post=17984"},{"taxonomy":"product_tag","embeddable":true,"href":"https:\/\/www.xladyaccessories.com\/fr\/wp-json\/wp\/v2\/product_tag?post=17984"}],"curies":[{"name":"wp","href":"https:\/\/api.w.org\/{rel}","templated":true}]}}