{"id":14271,"date":"2023-07-24T11:25:08","date_gmt":"2023-07-24T08:25:08","guid":{"rendered":"https:\/\/www.xladyaccessories.com\/urun\/altin-renk-kadin-italyan-yonca-kolye-yeni-sezon-kolye-2679\/"},"modified":"2026-04-21T09:19:16","modified_gmt":"2026-04-21T06:19:16","slug":"toptan-altin-renk-kadin-italyan-yonca-kolye-yeni-sezon-kolye-2679","status":"publish","type":"product","link":"https:\/\/www.xladyaccessories.com\/fr\/produit\/collier-trefle-italien-pour-femmes-couleur-or-nouvelle-saison-2679\/","title":{"rendered":"Collier de tr\u00e8fle italien de couleur or pour femmes Collier de la nouvelle saison - 2679"},"content":{"rendered":"<p>100% Nouveau produit<\/p>\n<p>Type: Collier<\/p>\n<p>Mat\u00e9riel: Alliage<\/p>\n<p>\u00a0<\/p>\n<p>Un bijou de qualit\u00e9.; Il ne contient pas de nickel ; C&#039;est antiallergique; Il ne noircit pas \u00e0 moins d&#039;\u00eatre touch\u00e9 par des produits chimiques\u00a0;<\/p>\n<p>La dur\u00e9e d&#039;utilisation de l&#039;accessoire sera prolong\u00e9e \u00e0 condition qu&#039;il soit tenu \u00e0 l&#039;\u00e9cart du parfum, du savon, de l&#039;alcool et des produits chimiques similaires.<\/p>\n<p>Un rev\u00eatement protecteur sp\u00e9cial a \u00e9t\u00e9 appliqu\u00e9 sur le produit contre les allergies, l&#039;oxydation et le noircissement.<\/p>\n<p>Il est recommand\u00e9 de l&#039;utiliser \u00e0 l&#039;\u00e9cart du parfum, de l&#039;eau, des d\u00e9tergents et des produits chimiques liquides.<\/p>\n<p>Il ajoutera de l&#039;\u00e9l\u00e9gance \u00e0 votre \u00e9l\u00e9gance.<\/p>","protected":false},"excerpt":{"rendered":"<p>Colliers \u00e9l\u00e9gants<\/p>","protected":false},"featured_media":14277,"comment_status":"open","ping_status":"closed","template":"","meta":[],"product_brand":[],"product_cat":[24],"product_tag":[],"class_list":{"0":"post-14271","1":"product","2":"type-product","3":"status-publish","4":"has-post-thumbnail","6":"product_cat-bijuteri-kolye","8":"first","9":"outofstock","10":"taxable","11":"shipping-taxable","12":"purchasable","13":"product-type-simple"},"_links":{"self":[{"href":"https:\/\/www.xladyaccessories.com\/fr\/wp-json\/wp\/v2\/product\/14271","targetHints":{"allow":["GET"]}}],"collection":[{"href":"https:\/\/www.xladyaccessories.com\/fr\/wp-json\/wp\/v2\/product"}],"about":[{"href":"https:\/\/www.xladyaccessories.com\/fr\/wp-json\/wp\/v2\/types\/product"}],"replies":[{"embeddable":true,"href":"https:\/\/www.xladyaccessories.com\/fr\/wp-json\/wp\/v2\/comments?post=14271"}],"wp:featuredmedia":[{"embeddable":true,"href":"https:\/\/www.xladyaccessories.com\/fr\/wp-json\/wp\/v2\/media\/14277"}],"wp:attachment":[{"href":"https:\/\/www.xladyaccessories.com\/fr\/wp-json\/wp\/v2\/media?parent=14271"}],"wp:term":[{"taxonomy":"product_brand","embeddable":true,"href":"https:\/\/www.xladyaccessories.com\/fr\/wp-json\/wp\/v2\/product_brand?post=14271"},{"taxonomy":"product_cat","embeddable":true,"href":"https:\/\/www.xladyaccessories.com\/fr\/wp-json\/wp\/v2\/product_cat?post=14271"},{"taxonomy":"product_tag","embeddable":true,"href":"https:\/\/www.xladyaccessories.com\/fr\/wp-json\/wp\/v2\/product_tag?post=14271"}],"curies":[{"name":"wp","href":"https:\/\/api.w.org\/{rel}","templated":true}]}}