{"id":12851,"date":"2023-05-25T18:04:23","date_gmt":"2023-05-25T15:04:23","guid":{"rendered":"https:\/\/www.xladyaccessories.com\/urun\/altin-renk-kanat-model-tasli-kikirdak-kupe-2391\/"},"modified":"2026-04-14T09:17:59","modified_gmt":"2026-04-14T06:17:59","slug":"toptan-altin-renk-kanat-model-tasli-kikirdak-kupe-2391","status":"publish","type":"product","link":"https:\/\/www.xladyaccessories.com\/fr\/produit\/boucle-doreille-en-pierre-modele-daile-couleur-or-cartilage-2391\/","title":{"rendered":"Boucles d&#039;oreilles cartilage en pierre mod\u00e8le aile couleur or, vente en gros \u2013 2391"},"content":{"rendered":"<div class=\"detailmodule_html\">\n<div class=\"detail-desc-decorate-richtext\">\n<ul>\n<li>\n<p>Notre produit est anti-allergique, ne noircit pas et ne se d\u00e9t\u00e9riore pas, vous pouvez l&#039;utiliser en toute s\u00e9curit\u00e9.\u00a0<\/p>\n<p>Mod\u00e8les de boucles d&#039;oreilles \u00e9l\u00e9gants<\/p>\n<\/li>\n<li>Un rev\u00eatement sp\u00e9cial a \u00e9t\u00e9 utilis\u00e9 contre le ternissement.<\/li>\n<li>Le contact avec des substances telles que la cr\u00e8me, le parfum et l&#039;alcool doit \u00eatre \u00e9vit\u00e9.<\/li>\n<\/ul>\n<p>\u00a0<\/p>\n<\/div>\n<\/div>","protected":false},"excerpt":{"rendered":"<p>Boucles d&#039;oreilles \u00e9l\u00e9gantes<\/p>","protected":false},"featured_media":12852,"comment_status":"open","ping_status":"closed","template":"","meta":[],"product_brand":[],"product_cat":[91],"product_tag":[],"class_list":{"0":"post-12851","1":"product","2":"type-product","3":"status-publish","4":"has-post-thumbnail","6":"product_cat-bijuteri_kupe","8":"first","9":"outofstock","10":"taxable","11":"shipping-taxable","12":"purchasable","13":"product-type-simple"},"_links":{"self":[{"href":"https:\/\/www.xladyaccessories.com\/fr\/wp-json\/wp\/v2\/product\/12851","targetHints":{"allow":["GET"]}}],"collection":[{"href":"https:\/\/www.xladyaccessories.com\/fr\/wp-json\/wp\/v2\/product"}],"about":[{"href":"https:\/\/www.xladyaccessories.com\/fr\/wp-json\/wp\/v2\/types\/product"}],"replies":[{"embeddable":true,"href":"https:\/\/www.xladyaccessories.com\/fr\/wp-json\/wp\/v2\/comments?post=12851"}],"wp:featuredmedia":[{"embeddable":true,"href":"https:\/\/www.xladyaccessories.com\/fr\/wp-json\/wp\/v2\/media\/12852"}],"wp:attachment":[{"href":"https:\/\/www.xladyaccessories.com\/fr\/wp-json\/wp\/v2\/media?parent=12851"}],"wp:term":[{"taxonomy":"product_brand","embeddable":true,"href":"https:\/\/www.xladyaccessories.com\/fr\/wp-json\/wp\/v2\/product_brand?post=12851"},{"taxonomy":"product_cat","embeddable":true,"href":"https:\/\/www.xladyaccessories.com\/fr\/wp-json\/wp\/v2\/product_cat?post=12851"},{"taxonomy":"product_tag","embeddable":true,"href":"https:\/\/www.xladyaccessories.com\/fr\/wp-json\/wp\/v2\/product_tag?post=12851"}],"curies":[{"name":"wp","href":"https:\/\/api.w.org\/{rel}","templated":true}]}}