{"id":12795,"date":"2023-05-25T16:54:42","date_gmt":"2023-05-25T13:54:42","guid":{"rendered":"https:\/\/www.xladyaccessories.com\/urun\/altin-renk-pembe-mineli-deniz-yildizi-motif-zirkon-tasli-pandora-bileklik-2364\/"},"modified":"2026-04-15T19:18:05","modified_gmt":"2026-04-15T16:18:05","slug":"toptan-altin-renk-pembe-mineli-deniz-yildizi-motif-zirkon-tasli-pandora-bileklik-2364","status":"publish","type":"product","link":"https:\/\/www.xladyaccessories.com\/fr\/produit\/bracelet-pandora-en-pierre-de-zircon-couleur-or-email-rose-motif-etoile-de-mer-2364\/","title":{"rendered":"Toptan Alt\u0131n Renk Pembe Mineli  Deniz Y\u0131ld\u0131z\u0131 Motif  Zirkon Ta\u015fl\u0131 Pandora Bileklik &#8211; 2364"},"content":{"rendered":"<p>\u2022\u00a0Pierre de zircone<\/p>\n<p>\u2022Nos produits sont plaqu\u00e9s or.<\/p>\n<p>\u2022Comme nous utilisons des min\u00e9raux sans nickel, nos produits ne provoquent pas d&#039;allergies.<\/p>\n<p>\u2022 Puisqu&#039;il est fabriqu\u00e9 \u00e0 partir de m\u00e9tal de haute qualit\u00e9, il ne se d\u00e9forme pas facilement et vous permet de l&#039;utiliser pendant longtemps.<\/p>\n<p>\u2022Notre produit a une taille r\u00e9glable.<\/p>\n<p>\u2022Vous pouvez ajuster le produit en fonction de votre poignet gr\u00e2ce \u00e0 la cha\u00eene d&#039;extension.<\/p>\n<p>\u2022Il ne noircit pas sauf s&#039;il entre en contact avec du parfum, de la cr\u00e8me, du d\u00e9sinfectant et des produits chimiques similaires.<\/p>\n<p>Un produit merveilleusement con\u00e7u qui ajoutera du naturel. L&#039;\u00e9l\u00e9gant bracelet Pandora embellira vos moments privil\u00e9gi\u00e9s et compl\u00e9tera votre style, vous faisant sentir pr\u00e9cieux \u00e0 chaque instant de votre vie.<\/p>","protected":false},"excerpt":{"rendered":"<p>Bracelets \u00e9l\u00e9gants en zircone<\/p>","protected":false},"featured_media":12796,"comment_status":"open","ping_status":"closed","template":"","meta":[],"product_brand":[],"product_cat":[93],"product_tag":[],"class_list":{"0":"post-12795","1":"product","2":"type-product","3":"status-publish","4":"has-post-thumbnail","6":"product_cat-zirkon-bileklik","8":"first","9":"outofstock","10":"taxable","11":"shipping-taxable","12":"purchasable","13":"product-type-simple"},"_links":{"self":[{"href":"https:\/\/www.xladyaccessories.com\/fr\/wp-json\/wp\/v2\/product\/12795","targetHints":{"allow":["GET"]}}],"collection":[{"href":"https:\/\/www.xladyaccessories.com\/fr\/wp-json\/wp\/v2\/product"}],"about":[{"href":"https:\/\/www.xladyaccessories.com\/fr\/wp-json\/wp\/v2\/types\/product"}],"replies":[{"embeddable":true,"href":"https:\/\/www.xladyaccessories.com\/fr\/wp-json\/wp\/v2\/comments?post=12795"}],"wp:featuredmedia":[{"embeddable":true,"href":"https:\/\/www.xladyaccessories.com\/fr\/wp-json\/wp\/v2\/media\/12796"}],"wp:attachment":[{"href":"https:\/\/www.xladyaccessories.com\/fr\/wp-json\/wp\/v2\/media?parent=12795"}],"wp:term":[{"taxonomy":"product_brand","embeddable":true,"href":"https:\/\/www.xladyaccessories.com\/fr\/wp-json\/wp\/v2\/product_brand?post=12795"},{"taxonomy":"product_cat","embeddable":true,"href":"https:\/\/www.xladyaccessories.com\/fr\/wp-json\/wp\/v2\/product_cat?post=12795"},{"taxonomy":"product_tag","embeddable":true,"href":"https:\/\/www.xladyaccessories.com\/fr\/wp-json\/wp\/v2\/product_tag?post=12795"}],"curies":[{"name":"wp","href":"https:\/\/api.w.org\/{rel}","templated":true}]}}