{"id":12716,"date":"2023-05-02T20:05:14","date_gmt":"2023-05-02T17:05:14","guid":{"rendered":"https:\/\/www.xladyaccessories.com\/urun\/rose-renk-uclu-kelebek-model-zirkon-kolye-2362\/"},"modified":"2026-04-12T19:17:27","modified_gmt":"2026-04-12T16:17:27","slug":"toptan-rose-renk-uclu-kelebek-model-zirkon-kolye-2362","status":"publish","type":"product","link":"https:\/\/www.xladyaccessories.com\/fr\/produit\/collier-pendentif-couleur-rose-modele-papillon-en-zircon-2362\/","title":{"rendered":"Collier de zircon triple papillon de couleur rose - 2362"},"content":{"rendered":"<div class=\"detailmodule_html\">\n<div class=\"detail-desc-decorate-richtext\">\n<div>100% Nouveau produit<\/div>\n<div>Type: collier en pierre de Zircon<\/div>\n<div>Mat\u00e9riel: Laiton<\/div>\n<div>\n<p>\u00a0<\/p>\n<p>CARACT\u00c9RISTIQUES DE LA PIERRE DE ZIRCON<\/p>\n<p>Duret\u00e9 : 7,5<\/p>\n<p>Gravit\u00e9 sp\u00e9cifique : 3,9 \u2013 4,7<\/p>\n<p>Formule chimique\u00a0: ZrSiO4<\/p>\n<p>Couleur : incolore, marron, vert, rouge, jaune, bleu.<\/p>\n<p>Principaux pays d&#039;origine\u00a0: Australie<\/p>\n<p>Caract\u00e9ristiques structurelles<\/p>\n<p>Sa vraie couleur est le marron. Avant utilisation, on le chauffe g\u00e9n\u00e9ralement et on attend qu&#039;il devienne transparent. C\u2019est l\u2019une des pierres les plus c\u00e9l\u00e8bres de la cat\u00e9gorie joaillerie. Cette pierre est \u00e9galement la source la plus importante de l\u2019\u00e9l\u00e9ment zirconium. C&#039;est la pierre de zircon incolore la plus pr\u00e9cieuse et la plus rare \u00e0 utiliser comme bijou. Il est similaire au diamant et la seule diff\u00e9rence est qu&#039;il est plus doux que le diamant. Il est mou (environ 2,5 mohs).<\/p>\n<p>\u00a0<\/p>\n<p>Avantages du zircon<\/p>\n<p>Cette pierre fait partie des rares pierres v\u00e9ritablement pr\u00e9cieuses et pr\u00e9sente de nombreux avantages. Zircon tire son nom du mot persan \u00ab Zargun \u00bb, qui signifie couleur dor\u00e9e. De mani\u00e8re br\u00e8ve et descriptive, les avantages de la pierre Zircon sur les humains sont\u00a0:<\/p>\n<p>Cela peut \u00eatre tr\u00e8s b\u00e9n\u00e9fique sur le syst\u00e8me digestif. (Dans les mouvements du gros et du petit intestin)<\/p>\n<p>D\u00e9tend et facilite le sommeil,<\/p>\n<p>Cela peut acc\u00e9l\u00e9rer les activit\u00e9s mentales,<\/p>\n<p>Il apporte un \u00e9quilibre dans le domaine \u00e9motionnel,<\/p>\n<p>Il assure le bilan \u00e9nerg\u00e9tique de la personne,<\/p>\n<p>Il apporte \u00e0 la fois de l&#039;\u00e9l\u00e9gance et un sentiment d&#039;acceptation plus rapide dans la soci\u00e9t\u00e9,<\/p>\n<p>Cela aide la personne \u00e0 r\u00e9soudre des probl\u00e8mes tels que manger et boire (cela stimule l\u2019app\u00e9tit).<\/p>\n<\/div>\n<\/div>\n<\/div>\n<p>window.adminAccountId=222258222\u00a0;<\/p>","protected":false},"excerpt":{"rendered":"<p>Colliers \u00e9l\u00e9gants en zircon<\/p>","protected":false},"featured_media":12717,"comment_status":"open","ping_status":"closed","template":"","meta":[],"product_brand":[],"product_cat":[100],"product_tag":[],"class_list":{"0":"post-12716","1":"product","2":"type-product","3":"status-publish","4":"has-post-thumbnail","6":"product_cat-zirkon-kolye","8":"first","9":"outofstock","10":"taxable","11":"shipping-taxable","12":"purchasable","13":"product-type-simple"},"_links":{"self":[{"href":"https:\/\/www.xladyaccessories.com\/fr\/wp-json\/wp\/v2\/product\/12716","targetHints":{"allow":["GET"]}}],"collection":[{"href":"https:\/\/www.xladyaccessories.com\/fr\/wp-json\/wp\/v2\/product"}],"about":[{"href":"https:\/\/www.xladyaccessories.com\/fr\/wp-json\/wp\/v2\/types\/product"}],"replies":[{"embeddable":true,"href":"https:\/\/www.xladyaccessories.com\/fr\/wp-json\/wp\/v2\/comments?post=12716"}],"wp:featuredmedia":[{"embeddable":true,"href":"https:\/\/www.xladyaccessories.com\/fr\/wp-json\/wp\/v2\/media\/12717"}],"wp:attachment":[{"href":"https:\/\/www.xladyaccessories.com\/fr\/wp-json\/wp\/v2\/media?parent=12716"}],"wp:term":[{"taxonomy":"product_brand","embeddable":true,"href":"https:\/\/www.xladyaccessories.com\/fr\/wp-json\/wp\/v2\/product_brand?post=12716"},{"taxonomy":"product_cat","embeddable":true,"href":"https:\/\/www.xladyaccessories.com\/fr\/wp-json\/wp\/v2\/product_cat?post=12716"},{"taxonomy":"product_tag","embeddable":true,"href":"https:\/\/www.xladyaccessories.com\/fr\/wp-json\/wp\/v2\/product_tag?post=12716"}],"curies":[{"name":"wp","href":"https:\/\/api.w.org\/{rel}","templated":true}]}}