{"id":12519,"date":"2023-04-28T15:11:22","date_gmt":"2023-04-28T12:11:22","guid":{"rendered":"https:\/\/www.xladyaccessories.com\/urun\/inci-boncuklu-nedime-bileklik-2301\/"},"modified":"2026-04-18T09:17:03","modified_gmt":"2026-04-18T06:17:03","slug":"toptan-inci-boncuklu-nedime-bileklik-2301","status":"publish","type":"product","link":"https:\/\/www.xladyaccessories.com\/fr\/produit\/bracelet-de-demoiselle-dhonneur-en-perles-2301\/","title":{"rendered":"Toptan \u0130nci Boncuklu Nedime Bileklik &#8211; 2301"},"content":{"rendered":"<div>\n<div>\n<p>\u2022Nos produits sont dot\u00e9s d&#039;un rev\u00eatement antiallergique.<\/p>\n<p>\u2022Comme nous utilisons des min\u00e9raux sans nickel, nos produits ne provoquent pas d&#039;allergies.<\/p>\n<p>\u2022 Puisqu&#039;il est fabriqu\u00e9 \u00e0 partir de m\u00e9tal de haute qualit\u00e9, il ne se d\u00e9forme pas facilement et vous permet de l&#039;utiliser pendant longtemps.<\/p>\n<p>\u2022Notre produit a une taille r\u00e9glable.<\/p>\n<p>\u2022Vous pouvez ajuster le produit en fonction de votre poignet gr\u00e2ce \u00e0 la cha\u00eene d&#039;extension.<\/p>\n<p>\u2022Il ne noircit pas sauf s&#039;il entre en contact avec du parfum, de la cr\u00e8me, du d\u00e9sinfectant et des produits chimiques similaires.<\/p>\n<p>Un produit merveilleusement con\u00e7u qui ajoutera du naturel. Bracelet \u00e9l\u00e9gant qui embellira vos moments privil\u00e9gi\u00e9s et compl\u00e9tera votre style, vous faisant sentir pr\u00e9cieux \u00e0 chaque instant de votre vie.<\/p>\n<\/div>\n<\/div>","protected":false},"excerpt":{"rendered":"<p>Bracelets \u00e9l\u00e9gants<\/p>","protected":false},"featured_media":12522,"comment_status":"open","ping_status":"closed","template":"","meta":[],"product_brand":[],"product_cat":[42],"product_tag":[],"class_list":{"0":"post-12519","1":"product","2":"type-product","3":"status-publish","4":"has-post-thumbnail","6":"product_cat-bijuteri-bileklik","8":"first","9":"outofstock","10":"taxable","11":"shipping-taxable","12":"purchasable","13":"product-type-simple"},"_links":{"self":[{"href":"https:\/\/www.xladyaccessories.com\/fr\/wp-json\/wp\/v2\/product\/12519","targetHints":{"allow":["GET"]}}],"collection":[{"href":"https:\/\/www.xladyaccessories.com\/fr\/wp-json\/wp\/v2\/product"}],"about":[{"href":"https:\/\/www.xladyaccessories.com\/fr\/wp-json\/wp\/v2\/types\/product"}],"replies":[{"embeddable":true,"href":"https:\/\/www.xladyaccessories.com\/fr\/wp-json\/wp\/v2\/comments?post=12519"}],"wp:featuredmedia":[{"embeddable":true,"href":"https:\/\/www.xladyaccessories.com\/fr\/wp-json\/wp\/v2\/media\/12522"}],"wp:attachment":[{"href":"https:\/\/www.xladyaccessories.com\/fr\/wp-json\/wp\/v2\/media?parent=12519"}],"wp:term":[{"taxonomy":"product_brand","embeddable":true,"href":"https:\/\/www.xladyaccessories.com\/fr\/wp-json\/wp\/v2\/product_brand?post=12519"},{"taxonomy":"product_cat","embeddable":true,"href":"https:\/\/www.xladyaccessories.com\/fr\/wp-json\/wp\/v2\/product_cat?post=12519"},{"taxonomy":"product_tag","embeddable":true,"href":"https:\/\/www.xladyaccessories.com\/fr\/wp-json\/wp\/v2\/product_tag?post=12519"}],"curies":[{"name":"wp","href":"https:\/\/api.w.org\/{rel}","templated":true}]}}