{"id":12390,"date":"2023-04-08T17:34:23","date_gmt":"2023-04-08T14:34:23","guid":{"rendered":"https:\/\/www.xladyaccessories.com\/urun\/gumus-kaplama-siyah-renk-ayarlanabilir-gulen-yuz-sovalye-yuzuk-2299\/"},"modified":"2026-04-15T19:17:43","modified_gmt":"2026-04-15T16:17:43","slug":"toptan-gumus-kaplama-siyah-renk-ayarlanabilir-gulen-yuz-sovalye-yuzuk-2299","status":"publish","type":"product","link":"https:\/\/www.xladyaccessories.com\/fr\/produit\/bague-de-chevalier-avec-visage-souriant-plaque-argent-couleur-noire-reglable-2299\/","title":{"rendered":"Grossiste Bague de chevalier \u00e0 visage souriant r\u00e9glable, plaqu\u00e9e argent, de couleur noire - 2299"},"content":{"rendered":"<p>Des rev\u00eatements de premi\u00e8re qualit\u00e9 sont utilis\u00e9s dans nos produits, ils sont anti-allergiques et inoffensifs pour la sant\u00e9 humaine. Gr\u00e2ce \u00e0 son design r\u00e9glable, il convient \u00e0 toutes les tailles de doigts.<br \/>\n\u00a0<\/p>","protected":false},"excerpt":{"rendered":"<p>Accessoires X-Lady<\/p>","protected":false},"featured_media":12391,"comment_status":"open","ping_status":"closed","template":"","meta":[],"product_brand":[],"product_cat":[36],"product_tag":[],"class_list":{"0":"post-12390","1":"product","2":"type-product","3":"status-publish","4":"has-post-thumbnail","6":"product_cat-bijuteri-yuzuk","8":"first","9":"outofstock","10":"taxable","11":"shipping-taxable","12":"purchasable","13":"product-type-simple"},"_links":{"self":[{"href":"https:\/\/www.xladyaccessories.com\/fr\/wp-json\/wp\/v2\/product\/12390","targetHints":{"allow":["GET"]}}],"collection":[{"href":"https:\/\/www.xladyaccessories.com\/fr\/wp-json\/wp\/v2\/product"}],"about":[{"href":"https:\/\/www.xladyaccessories.com\/fr\/wp-json\/wp\/v2\/types\/product"}],"replies":[{"embeddable":true,"href":"https:\/\/www.xladyaccessories.com\/fr\/wp-json\/wp\/v2\/comments?post=12390"}],"wp:featuredmedia":[{"embeddable":true,"href":"https:\/\/www.xladyaccessories.com\/fr\/wp-json\/wp\/v2\/media\/12391"}],"wp:attachment":[{"href":"https:\/\/www.xladyaccessories.com\/fr\/wp-json\/wp\/v2\/media?parent=12390"}],"wp:term":[{"taxonomy":"product_brand","embeddable":true,"href":"https:\/\/www.xladyaccessories.com\/fr\/wp-json\/wp\/v2\/product_brand?post=12390"},{"taxonomy":"product_cat","embeddable":true,"href":"https:\/\/www.xladyaccessories.com\/fr\/wp-json\/wp\/v2\/product_cat?post=12390"},{"taxonomy":"product_tag","embeddable":true,"href":"https:\/\/www.xladyaccessories.com\/fr\/wp-json\/wp\/v2\/product_tag?post=12390"}],"curies":[{"name":"wp","href":"https:\/\/api.w.org\/{rel}","templated":true}]}}