{"id":12385,"date":"2023-04-08T17:31:50","date_gmt":"2023-04-08T14:31:50","guid":{"rendered":"https:\/\/www.xladyaccessories.com\/urun\/gumus-renk-turkuaz-mineli-gulen-surat-yuzuk-ayarlanabilir-her-parmaga-olur-2298\/"},"modified":"2026-04-17T09:21:01","modified_gmt":"2026-04-17T06:21:01","slug":"toptan-gumus-renk-turkuaz-mineli-gulen-surat-yuzuk-ayarlanabilir-her-parmaga-olur-2298","status":"publish","type":"product","link":"https:\/\/www.xladyaccessories.com\/fr\/produit\/bague-smiley-en-email-turquoise-couleur-argent-reglable-sadapte-a-tous-les-doigts-2298\/","title":{"rendered":"Grossiste Argent Couleur Turquoise Emaill\u00e9e Bague Smiley Face Ajustable Ajustable Pour Chaque Doigt - 2298"},"content":{"rendered":"<p>\u00a0Sa taille est ajustable et s&#039;adapte \u00e0 tous les doigts. M\u00e9tal : Bronze<\/p>\n<p>Rev\u00eatement sp\u00e9cial contre les allergies, l&#039;oxydation et le noircissement. Tant qu&#039;il est tenu \u00e0 l&#039;\u00e9cart des produits chimiques tels que la cr\u00e8me, l&#039;eau et le parfum, la dur\u00e9e d&#039;utilisation du produit est prolong\u00e9e.<\/p>","protected":false},"excerpt":{"rendered":"<p>Bagues \u00e9l\u00e9gantes<\/p>","protected":false},"featured_media":12388,"comment_status":"open","ping_status":"closed","template":"","meta":[],"product_brand":[],"product_cat":[36],"product_tag":[],"class_list":{"0":"post-12385","1":"product","2":"type-product","3":"status-publish","4":"has-post-thumbnail","6":"product_cat-bijuteri-yuzuk","8":"first","9":"instock","10":"taxable","11":"shipping-taxable","12":"purchasable","13":"product-type-simple"},"_links":{"self":[{"href":"https:\/\/www.xladyaccessories.com\/fr\/wp-json\/wp\/v2\/product\/12385","targetHints":{"allow":["GET"]}}],"collection":[{"href":"https:\/\/www.xladyaccessories.com\/fr\/wp-json\/wp\/v2\/product"}],"about":[{"href":"https:\/\/www.xladyaccessories.com\/fr\/wp-json\/wp\/v2\/types\/product"}],"replies":[{"embeddable":true,"href":"https:\/\/www.xladyaccessories.com\/fr\/wp-json\/wp\/v2\/comments?post=12385"}],"wp:featuredmedia":[{"embeddable":true,"href":"https:\/\/www.xladyaccessories.com\/fr\/wp-json\/wp\/v2\/media\/12388"}],"wp:attachment":[{"href":"https:\/\/www.xladyaccessories.com\/fr\/wp-json\/wp\/v2\/media?parent=12385"}],"wp:term":[{"taxonomy":"product_brand","embeddable":true,"href":"https:\/\/www.xladyaccessories.com\/fr\/wp-json\/wp\/v2\/product_brand?post=12385"},{"taxonomy":"product_cat","embeddable":true,"href":"https:\/\/www.xladyaccessories.com\/fr\/wp-json\/wp\/v2\/product_cat?post=12385"},{"taxonomy":"product_tag","embeddable":true,"href":"https:\/\/www.xladyaccessories.com\/fr\/wp-json\/wp\/v2\/product_tag?post=12385"}],"curies":[{"name":"wp","href":"https:\/\/api.w.org\/{rel}","templated":true}]}}