{"id":11937,"date":"2023-02-22T18:50:58","date_gmt":"2023-02-22T15:50:58","guid":{"rendered":"https:\/\/www.xladyaccessories.com\/urun\/gumus-renk-kelebek-kombin-yan-toka-2264\/"},"modified":"2026-04-15T19:17:37","modified_gmt":"2026-04-15T16:17:37","slug":"toptan-gumus-renk-kelebek-kombin-yan-toka-2264","status":"publish","type":"product","link":"https:\/\/www.xladyaccessories.com\/fr\/produit\/boucle-laterale-combinee-papillon-couleur-argent-2264\/","title":{"rendered":"Grossiste Boucle lat\u00e9rale combin\u00e9e papillon couleur argent - 2264"},"content":{"rendered":"<p>Vous pouvez cr\u00e9er votre propre style avec des produits \u00e0 boucles \u00e9l\u00e9gants.<\/p>\n<p>\u00a0<\/p>\n<p>Les cheveux font partie des parties du corps qui attirent l\u2019attention. Tout le monde, hommes, femmes ou enfants, doit s&#039;attacher les cheveux. Les personnes ayant des cheveux d&#039;une certaine longueur doivent se raser les cheveux pour \u00e9viter de transpirer, surtout par temps chaud.\u00a0<strong>fermoir<\/strong>\u00a0Collecte avec l&#039;aide de . Les accessoires sont produits sous de nombreuses formes et mat\u00e9riaux diff\u00e9rents.  Il existe de nombreux types d\u2019accessoires adapt\u00e9s \u00e0 de nombreux types de cheveux diff\u00e9rents dans l\u2019industrie.<\/p>\n<p>Les types d\u2019accessoires sont utilis\u00e9s non seulement pour leur belle apparence, mais \u00e9galement \u00e0 des fins diff\u00e9rentes. Les accessoires pour cheveux sont \u00e0 la fois \u00e9l\u00e9gants et aident \u00e0 attacher les cheveux.<\/p>\n<p>Les \u00e9pingles \u00e0 cheveux sont des accessoires qui permettent de rassembler et de fa\u00e7onner les cheveux. Les boucles en tricot et en tissu, tr\u00e8s populaires, sont souvent pr\u00e9f\u00e9r\u00e9es car elles semblent naturelles et \u00e9l\u00e9gantes.\u00a0<\/p>\n<p>La boucle peut \u00eatre fix\u00e9e de diff\u00e9rentes mani\u00e8res selon son mod\u00e8le et sa structure. Si vous aimez utiliser une boucle \u00e0 fl\u00e9chette, vous pouvez la porter sur la partie au-dessus de l&#039;oreille. Vous pouvez prendre une m\u00e8che de cheveux que vous avez s\u00e9par\u00e9e des deux c\u00f4t\u00e9s, la tresser, puis la fixer sur les c\u00f4t\u00e9s avec des \u00e9pingles \u00e0 cheveux. De m\u00eame, vous pouvez combiner les tresses \u00e0 l&#039;arri\u00e8re et fixer les cheveux ensemble avec des \u00e9pingles \u00e0 cheveux ou des pinces \u00e0 ruban. Si vous aimez relever vos cheveux, vous pouvez utiliser des boucles \u00e9lastiques perl\u00e9es, color\u00e9es ou unies. Vous pouvez r\u00e9cup\u00e9rer les cheveux de la couronne \u00e0 l&#039;aide d&#039;une boucle \u00e9lastique en tissu, puis attacher la boucle en tissu aux cheveux. Si vous souhaitez faire un chignon avec un \u00e9lastique, vous pouvez rassembler vos cheveux en d\u00e9sordre puis retirer une m\u00e8che de cheveux de vos favoris. De nombreuses coiffures peuvent \u00eatre r\u00e9alis\u00e9es avec des boucles \u00e0 loquet, qui offrent une utilisation \u00e9l\u00e9gante et fonctionnelle. Vous pouvez rassembler vos cheveux de mani\u00e8re d\u00e9sordonn\u00e9e et naturelle en utilisant une boucle \u00e0 loquet \u00e0 motifs, unie ou en cha\u00eene. Il est tout \u00e0 fait possible d&#039;obtenir un mod\u00e8le de queue de cheval styl\u00e9 en attachant la boucle de verrouillage aux cheveux par le haut.<\/p>\n<p>\u00a0<\/p>","protected":false},"excerpt":{"rendered":"<p>Boucles \u00e9l\u00e9gantes<\/p>","protected":false},"featured_media":11938,"comment_status":"open","ping_status":"closed","template":"","meta":[],"product_brand":[],"product_cat":[103],"product_tag":[],"class_list":{"0":"post-11937","1":"product","2":"type-product","3":"status-publish","4":"has-post-thumbnail","6":"product_cat-toka","8":"first","9":"outofstock","10":"taxable","11":"shipping-taxable","12":"purchasable","13":"product-type-simple"},"_links":{"self":[{"href":"https:\/\/www.xladyaccessories.com\/fr\/wp-json\/wp\/v2\/product\/11937","targetHints":{"allow":["GET"]}}],"collection":[{"href":"https:\/\/www.xladyaccessories.com\/fr\/wp-json\/wp\/v2\/product"}],"about":[{"href":"https:\/\/www.xladyaccessories.com\/fr\/wp-json\/wp\/v2\/types\/product"}],"replies":[{"embeddable":true,"href":"https:\/\/www.xladyaccessories.com\/fr\/wp-json\/wp\/v2\/comments?post=11937"}],"wp:featuredmedia":[{"embeddable":true,"href":"https:\/\/www.xladyaccessories.com\/fr\/wp-json\/wp\/v2\/media\/11938"}],"wp:attachment":[{"href":"https:\/\/www.xladyaccessories.com\/fr\/wp-json\/wp\/v2\/media?parent=11937"}],"wp:term":[{"taxonomy":"product_brand","embeddable":true,"href":"https:\/\/www.xladyaccessories.com\/fr\/wp-json\/wp\/v2\/product_brand?post=11937"},{"taxonomy":"product_cat","embeddable":true,"href":"https:\/\/www.xladyaccessories.com\/fr\/wp-json\/wp\/v2\/product_cat?post=11937"},{"taxonomy":"product_tag","embeddable":true,"href":"https:\/\/www.xladyaccessories.com\/fr\/wp-json\/wp\/v2\/product_tag?post=11937"}],"curies":[{"name":"wp","href":"https:\/\/api.w.org\/{rel}","templated":true}]}}