{"id":10856,"date":"2022-12-22T09:56:06","date_gmt":"2022-12-22T06:56:06","guid":{"rendered":"https:\/\/www.xladyaccessories.com\/urun\/altin-renk-yuvarlak-dorikali-3-incili-sf-dekor-kolye-2120\/"},"modified":"2026-04-05T09:16:30","modified_gmt":"2026-04-05T06:16:30","slug":"toptan-altin-renk-yuvarlak-dorikali-3-incili-sf-dekor-kolye-2120","status":"publish","type":"product","link":"https:\/\/www.xladyaccessories.com\/fr\/produit\/collier-dorica-rond-de-couleur-or-et-3-perles-decor-sf-2120\/","title":{"rendered":"Grossiste Collier Dorique Ronde 3 Perles Sf Decor Couleur Or - 2120"},"content":{"rendered":"<div>\n<div>100% Nouveau produit<\/div>\n<div>Type: Collier<\/div>\n<div>Mat\u00e9riel: Alliage<\/div>\n<\/div>\n<div>\u00a0<\/div>\n<div>Un bijou de qualit\u00e9.; Il ne contient pas de nickel ; C&#039;est antiallergique; Il ne noircit pas \u00e0 moins d&#039;\u00eatre touch\u00e9 par des produits chimiques\u00a0;<\/div>\n<div>\u00a0<\/div>\n<div>La dur\u00e9e d&#039;utilisation de l&#039;accessoire sera prolong\u00e9e \u00e0 condition qu&#039;il soit tenu \u00e0 l&#039;\u00e9cart du parfum, du savon, de l&#039;alcool et des produits chimiques similaires. Un rev\u00eatement protecteur sp\u00e9cial a \u00e9t\u00e9 appliqu\u00e9 sur le produit contre les allergies, l&#039;oxydation et le noircissement.<\/div>\n<div>\u00a0<\/div>\n<div>\u00a0<\/div>","protected":false},"excerpt":{"rendered":"<p>Accessoires X-Lady<\/p>","protected":false},"featured_media":10857,"comment_status":"open","ping_status":"closed","template":"","meta":[],"product_brand":[],"product_cat":[24],"product_tag":[],"class_list":{"0":"post-10856","1":"product","2":"type-product","3":"status-publish","4":"has-post-thumbnail","6":"product_cat-bijuteri-kolye","8":"first","9":"instock","10":"taxable","11":"shipping-taxable","12":"purchasable","13":"product-type-simple"},"_links":{"self":[{"href":"https:\/\/www.xladyaccessories.com\/fr\/wp-json\/wp\/v2\/product\/10856","targetHints":{"allow":["GET"]}}],"collection":[{"href":"https:\/\/www.xladyaccessories.com\/fr\/wp-json\/wp\/v2\/product"}],"about":[{"href":"https:\/\/www.xladyaccessories.com\/fr\/wp-json\/wp\/v2\/types\/product"}],"replies":[{"embeddable":true,"href":"https:\/\/www.xladyaccessories.com\/fr\/wp-json\/wp\/v2\/comments?post=10856"}],"wp:featuredmedia":[{"embeddable":true,"href":"https:\/\/www.xladyaccessories.com\/fr\/wp-json\/wp\/v2\/media\/10857"}],"wp:attachment":[{"href":"https:\/\/www.xladyaccessories.com\/fr\/wp-json\/wp\/v2\/media?parent=10856"}],"wp:term":[{"taxonomy":"product_brand","embeddable":true,"href":"https:\/\/www.xladyaccessories.com\/fr\/wp-json\/wp\/v2\/product_brand?post=10856"},{"taxonomy":"product_cat","embeddable":true,"href":"https:\/\/www.xladyaccessories.com\/fr\/wp-json\/wp\/v2\/product_cat?post=10856"},{"taxonomy":"product_tag","embeddable":true,"href":"https:\/\/www.xladyaccessories.com\/fr\/wp-json\/wp\/v2\/product_tag?post=10856"}],"curies":[{"name":"wp","href":"https:\/\/api.w.org\/{rel}","templated":true}]}}