{"id":10722,"date":"2022-10-29T14:43:27","date_gmt":"2022-10-29T11:43:27","guid":{"rendered":"https:\/\/www.xladyaccessories.com\/urun\/altin-renk-sf-ve-sarmal-zincir-katmanli-incili-halhal-2103\/"},"modified":"2026-04-21T04:47:00","modified_gmt":"2026-04-21T01:47:00","slug":"toptan-altin-renk-sf-ve-sarmal-zincir-katmanli-incili-halhal-2103","status":"publish","type":"product","link":"https:\/\/www.xladyaccessories.com\/fr\/produit\/grossiste-bracelet-de-cheville-en-perles-superposees-en-sf-et-chaine-en-spirale-de-couleur-doree-2103\/","title":{"rendered":"Bracelet de cheville en perles superpos\u00e9es, couleur or, argent et spirale, vente en gros \u2013 2103"},"content":{"rendered":"<div class=\"detailmodule_html\">\n<div class=\"detail-desc-decorate-richtext\">\n<div>\n<ul>\n<li>Ajustable. Il est recommand\u00e9 de le conserver \u00e0 l&#039;\u00e9cart des produits chimiques.<\/li>\n<li>Anti allerg\u00e8ne<\/li>\n<li>Bracelet<\/li>\n<\/ul>\n<p>\u00a0<\/p>\n<\/div>\n<\/div>\n<\/div>","protected":false},"excerpt":{"rendered":"<p>Bracelets de cheville \u00e9l\u00e9gants<\/p>","protected":false},"featured_media":10723,"comment_status":"open","ping_status":"closed","template":"","meta":[],"product_brand":[],"product_cat":[52],"product_tag":[],"class_list":{"0":"post-10722","1":"product","2":"type-product","3":"status-publish","4":"has-post-thumbnail","6":"product_cat-bijuteri-halhal","8":"first","9":"instock","10":"sale","11":"taxable","12":"shipping-taxable","13":"purchasable","14":"product-type-simple"},"_links":{"self":[{"href":"https:\/\/www.xladyaccessories.com\/fr\/wp-json\/wp\/v2\/product\/10722","targetHints":{"allow":["GET"]}}],"collection":[{"href":"https:\/\/www.xladyaccessories.com\/fr\/wp-json\/wp\/v2\/product"}],"about":[{"href":"https:\/\/www.xladyaccessories.com\/fr\/wp-json\/wp\/v2\/types\/product"}],"replies":[{"embeddable":true,"href":"https:\/\/www.xladyaccessories.com\/fr\/wp-json\/wp\/v2\/comments?post=10722"}],"wp:featuredmedia":[{"embeddable":true,"href":"https:\/\/www.xladyaccessories.com\/fr\/wp-json\/wp\/v2\/media\/10723"}],"wp:attachment":[{"href":"https:\/\/www.xladyaccessories.com\/fr\/wp-json\/wp\/v2\/media?parent=10722"}],"wp:term":[{"taxonomy":"product_brand","embeddable":true,"href":"https:\/\/www.xladyaccessories.com\/fr\/wp-json\/wp\/v2\/product_brand?post=10722"},{"taxonomy":"product_cat","embeddable":true,"href":"https:\/\/www.xladyaccessories.com\/fr\/wp-json\/wp\/v2\/product_cat?post=10722"},{"taxonomy":"product_tag","embeddable":true,"href":"https:\/\/www.xladyaccessories.com\/fr\/wp-json\/wp\/v2\/product_tag?post=10722"}],"curies":[{"name":"wp","href":"https:\/\/api.w.org\/{rel}","templated":true}]}}