{"id":10489,"date":"2022-10-20T07:54:15","date_gmt":"2022-10-20T04:54:15","guid":{"rendered":"https:\/\/www.xladyaccessories.com\/urun\/altin-renk-beyaz-tas-cok-tasli-yildiz-model-asansor-zirkon-bileklik-2024\/"},"modified":"2026-04-17T19:16:07","modified_gmt":"2026-04-17T16:16:07","slug":"toptan-altin-renk-beyaz-tas-cok-tasli-yildiz-model-asansor-zirkon-bileklik-2024","status":"publish","type":"product","link":"https:\/\/www.xladyaccessories.com\/fr\/produit\/toptan-altin-renk-beyaz-tas-cok-tasli-yildiz-model-asansor-zirkon-bileklik-2024\/","title":{"rendered":"Toptan Alt\u0131n Renk Beyaz Ta\u015f \u00c7ok Ta\u015fl\u0131 Y\u0131ld\u0131z Model Asans\u00f6r Zirkon Bileklik &#8211; 2024"},"content":{"rendered":"<p>Nos produits sont des pierres de zirconium originales<br \/>\nFabriqu\u00e9 en PLAQU\u00c9 OR<br \/>\nLongueur de la cha\u00eene : 21 cm<br \/>\nMat\u00e9riel:Bronze<\/p>\n<p>\u00a0<\/p>","protected":false},"excerpt":{"rendered":"<p>Bracelets \u00e9l\u00e9gants en zircone<\/p>","protected":false},"featured_media":10490,"comment_status":"open","ping_status":"closed","template":"","meta":[],"product_brand":[],"product_cat":[93],"product_tag":[],"class_list":{"0":"post-10489","1":"product","2":"type-product","3":"status-publish","4":"has-post-thumbnail","6":"product_cat-zirkon-bileklik","8":"first","9":"outofstock","10":"taxable","11":"shipping-taxable","12":"purchasable","13":"product-type-simple"},"_links":{"self":[{"href":"https:\/\/www.xladyaccessories.com\/fr\/wp-json\/wp\/v2\/product\/10489","targetHints":{"allow":["GET"]}}],"collection":[{"href":"https:\/\/www.xladyaccessories.com\/fr\/wp-json\/wp\/v2\/product"}],"about":[{"href":"https:\/\/www.xladyaccessories.com\/fr\/wp-json\/wp\/v2\/types\/product"}],"replies":[{"embeddable":true,"href":"https:\/\/www.xladyaccessories.com\/fr\/wp-json\/wp\/v2\/comments?post=10489"}],"wp:featuredmedia":[{"embeddable":true,"href":"https:\/\/www.xladyaccessories.com\/fr\/wp-json\/wp\/v2\/media\/10490"}],"wp:attachment":[{"href":"https:\/\/www.xladyaccessories.com\/fr\/wp-json\/wp\/v2\/media?parent=10489"}],"wp:term":[{"taxonomy":"product_brand","embeddable":true,"href":"https:\/\/www.xladyaccessories.com\/fr\/wp-json\/wp\/v2\/product_brand?post=10489"},{"taxonomy":"product_cat","embeddable":true,"href":"https:\/\/www.xladyaccessories.com\/fr\/wp-json\/wp\/v2\/product_cat?post=10489"},{"taxonomy":"product_tag","embeddable":true,"href":"https:\/\/www.xladyaccessories.com\/fr\/wp-json\/wp\/v2\/product_tag?post=10489"}],"curies":[{"name":"wp","href":"https:\/\/api.w.org\/{rel}","templated":true}]}}