{"id":10458,"date":"2022-10-20T07:50:25","date_gmt":"2022-10-20T04:50:25","guid":{"rendered":"https:\/\/www.xladyaccessories.com\/urun\/altin-renk-ay-yildiz-model-asansor-zirkon-bileklik-2017\/"},"modified":"2026-04-15T19:16:19","modified_gmt":"2026-04-15T16:16:19","slug":"toptan-altin-renk-ay-yildiz-model-asansor-zirkon-bileklik-2017","status":"publish","type":"product","link":"https:\/\/www.xladyaccessories.com\/fr\/produit\/bracelet-en-zircon-dore-en-forme-de-croissant-de-lune-modele-ascenseur-collection-2017\/","title":{"rendered":"Bracelet en zircon de couleur or avec \u00e9toile de lune mod\u00e8le ascenseur - 2017"},"content":{"rendered":"<p>Il n&#039;y a pas d&#039;option de couleur. Un m\u00e9lange de produits sur les photos sera envoy\u00e9 en fonction de la disponibilit\u00e9 des stocks.<\/p>\n<p>Nos produits sont des pierres de zirconium originales<br \/>\nFabriqu\u00e9 en PLAQU\u00c9 OR<br \/>\nLongueur de la cha\u00eene : 21 cm<br \/>\nMat\u00e9riel:Bronze<\/p>\n<p>\u00a0<\/p>","protected":false},"excerpt":{"rendered":"<p>Bracelets \u00e9l\u00e9gants en zircone<\/p>","protected":false},"featured_media":10459,"comment_status":"open","ping_status":"closed","template":"","meta":[],"product_brand":[],"product_cat":[93],"product_tag":[],"class_list":{"0":"post-10458","1":"product","2":"type-product","3":"status-publish","4":"has-post-thumbnail","6":"product_cat-zirkon-bileklik","8":"first","9":"outofstock","10":"taxable","11":"shipping-taxable","12":"purchasable","13":"product-type-simple"},"_links":{"self":[{"href":"https:\/\/www.xladyaccessories.com\/fr\/wp-json\/wp\/v2\/product\/10458","targetHints":{"allow":["GET"]}}],"collection":[{"href":"https:\/\/www.xladyaccessories.com\/fr\/wp-json\/wp\/v2\/product"}],"about":[{"href":"https:\/\/www.xladyaccessories.com\/fr\/wp-json\/wp\/v2\/types\/product"}],"replies":[{"embeddable":true,"href":"https:\/\/www.xladyaccessories.com\/fr\/wp-json\/wp\/v2\/comments?post=10458"}],"wp:featuredmedia":[{"embeddable":true,"href":"https:\/\/www.xladyaccessories.com\/fr\/wp-json\/wp\/v2\/media\/10459"}],"wp:attachment":[{"href":"https:\/\/www.xladyaccessories.com\/fr\/wp-json\/wp\/v2\/media?parent=10458"}],"wp:term":[{"taxonomy":"product_brand","embeddable":true,"href":"https:\/\/www.xladyaccessories.com\/fr\/wp-json\/wp\/v2\/product_brand?post=10458"},{"taxonomy":"product_cat","embeddable":true,"href":"https:\/\/www.xladyaccessories.com\/fr\/wp-json\/wp\/v2\/product_cat?post=10458"},{"taxonomy":"product_tag","embeddable":true,"href":"https:\/\/www.xladyaccessories.com\/fr\/wp-json\/wp\/v2\/product_tag?post=10458"}],"curies":[{"name":"wp","href":"https:\/\/api.w.org\/{rel}","templated":true}]}}