{"id":10362,"date":"2022-10-20T07:39:06","date_gmt":"2022-10-20T04:39:06","guid":{"rendered":"https:\/\/www.xladyaccessories.com\/urun\/altin-renk-ugur-bocegi-model-asansor-zirkon-bileklik-1996\/"},"modified":"2026-04-19T09:15:29","modified_gmt":"2026-04-19T06:15:29","slug":"toptan-altin-renk-ugur-bocegi-model-asansor-zirkon-bileklik-1996","status":"publish","type":"product","link":"https:\/\/www.xladyaccessories.com\/fr\/produit\/toptan-altin-renk-ugur-bocegi-model-asansor-zirkon-bileklik-1996\/","title":{"rendered":"Toptan Alt\u0131n Renk U\u011fur B\u00f6ce\u011fi Model Asans\u00f6r Zirkon Bileklik &#8211; 1996"},"content":{"rendered":"<p>Nos produits sont des pierres de zirconium originales<br \/>\nFabriqu\u00e9 comme REV\u00caTEMENT durable<br \/>\nLongueur de la cha\u00eene : 21 cm<br \/>\nMat\u00e9riel:Bronze<\/p>\n<p>\u00a0<\/p>","protected":false},"excerpt":{"rendered":"<p>Bracelets \u00e9l\u00e9gants en zircone<\/p>","protected":false},"featured_media":10363,"comment_status":"open","ping_status":"closed","template":"","meta":[],"product_brand":[],"product_cat":[93],"product_tag":[],"class_list":{"0":"post-10362","1":"product","2":"type-product","3":"status-publish","4":"has-post-thumbnail","6":"product_cat-zirkon-bileklik","8":"first","9":"outofstock","10":"taxable","11":"shipping-taxable","12":"purchasable","13":"product-type-simple"},"_links":{"self":[{"href":"https:\/\/www.xladyaccessories.com\/fr\/wp-json\/wp\/v2\/product\/10362","targetHints":{"allow":["GET"]}}],"collection":[{"href":"https:\/\/www.xladyaccessories.com\/fr\/wp-json\/wp\/v2\/product"}],"about":[{"href":"https:\/\/www.xladyaccessories.com\/fr\/wp-json\/wp\/v2\/types\/product"}],"replies":[{"embeddable":true,"href":"https:\/\/www.xladyaccessories.com\/fr\/wp-json\/wp\/v2\/comments?post=10362"}],"wp:featuredmedia":[{"embeddable":true,"href":"https:\/\/www.xladyaccessories.com\/fr\/wp-json\/wp\/v2\/media\/10363"}],"wp:attachment":[{"href":"https:\/\/www.xladyaccessories.com\/fr\/wp-json\/wp\/v2\/media?parent=10362"}],"wp:term":[{"taxonomy":"product_brand","embeddable":true,"href":"https:\/\/www.xladyaccessories.com\/fr\/wp-json\/wp\/v2\/product_brand?post=10362"},{"taxonomy":"product_cat","embeddable":true,"href":"https:\/\/www.xladyaccessories.com\/fr\/wp-json\/wp\/v2\/product_cat?post=10362"},{"taxonomy":"product_tag","embeddable":true,"href":"https:\/\/www.xladyaccessories.com\/fr\/wp-json\/wp\/v2\/product_tag?post=10362"}],"curies":[{"name":"wp","href":"https:\/\/api.w.org\/{rel}","templated":true}]}}