{"id":10242,"date":"2022-09-26T09:27:55","date_gmt":"2022-09-26T06:27:55","guid":{"rendered":"https:\/\/www.xladyaccessories.com\/urun\/gumus-renk-kirmizi-mineli-simsek-yildirim-kupe-1972\/"},"modified":"2026-04-27T09:16:02","modified_gmt":"2026-04-27T06:16:02","slug":"toptan-gumus-renk-kirmizi-mineli-simsek-yildirim-kupe-1972","status":"publish","type":"product","link":"https:\/\/www.xladyaccessories.com\/fr\/produit\/boucle-doreille-eclair-en-email-rouge-couleur-argent-1972\/","title":{"rendered":"Boucles d&#039;oreilles \u00e0 tige en \u00e9mail rouge couleur argent, vente en gros \u2013 1972"},"content":{"rendered":"<p>Mod\u00e8les de boucles d&#039;oreilles \u00e9l\u00e9gants<\/p>\n<ul id=\"content-descriptions-list\">\n<li>Un rev\u00eatement sp\u00e9cial a \u00e9t\u00e9 utilis\u00e9 contre le ternissement.<\/li>\n<li>Le contact avec des substances telles que la cr\u00e8me, le parfum et l&#039;alcool doit \u00eatre \u00e9vit\u00e9.<\/li>\n<\/ul>","protected":false},"excerpt":{"rendered":"<p>Mod\u00e8les de boucles d&#039;oreilles \u00e9l\u00e9gants<\/p>","protected":false},"featured_media":10243,"comment_status":"open","ping_status":"closed","template":"","meta":[],"product_brand":[],"product_cat":[91],"product_tag":[],"class_list":{"0":"post-10242","1":"product","2":"type-product","3":"status-publish","4":"has-post-thumbnail","6":"product_cat-bijuteri_kupe","8":"first","9":"outofstock","10":"taxable","11":"shipping-taxable","12":"purchasable","13":"product-type-simple"},"_links":{"self":[{"href":"https:\/\/www.xladyaccessories.com\/fr\/wp-json\/wp\/v2\/product\/10242","targetHints":{"allow":["GET"]}}],"collection":[{"href":"https:\/\/www.xladyaccessories.com\/fr\/wp-json\/wp\/v2\/product"}],"about":[{"href":"https:\/\/www.xladyaccessories.com\/fr\/wp-json\/wp\/v2\/types\/product"}],"replies":[{"embeddable":true,"href":"https:\/\/www.xladyaccessories.com\/fr\/wp-json\/wp\/v2\/comments?post=10242"}],"wp:featuredmedia":[{"embeddable":true,"href":"https:\/\/www.xladyaccessories.com\/fr\/wp-json\/wp\/v2\/media\/10243"}],"wp:attachment":[{"href":"https:\/\/www.xladyaccessories.com\/fr\/wp-json\/wp\/v2\/media?parent=10242"}],"wp:term":[{"taxonomy":"product_brand","embeddable":true,"href":"https:\/\/www.xladyaccessories.com\/fr\/wp-json\/wp\/v2\/product_brand?post=10242"},{"taxonomy":"product_cat","embeddable":true,"href":"https:\/\/www.xladyaccessories.com\/fr\/wp-json\/wp\/v2\/product_cat?post=10242"},{"taxonomy":"product_tag","embeddable":true,"href":"https:\/\/www.xladyaccessories.com\/fr\/wp-json\/wp\/v2\/product_tag?post=10242"}],"curies":[{"name":"wp","href":"https:\/\/api.w.org\/{rel}","templated":true}]}}