{"id":9839,"date":"2022-08-30T18:04:38","date_gmt":"2022-08-30T15:04:38","guid":{"rendered":"https:\/\/www.xladyaccessories.com\/urun\/altin-renk-2li-renkli-ucgen-citcit-toka-1830\/"},"modified":"2026-04-14T09:15:35","modified_gmt":"2026-04-14T06:15:35","slug":"toptan-altin-renk-2li-renkli-ucgen-citcit-toka-1830","status":"publish","type":"product","link":"https:\/\/www.xladyaccessories.com\/en\/product\/gold-color-2-color-triangular-cinch-buckle-1830\/","title":{"rendered":"Toptan Alt\u0131n Renk 2li  Renkli \u00dc\u00e7gen  \u00c7\u0131t\u00e7\u0131t Toka &#8211; 1830"},"content":{"rendered":"<p>Depending on stock availability, the products in the pictures will be sent as a mix.<\/p>\n<p>\u00a0<\/p>\n<p>Colorful snap buckle<\/p>\n<p>\n\u00a0<\/p>","protected":false},"excerpt":{"rendered":"<p>Stylish Buckles<\/p>","protected":false},"featured_media":9841,"comment_status":"open","ping_status":"closed","template":"","meta":[],"product_brand":[],"product_cat":[103],"product_tag":[],"class_list":{"0":"post-9839","1":"product","2":"type-product","3":"status-publish","4":"has-post-thumbnail","6":"product_cat-toka","8":"first","9":"outofstock","10":"taxable","11":"shipping-taxable","12":"purchasable","13":"product-type-simple"},"_links":{"self":[{"href":"https:\/\/www.xladyaccessories.com\/en\/wp-json\/wp\/v2\/product\/9839","targetHints":{"allow":["GET"]}}],"collection":[{"href":"https:\/\/www.xladyaccessories.com\/en\/wp-json\/wp\/v2\/product"}],"about":[{"href":"https:\/\/www.xladyaccessories.com\/en\/wp-json\/wp\/v2\/types\/product"}],"replies":[{"embeddable":true,"href":"https:\/\/www.xladyaccessories.com\/en\/wp-json\/wp\/v2\/comments?post=9839"}],"wp:featuredmedia":[{"embeddable":true,"href":"https:\/\/www.xladyaccessories.com\/en\/wp-json\/wp\/v2\/media\/9841"}],"wp:attachment":[{"href":"https:\/\/www.xladyaccessories.com\/en\/wp-json\/wp\/v2\/media?parent=9839"}],"wp:term":[{"taxonomy":"product_brand","embeddable":true,"href":"https:\/\/www.xladyaccessories.com\/en\/wp-json\/wp\/v2\/product_brand?post=9839"},{"taxonomy":"product_cat","embeddable":true,"href":"https:\/\/www.xladyaccessories.com\/en\/wp-json\/wp\/v2\/product_cat?post=9839"},{"taxonomy":"product_tag","embeddable":true,"href":"https:\/\/www.xladyaccessories.com\/en\/wp-json\/wp\/v2\/product_tag?post=9839"}],"curies":[{"name":"wp","href":"https:\/\/api.w.org\/{rel}","templated":true}]}}