{"id":7681,"date":"2022-06-13T08:32:56","date_gmt":"2022-06-13T05:32:56","guid":{"rendered":"https:\/\/www.xladyaccessories.com\/urun\/altin-renk-mengec-zirkon-kupe-1252\/"},"modified":"2024-06-27T09:19:41","modified_gmt":"2024-06-27T06:19:41","slug":"toptan-altin-renk-mengec-zirkon-kupe-1252","status":"publish","type":"product","link":"https:\/\/www.xladyaccessories.com\/en\/product\/toptan-altin-renk-mengec-zirkon-kupe-1252\/","title":{"rendered":"Toptan Alt\u0131n Renk Menge\u00e7  Zirkon K\u00fcpe &#8211; 1252"},"content":{"rendered":"<p>It is ZIRCON coating. IT DOES NOT DARKEN. For long-lasting use, the products should be washed with water, perfume, soap, etc. Avoid contact with substances. When not in use, keep it airtight without contact with other materials.<\/p>\n<p>The right of return cannot be used for Earrings in Retail Sales.<\/p>","protected":false},"excerpt":{"rendered":"<p>Stylish Zircon Earrings<\/p>","protected":false},"featured_media":7682,"comment_status":"open","ping_status":"closed","template":"","meta":[],"product_brand":[],"product_cat":[104],"product_tag":[],"class_list":{"0":"post-7681","1":"product","2":"type-product","3":"status-publish","4":"has-post-thumbnail","6":"product_cat-zirkon-kupe","8":"first","9":"outofstock","10":"taxable","11":"shipping-taxable","12":"purchasable","13":"product-type-simple"},"_links":{"self":[{"href":"https:\/\/www.xladyaccessories.com\/en\/wp-json\/wp\/v2\/product\/7681","targetHints":{"allow":["GET"]}}],"collection":[{"href":"https:\/\/www.xladyaccessories.com\/en\/wp-json\/wp\/v2\/product"}],"about":[{"href":"https:\/\/www.xladyaccessories.com\/en\/wp-json\/wp\/v2\/types\/product"}],"replies":[{"embeddable":true,"href":"https:\/\/www.xladyaccessories.com\/en\/wp-json\/wp\/v2\/comments?post=7681"}],"wp:featuredmedia":[{"embeddable":true,"href":"https:\/\/www.xladyaccessories.com\/en\/wp-json\/wp\/v2\/media\/7682"}],"wp:attachment":[{"href":"https:\/\/www.xladyaccessories.com\/en\/wp-json\/wp\/v2\/media?parent=7681"}],"wp:term":[{"taxonomy":"product_brand","embeddable":true,"href":"https:\/\/www.xladyaccessories.com\/en\/wp-json\/wp\/v2\/product_brand?post=7681"},{"taxonomy":"product_cat","embeddable":true,"href":"https:\/\/www.xladyaccessories.com\/en\/wp-json\/wp\/v2\/product_cat?post=7681"},{"taxonomy":"product_tag","embeddable":true,"href":"https:\/\/www.xladyaccessories.com\/en\/wp-json\/wp\/v2\/product_tag?post=7681"}],"curies":[{"name":"wp","href":"https:\/\/api.w.org\/{rel}","templated":true}]}}