{"id":5085,"date":"2022-01-20T16:51:20","date_gmt":"2022-01-20T13:51:20","guid":{"rendered":"https:\/\/www.xladyaccessories.com\/urun\/gumus-renk-siyah-mineli-yildiz-yonca-figurlu-kombin-kupe-720\/"},"modified":"2023-09-25T09:04:33","modified_gmt":"2023-09-25T06:04:33","slug":"toptan-gumus-renk-siyah-mineli-yildiz-yonca-figurlu-kombin-kupe-720","status":"publish","type":"product","link":"https:\/\/www.xladyaccessories.com\/en\/product\/silver-color-black-enamel-star-clover-figured-combination-earring-720\/","title":{"rendered":"Toptan G\u00fcm\u00fc\u015f Renk Siyah Mineli Y\u0131ld\u0131z Yonca Figurlu Kombin K\u00fcpe 720"},"content":{"rendered":"<p>Stylish earring models<\/p>\n<p>\u00a0<\/p>\n<ul id=\"content-descriptions-list\">\n<li>A special coating has been used against tarnishing.<\/li>\n<li>Contact with substances such as cream, perfume and alcohol should be avoided.<\/li>\n<\/ul>","protected":false},"excerpt":{"rendered":"<p>Stylish Earring Models<\/p>","protected":false},"featured_media":5086,"comment_status":"open","ping_status":"closed","template":"","meta":[],"product_brand":[],"product_cat":[91],"product_tag":[],"class_list":{"0":"post-5085","1":"product","2":"type-product","3":"status-publish","4":"has-post-thumbnail","6":"product_cat-bijuteri_kupe","8":"first","9":"outofstock","10":"taxable","11":"shipping-taxable","12":"purchasable","13":"product-type-simple"},"_links":{"self":[{"href":"https:\/\/www.xladyaccessories.com\/en\/wp-json\/wp\/v2\/product\/5085","targetHints":{"allow":["GET"]}}],"collection":[{"href":"https:\/\/www.xladyaccessories.com\/en\/wp-json\/wp\/v2\/product"}],"about":[{"href":"https:\/\/www.xladyaccessories.com\/en\/wp-json\/wp\/v2\/types\/product"}],"replies":[{"embeddable":true,"href":"https:\/\/www.xladyaccessories.com\/en\/wp-json\/wp\/v2\/comments?post=5085"}],"wp:featuredmedia":[{"embeddable":true,"href":"https:\/\/www.xladyaccessories.com\/en\/wp-json\/wp\/v2\/media\/5086"}],"wp:attachment":[{"href":"https:\/\/www.xladyaccessories.com\/en\/wp-json\/wp\/v2\/media?parent=5085"}],"wp:term":[{"taxonomy":"product_brand","embeddable":true,"href":"https:\/\/www.xladyaccessories.com\/en\/wp-json\/wp\/v2\/product_brand?post=5085"},{"taxonomy":"product_cat","embeddable":true,"href":"https:\/\/www.xladyaccessories.com\/en\/wp-json\/wp\/v2\/product_cat?post=5085"},{"taxonomy":"product_tag","embeddable":true,"href":"https:\/\/www.xladyaccessories.com\/en\/wp-json\/wp\/v2\/product_tag?post=5085"}],"curies":[{"name":"wp","href":"https:\/\/api.w.org\/{rel}","templated":true}]}}