{"id":4480,"date":"2021-12-02T18:16:43","date_gmt":"2021-12-02T15:16:43","guid":{"rendered":"https:\/\/www.xladyaccessories.com\/urun\/altin-renk-zirkon-tasli-kolye-deniz-yildizi-kolye\/"},"modified":"2026-04-19T19:10:38","modified_gmt":"2026-04-19T16:10:38","slug":"toptan-altin-renk-zirkon-tasli-kolye-deniz-yildizi-kolye","status":"publish","type":"product","link":"https:\/\/www.xladyaccessories.com\/en\/product\/gold-color-zircon-stone-necklace-starfish-necklace\/","title":{"rendered":"Wholesale Gold Color Zircon Stone Necklace Starfish Necklace"},"content":{"rendered":"<div class=\"detailmodule_html\">\n<div class=\"detail-desc-decorate-richtext\">\n<div>100% New Product<\/div>\n<div>Color: Gold Color<\/div>\n<div>Figure Size: 15 X 20 (mm.)<\/div>\n<div>Type: Zircon Stone Necklace<\/div>\n<div>Material: Brass<\/div>\n<div>\n<p>\u00a0<\/p>\n<p>ZIRCON STONE FEATURES<\/p>\n<p>Hardness: 7.5<\/p>\n<p>Specific Gravity: 3.9 \u2013 4.7<\/p>\n<p>Chemical Formula: ZrSiO4<\/p>\n<p>Color: Colorless, Brown, Green, Red, Yellow, Blue<\/p>\n<p>Main Countries of Origin: Australia<\/p>\n<p>Structural Features<\/p>\n<p>Its real color is brown. Before use, it is generally heated and waited for it to become transparent. It is one of the most famous stones in the jewelry class. This stone is also the most important source of the zirconium element. It is the most valuable and rare colorless zircon stone to be used as jewelry. It is similar to diamond and the only difference is that it is softer than diamond. It is soft (about 2.5 mohs).<\/p>\n<p>\u00a0<\/p>\n<p>Zircon Benefits<\/p>\n<p>This stone is one of the rare stones that is truly valuable and has many benefits. Zircon takes its name from the Persian word &quot;Zargun&quot;, which means golden color. Briefly and descriptively, the benefits of Zircon stone on humans are;<\/p>\n<p>It can be very beneficial on the digestive system. (In large and small intestine movements)<\/p>\n<p>Relaxes and facilitates sleep,<\/p>\n<p>It can speed up mental activities,<\/p>\n<p>It provides balance in the emotional field,<\/p>\n<p>It provides the person&#039;s energy balance,<\/p>\n<p>It provides both elegance and a faster sense of acceptance in society,<\/p>\n<p>It helps the person solve problems such as eating and drinking (it stimulates appetite).<\/p>\n<\/div>\n<\/div>\n<\/div>\n<p>window.adminAccountId=222258222;<\/p>","protected":false},"excerpt":{"rendered":"<p>100% Yeni \u00dcr\u00fcn Renk: Alt\u0131n Renk Fig\u00fcr Boyutu: 15 X 20\u00a0(mm.) T\u00fcr\u00fc: Zirkon Ta\u015fl\u0131 Kolye Ma\u011fzeme: Prin\u00e7 \u00a0 Z\u0130RKON TA\u015eI \u00d6ZELL\u0130KLER\u0130 Sertli\u011fi: 7.5 \u00d6zg\u00fcl A\u011f\u0131rl\u0131\u011f\u0131: 3.9 \u2013 4.7 Kimyasal Form\u00fcl\u00fc: ZrSiO4 Rengi: Renksiz, Kahverengi, Ye\u015fil, K\u0131rm\u0131z\u0131, Sar\u0131, Mavi \u00c7\u0131kar\u0131ld\u0131\u011f\u0131 Ba\u015fl\u0131ca \u00dclkeler: Avustralya Yap\u0131sal \u00d6zellikleri Ger\u00e7ek rengi kahverengidir. Kullanmadan \u00f6nce genel olarak \u0131s\u0131t\u0131l\u0131r ve \u015feffaf bir [&#8230;]","protected":false},"featured_media":4481,"comment_status":"open","ping_status":"closed","template":"","meta":[],"product_brand":[],"product_cat":[24],"product_tag":[],"class_list":{"0":"post-4480","1":"product","2":"type-product","3":"status-publish","4":"has-post-thumbnail","6":"product_cat-bijuteri-kolye","8":"first","9":"outofstock","10":"taxable","11":"shipping-taxable","12":"purchasable","13":"product-type-simple"},"_links":{"self":[{"href":"https:\/\/www.xladyaccessories.com\/en\/wp-json\/wp\/v2\/product\/4480","targetHints":{"allow":["GET"]}}],"collection":[{"href":"https:\/\/www.xladyaccessories.com\/en\/wp-json\/wp\/v2\/product"}],"about":[{"href":"https:\/\/www.xladyaccessories.com\/en\/wp-json\/wp\/v2\/types\/product"}],"replies":[{"embeddable":true,"href":"https:\/\/www.xladyaccessories.com\/en\/wp-json\/wp\/v2\/comments?post=4480"}],"wp:featuredmedia":[{"embeddable":true,"href":"https:\/\/www.xladyaccessories.com\/en\/wp-json\/wp\/v2\/media\/4481"}],"wp:attachment":[{"href":"https:\/\/www.xladyaccessories.com\/en\/wp-json\/wp\/v2\/media?parent=4480"}],"wp:term":[{"taxonomy":"product_brand","embeddable":true,"href":"https:\/\/www.xladyaccessories.com\/en\/wp-json\/wp\/v2\/product_brand?post=4480"},{"taxonomy":"product_cat","embeddable":true,"href":"https:\/\/www.xladyaccessories.com\/en\/wp-json\/wp\/v2\/product_cat?post=4480"},{"taxonomy":"product_tag","embeddable":true,"href":"https:\/\/www.xladyaccessories.com\/en\/wp-json\/wp\/v2\/product_tag?post=4480"}],"curies":[{"name":"wp","href":"https:\/\/api.w.org\/{rel}","templated":true}]}}