{"id":4345,"date":"2021-10-18T11:49:22","date_gmt":"2021-10-18T08:49:22","guid":{"rendered":"https:\/\/www.xladyaccessories.com\/urun\/altin-rengi-yildiz-motifli-sik-kadin-kolye\/"},"modified":"2026-04-17T13:47:05","modified_gmt":"2026-04-17T10:47:05","slug":"toptan-altin-rengi-yildiz-motifli-sik-kadin-kolye","status":"publish","type":"product","link":"https:\/\/www.xladyaccessories.com\/en\/product\/stylish-womens-necklace-with-gold-star-motif\/","title":{"rendered":"Wholesale Gold Color Stylish Women Necklace with Star Motif"},"content":{"rendered":"<p>100% New Product<\/p>\n<p>Color: Gold Color<\/p>\n<p>Metal:Alloy Necklace<\/p>\n<p>Style: women necklace<\/p>\n<p>Design: fashion jewelry<\/p>\n<p>Material: Alloy<\/p>\n<p>\u00a0<\/p>","protected":false},"excerpt":{"rendered":"<p>100% Yeni \u00dcr\u00fcn Renk: Altin Renk Metal:Ala\u015f\u0131m Kolye Stil: kad\u0131n kolye Tasar\u0131m: moda tak\u0131 Malzeme:\u00a0Ala\u015f\u0131m \u00a0<\/p>","protected":false},"featured_media":4346,"comment_status":"open","ping_status":"closed","template":"","meta":[],"product_brand":[],"product_cat":[24],"product_tag":[],"class_list":{"0":"post-4345","1":"product","2":"type-product","3":"status-publish","4":"has-post-thumbnail","6":"product_cat-bijuteri-kolye","8":"first","9":"instock","10":"taxable","11":"shipping-taxable","12":"purchasable","13":"product-type-simple"},"_links":{"self":[{"href":"https:\/\/www.xladyaccessories.com\/en\/wp-json\/wp\/v2\/product\/4345","targetHints":{"allow":["GET"]}}],"collection":[{"href":"https:\/\/www.xladyaccessories.com\/en\/wp-json\/wp\/v2\/product"}],"about":[{"href":"https:\/\/www.xladyaccessories.com\/en\/wp-json\/wp\/v2\/types\/product"}],"replies":[{"embeddable":true,"href":"https:\/\/www.xladyaccessories.com\/en\/wp-json\/wp\/v2\/comments?post=4345"}],"wp:featuredmedia":[{"embeddable":true,"href":"https:\/\/www.xladyaccessories.com\/en\/wp-json\/wp\/v2\/media\/4346"}],"wp:attachment":[{"href":"https:\/\/www.xladyaccessories.com\/en\/wp-json\/wp\/v2\/media?parent=4345"}],"wp:term":[{"taxonomy":"product_brand","embeddable":true,"href":"https:\/\/www.xladyaccessories.com\/en\/wp-json\/wp\/v2\/product_brand?post=4345"},{"taxonomy":"product_cat","embeddable":true,"href":"https:\/\/www.xladyaccessories.com\/en\/wp-json\/wp\/v2\/product_cat?post=4345"},{"taxonomy":"product_tag","embeddable":true,"href":"https:\/\/www.xladyaccessories.com\/en\/wp-json\/wp\/v2\/product_tag?post=4345"}],"curies":[{"name":"wp","href":"https:\/\/api.w.org\/{rel}","templated":true}]}}