{"id":4263,"date":"2021-09-28T17:54:10","date_gmt":"2021-09-28T14:54:10","guid":{"rendered":"https:\/\/www.xladyaccessories.com\/urun\/kadin-gold-renk-kilcik-model-tirtil-model-duz-crt-model-kararmaz-celik-kombin-bileklik\/"},"modified":"2026-04-17T19:56:17","modified_gmt":"2026-04-17T16:56:17","slug":"toptan-kadin-gold-renk-kilcik-model-tirtil-model-duz-crt-model-kararmaz-celik-kombin-bileklik","status":"publish","type":"product","link":"https:\/\/www.xladyaccessories.com\/en\/product\/womens-gold-color-kilcik-model-tirtil-model-plain-crt-model-tarnish-steel-combination-bracelet\/","title":{"rendered":"Wholesale Women&#039;s Gold Color Fishbone Model Caterpillar Model Plain CRT Model Tarnish-resistant Steel Combination Bracelet"},"content":{"rendered":"<p>Gold Plated Combination Bracelet.<\/p>\n<p>The usage time of the accessory will be extended as long as it is kept away from perfume, soap, alcohol and similar chemicals.<\/p>\n<p>A special protective coating has been applied on the product against allergy, oxidation and darkening.<\/p>\n<p>It is recommended to use it by keeping away from perfume, water, detergent and liquid chemicals.<\/p>","protected":false},"excerpt":{"rendered":"<p>Alt\u0131n Kaplama Kombin Bileklik . Parf\u00fcm, sabun, alkol ve benzeri kimyasal maddelerden uzak tutuldu\u011fu s\u00fcrece aksesuar\u0131n kullan\u0131m s\u00fcresi uzar. \u00dcr\u00fcn \u00fczerinde alerjiye, oksitlenmeye ve kararmaya kar\u015f\u0131 \u00f6zel korumal\u0131 kaplama uygulanm\u0131\u015ft\u0131r. Parf\u00fcm, su, deterjan ve s\u0131v\u0131 kimyasallardan uzak tutularak kullan\u0131lmas\u0131 tavsiye edilir.<\/p>","protected":false},"featured_media":4270,"comment_status":"open","ping_status":"closed","template":"","meta":[],"product_brand":[],"product_cat":[42],"product_tag":[],"class_list":{"0":"post-4263","1":"product","2":"type-product","3":"status-publish","4":"has-post-thumbnail","6":"product_cat-bijuteri-bileklik","8":"first","9":"instock","10":"taxable","11":"shipping-taxable","12":"purchasable","13":"product-type-simple"},"_links":{"self":[{"href":"https:\/\/www.xladyaccessories.com\/en\/wp-json\/wp\/v2\/product\/4263","targetHints":{"allow":["GET"]}}],"collection":[{"href":"https:\/\/www.xladyaccessories.com\/en\/wp-json\/wp\/v2\/product"}],"about":[{"href":"https:\/\/www.xladyaccessories.com\/en\/wp-json\/wp\/v2\/types\/product"}],"replies":[{"embeddable":true,"href":"https:\/\/www.xladyaccessories.com\/en\/wp-json\/wp\/v2\/comments?post=4263"}],"wp:featuredmedia":[{"embeddable":true,"href":"https:\/\/www.xladyaccessories.com\/en\/wp-json\/wp\/v2\/media\/4270"}],"wp:attachment":[{"href":"https:\/\/www.xladyaccessories.com\/en\/wp-json\/wp\/v2\/media?parent=4263"}],"wp:term":[{"taxonomy":"product_brand","embeddable":true,"href":"https:\/\/www.xladyaccessories.com\/en\/wp-json\/wp\/v2\/product_brand?post=4263"},{"taxonomy":"product_cat","embeddable":true,"href":"https:\/\/www.xladyaccessories.com\/en\/wp-json\/wp\/v2\/product_cat?post=4263"},{"taxonomy":"product_tag","embeddable":true,"href":"https:\/\/www.xladyaccessories.com\/en\/wp-json\/wp\/v2\/product_tag?post=4263"}],"curies":[{"name":"wp","href":"https:\/\/api.w.org\/{rel}","templated":true}]}}