{"id":4243,"date":"2021-09-21T19:17:51","date_gmt":"2021-09-21T16:17:51","guid":{"rendered":"https:\/\/www.xladyaccessories.com\/urun\/altin-kaplama-kombin-civi-tasli-ve-tassiz-kelepce-bileklik\/"},"modified":"2026-04-16T19:10:09","modified_gmt":"2026-04-16T16:10:09","slug":"toptan-altin-kaplama-kombin-civi-tasli-ve-tassiz-kelepce-bileklik","status":"publish","type":"product","link":"https:\/\/www.xladyaccessories.com\/en\/product\/gold-plated-combination-cuff-bracelet-with-and-without-stones\/","title":{"rendered":"Wholesale Gold Plated Combination Studs, Cuff Bracelet with and without Stones"},"content":{"rendered":"<p>Product Content<\/p>\n<p>Gold Color<\/p>\n<p>1 ea. Nail model Bracelet<\/p>\n<p>1 ea. Stone Model Bracelet<\/p>\n<p>1 ea. Stoneless Model Bracelet,<\/p>\n<p>It contains 3 products in total.<\/p>","protected":false},"excerpt":{"rendered":"<p>\u00dcr\u00fcn \u0130\u00e7eri\u011fi Alt\u0131n Renk 1 ad. \u00c7ivi model Bileklik 1 ad. Ta\u015fl\u0131 Model Bileklik 1 ad. Ta\u015fs\u0131z Model Bileklik, olamak \u00fczere Toplamda\u00a0 3 adet \u00fcr\u00fcn i\u00e7erir.<\/p>","protected":false},"featured_media":4244,"comment_status":"open","ping_status":"closed","template":"","meta":[],"product_brand":[],"product_cat":[42],"product_tag":[],"class_list":{"0":"post-4243","1":"product","2":"type-product","3":"status-publish","4":"has-post-thumbnail","6":"product_cat-bijuteri-bileklik","8":"first","9":"instock","10":"taxable","11":"shipping-taxable","12":"purchasable","13":"product-type-simple"},"_links":{"self":[{"href":"https:\/\/www.xladyaccessories.com\/en\/wp-json\/wp\/v2\/product\/4243","targetHints":{"allow":["GET"]}}],"collection":[{"href":"https:\/\/www.xladyaccessories.com\/en\/wp-json\/wp\/v2\/product"}],"about":[{"href":"https:\/\/www.xladyaccessories.com\/en\/wp-json\/wp\/v2\/types\/product"}],"replies":[{"embeddable":true,"href":"https:\/\/www.xladyaccessories.com\/en\/wp-json\/wp\/v2\/comments?post=4243"}],"wp:featuredmedia":[{"embeddable":true,"href":"https:\/\/www.xladyaccessories.com\/en\/wp-json\/wp\/v2\/media\/4244"}],"wp:attachment":[{"href":"https:\/\/www.xladyaccessories.com\/en\/wp-json\/wp\/v2\/media?parent=4243"}],"wp:term":[{"taxonomy":"product_brand","embeddable":true,"href":"https:\/\/www.xladyaccessories.com\/en\/wp-json\/wp\/v2\/product_brand?post=4243"},{"taxonomy":"product_cat","embeddable":true,"href":"https:\/\/www.xladyaccessories.com\/en\/wp-json\/wp\/v2\/product_cat?post=4243"},{"taxonomy":"product_tag","embeddable":true,"href":"https:\/\/www.xladyaccessories.com\/en\/wp-json\/wp\/v2\/product_tag?post=4243"}],"curies":[{"name":"wp","href":"https:\/\/api.w.org\/{rel}","templated":true}]}}