{"id":3766,"date":"2021-04-30T00:01:43","date_gmt":"2021-04-29T21:01:43","guid":{"rendered":"https:\/\/www.xladyaccessories.com\/urun\/kadin-gold-kaplama-toplu-kalin-zincir-tiffany-blanca-kupe\/"},"modified":"2026-04-09T09:09:59","modified_gmt":"2026-04-09T06:09:59","slug":"toptan-kadin-gold-kaplama-toplu-kalin-zincir-tiffany-blanca-kupe","status":"publish","type":"product","link":"https:\/\/www.xladyaccessories.com\/en\/product\/womens-gold-plated-bulk-thick-chain-tiffany-blanca-earrings\/","title":{"rendered":"Toptan Kad\u0131n Gold Kaplama Toplu Kal\u0131n Zincir Tiffany Blanca K\u00fcpe"},"content":{"rendered":"<p>The usage time of the accessory will be extended as long as it is kept away from perfume, soap, alcohol and similar chemicals. A special protective coating has been applied on the product against allergy, oxidation and darkening. The product will be sent with a kraft gift box<\/p>","protected":false},"excerpt":{"rendered":"<p>x-lady<\/p>","protected":false},"featured_media":3767,"comment_status":"open","ping_status":"closed","template":"","meta":[],"product_brand":[],"product_cat":[91],"product_tag":[],"class_list":{"0":"post-3766","1":"product","2":"type-product","3":"status-publish","4":"has-post-thumbnail","6":"product_cat-bijuteri_kupe","8":"first","9":"outofstock","10":"taxable","11":"shipping-taxable","12":"purchasable","13":"product-type-simple"},"_links":{"self":[{"href":"https:\/\/www.xladyaccessories.com\/en\/wp-json\/wp\/v2\/product\/3766","targetHints":{"allow":["GET"]}}],"collection":[{"href":"https:\/\/www.xladyaccessories.com\/en\/wp-json\/wp\/v2\/product"}],"about":[{"href":"https:\/\/www.xladyaccessories.com\/en\/wp-json\/wp\/v2\/types\/product"}],"replies":[{"embeddable":true,"href":"https:\/\/www.xladyaccessories.com\/en\/wp-json\/wp\/v2\/comments?post=3766"}],"wp:featuredmedia":[{"embeddable":true,"href":"https:\/\/www.xladyaccessories.com\/en\/wp-json\/wp\/v2\/media\/3767"}],"wp:attachment":[{"href":"https:\/\/www.xladyaccessories.com\/en\/wp-json\/wp\/v2\/media?parent=3766"}],"wp:term":[{"taxonomy":"product_brand","embeddable":true,"href":"https:\/\/www.xladyaccessories.com\/en\/wp-json\/wp\/v2\/product_brand?post=3766"},{"taxonomy":"product_cat","embeddable":true,"href":"https:\/\/www.xladyaccessories.com\/en\/wp-json\/wp\/v2\/product_cat?post=3766"},{"taxonomy":"product_tag","embeddable":true,"href":"https:\/\/www.xladyaccessories.com\/en\/wp-json\/wp\/v2\/product_tag?post=3766"}],"curies":[{"name":"wp","href":"https:\/\/api.w.org\/{rel}","templated":true}]}}