{"id":24283,"date":"2024-04-19T16:07:48","date_gmt":"2024-04-19T13:07:48","guid":{"rendered":"https:\/\/www.xladyaccessories.com\/urun\/gumus-rengi-yazi-yazilabilen-burgu-zincir-yonca-45-cm-vip-solmaz-kararmaz-celik-kolye-3040\/"},"modified":"2026-04-15T19:22:06","modified_gmt":"2026-04-15T16:22:06","slug":"toptan-gumus-rengi-yazi-yazilabilen-burgu-zincir-yonca-45-cm-vip-solmaz-kararmaz-celik-kolye-3040","status":"publish","type":"product","link":"https:\/\/www.xladyaccessories.com\/en\/product\/silver-color-writable-twist-chain-clover-45-cm-vip-fade-resistant-steel-necklace-3040\/","title":{"rendered":"Toptan G\u00fcm\u00fc\u015f Rengi Yaz\u0131 Yaz\u0131labilen Burgu Zincir  Yonca 45 Cm Vip Solmaz Kararmaz \u00c7elik Kolye &#8211; 3040"},"content":{"rendered":"<p>It does not darken or fade and is also anti-allergic.<br \/> It is made of the highest class of steel class.<br \/> This is why it is anti-allergic and color guaranteed.<br \/> Product material is steel and zircon stone.<\/p>\n<p> The models in our entire Steel Collection stand out with their affordable prices and durability.\u00a0<br \/> -Does not darken<\/p>\n<p>-Stainless<\/p>\n<p>-Suitable for daily use<\/p>\n<p>-Suitable for long-term use<\/p>\n<p>-Waterproof\u00a0<br \/> \u00a0<\/p>\n<p><strong>Technical Specifications of the Product:<\/strong><\/p>\n<ul>\n<li>Material is steel\u00a0<\/li>\n<li>Since it has successfully passed the allergy test, it is also suitable for sensitive skin.<\/li>\n<li>Since the material of the product is steel, you can use it in the shower, at sea, in laundry and dishwashing and similar places with peace of mind. It will not tarnish or rust.<\/li>\n<\/ul>\n<p><span style=\"font-size:11px\">Our products are Mass Production products. Depending on the market availability, minor differences may occur in the products without disrupting the main theme. Such as chain thickness, ring length and so on.<\/span><\/p>","protected":false},"excerpt":{"rendered":"<p>Stylish Steel Necklaces<\/p>","protected":false},"featured_media":24284,"comment_status":"closed","ping_status":"open","template":"","meta":[],"product_brand":[],"product_cat":[96],"product_tag":[],"class_list":{"0":"post-24283","1":"product","2":"type-product","3":"status-publish","4":"has-post-thumbnail","6":"product_cat-celik-kolye","8":"first","9":"outofstock","10":"taxable","11":"shipping-taxable","12":"purchasable","13":"product-type-simple"},"_links":{"self":[{"href":"https:\/\/www.xladyaccessories.com\/en\/wp-json\/wp\/v2\/product\/24283","targetHints":{"allow":["GET"]}}],"collection":[{"href":"https:\/\/www.xladyaccessories.com\/en\/wp-json\/wp\/v2\/product"}],"about":[{"href":"https:\/\/www.xladyaccessories.com\/en\/wp-json\/wp\/v2\/types\/product"}],"replies":[{"embeddable":true,"href":"https:\/\/www.xladyaccessories.com\/en\/wp-json\/wp\/v2\/comments?post=24283"}],"wp:featuredmedia":[{"embeddable":true,"href":"https:\/\/www.xladyaccessories.com\/en\/wp-json\/wp\/v2\/media\/24284"}],"wp:attachment":[{"href":"https:\/\/www.xladyaccessories.com\/en\/wp-json\/wp\/v2\/media?parent=24283"}],"wp:term":[{"taxonomy":"product_brand","embeddable":true,"href":"https:\/\/www.xladyaccessories.com\/en\/wp-json\/wp\/v2\/product_brand?post=24283"},{"taxonomy":"product_cat","embeddable":true,"href":"https:\/\/www.xladyaccessories.com\/en\/wp-json\/wp\/v2\/product_cat?post=24283"},{"taxonomy":"product_tag","embeddable":true,"href":"https:\/\/www.xladyaccessories.com\/en\/wp-json\/wp\/v2\/product_tag?post=24283"}],"curies":[{"name":"wp","href":"https:\/\/api.w.org\/{rel}","templated":true}]}}