{"id":12967,"date":"2023-06-02T11:00:23","date_gmt":"2023-06-02T08:00:23","guid":{"rendered":"https:\/\/www.xladyaccessories.com\/urun\/altin-renk-ezme-model-nazar-boncugu-detayli-yasam-cicegi-bileklik-2407\/"},"modified":"2026-04-16T09:18:15","modified_gmt":"2026-04-16T06:18:15","slug":"toptan-altin-renk-ezme-model-nazar-boncugu-detayli-yasam-cicegi-bileklik-2407","status":"publish","type":"product","link":"https:\/\/www.xladyaccessories.com\/en\/product\/gold-color-crushed-model-evil-eye-bead-detailed-flower-of-life-bracelet-2407\/","title":{"rendered":"Toptan Alt\u0131n Renk Ezme Model Nazar Boncu\u011fu Detayl\u0131 Ya\u015fam \u00c7i\u00e7e\u011fi Bileklik &#8211; 2407"},"content":{"rendered":"<p>100% New Product<\/p>\n<p>Type: Bracelet<\/p>\n<p>Material: Alloy<\/p>\n<p>\u00a0<\/p>\n<p>A quality jewelery.; It does not contain nickel; It is antiallergic; It does not darken unless touched by chemicals;<\/p>\n<p>The usage time of the accessory will be extended as long as it is kept away from perfume, soap, alcohol and similar chemicals.<\/p>\n<p>A special protective coating has been applied on the product against allergy, oxidation and darkening.<\/p>\n<p>It is recommended to use it by keeping away from perfume, water, detergent and liquid chemicals.<\/p>\n<p>It will add elegance to your elegance..<\/p>","protected":false},"excerpt":{"rendered":"<p>Stylish Bracelets<\/p>","protected":false},"featured_media":12968,"comment_status":"open","ping_status":"closed","template":"","meta":[],"product_brand":[],"product_cat":[42],"product_tag":[],"class_list":{"0":"post-12967","1":"product","2":"type-product","3":"status-publish","4":"has-post-thumbnail","6":"product_cat-bijuteri-bileklik","8":"first","9":"outofstock","10":"taxable","11":"shipping-taxable","12":"purchasable","13":"product-type-simple"},"_links":{"self":[{"href":"https:\/\/www.xladyaccessories.com\/en\/wp-json\/wp\/v2\/product\/12967","targetHints":{"allow":["GET"]}}],"collection":[{"href":"https:\/\/www.xladyaccessories.com\/en\/wp-json\/wp\/v2\/product"}],"about":[{"href":"https:\/\/www.xladyaccessories.com\/en\/wp-json\/wp\/v2\/types\/product"}],"replies":[{"embeddable":true,"href":"https:\/\/www.xladyaccessories.com\/en\/wp-json\/wp\/v2\/comments?post=12967"}],"wp:featuredmedia":[{"embeddable":true,"href":"https:\/\/www.xladyaccessories.com\/en\/wp-json\/wp\/v2\/media\/12968"}],"wp:attachment":[{"href":"https:\/\/www.xladyaccessories.com\/en\/wp-json\/wp\/v2\/media?parent=12967"}],"wp:term":[{"taxonomy":"product_brand","embeddable":true,"href":"https:\/\/www.xladyaccessories.com\/en\/wp-json\/wp\/v2\/product_brand?post=12967"},{"taxonomy":"product_cat","embeddable":true,"href":"https:\/\/www.xladyaccessories.com\/en\/wp-json\/wp\/v2\/product_cat?post=12967"},{"taxonomy":"product_tag","embeddable":true,"href":"https:\/\/www.xladyaccessories.com\/en\/wp-json\/wp\/v2\/product_tag?post=12967"}],"curies":[{"name":"wp","href":"https:\/\/api.w.org\/{rel}","templated":true}]}}