{"id":12808,"date":"2023-05-25T17:59:58","date_gmt":"2023-05-25T14:59:58","guid":{"rendered":"https:\/\/www.xladyaccessories.com\/urun\/altin-renk-kanat-model-tasli-kikirdak-kupe-2370\/"},"modified":"2026-04-17T09:21:34","modified_gmt":"2026-04-17T06:21:34","slug":"toptan-altin-renk-kanat-model-tasli-kikirdak-kupe-2370","status":"publish","type":"product","link":"https:\/\/www.xladyaccessories.com\/en\/product\/gold-color-wing-model-stone-cartilage-earring-2370\/","title":{"rendered":"Toptan Alt\u0131n Renk Kanat Model Ta\u015fl\u0131 K\u0131k\u0131rdak K\u00fcpe &#8211; 2370"},"content":{"rendered":"<div class=\"detailmodule_html\">\n<div class=\"detail-desc-decorate-richtext\">\n<ul>\n<li>\n<p>Our product is anti-allergic, does not darken or deteriorate, you can use it safely.\u00a0<\/p>\n<p>Stylish earring models<\/p>\n<\/li>\n<li>A special coating has been used against tarnishing.<\/li>\n<li>Contact with substances such as cream, perfume and alcohol should be avoided.<\/li>\n<\/ul>\n<p>\u00a0<\/p>\n<\/div>\n<\/div>","protected":false},"excerpt":{"rendered":"<p>Stylish Earrings<\/p>","protected":false},"featured_media":12809,"comment_status":"open","ping_status":"closed","template":"","meta":[],"product_brand":[],"product_cat":[91],"product_tag":[],"class_list":{"0":"post-12808","1":"product","2":"type-product","3":"status-publish","4":"has-post-thumbnail","6":"product_cat-bijuteri_kupe","8":"first","9":"outofstock","10":"taxable","11":"shipping-taxable","12":"purchasable","13":"product-type-simple"},"_links":{"self":[{"href":"https:\/\/www.xladyaccessories.com\/en\/wp-json\/wp\/v2\/product\/12808","targetHints":{"allow":["GET"]}}],"collection":[{"href":"https:\/\/www.xladyaccessories.com\/en\/wp-json\/wp\/v2\/product"}],"about":[{"href":"https:\/\/www.xladyaccessories.com\/en\/wp-json\/wp\/v2\/types\/product"}],"replies":[{"embeddable":true,"href":"https:\/\/www.xladyaccessories.com\/en\/wp-json\/wp\/v2\/comments?post=12808"}],"wp:featuredmedia":[{"embeddable":true,"href":"https:\/\/www.xladyaccessories.com\/en\/wp-json\/wp\/v2\/media\/12809"}],"wp:attachment":[{"href":"https:\/\/www.xladyaccessories.com\/en\/wp-json\/wp\/v2\/media?parent=12808"}],"wp:term":[{"taxonomy":"product_brand","embeddable":true,"href":"https:\/\/www.xladyaccessories.com\/en\/wp-json\/wp\/v2\/product_brand?post=12808"},{"taxonomy":"product_cat","embeddable":true,"href":"https:\/\/www.xladyaccessories.com\/en\/wp-json\/wp\/v2\/product_cat?post=12808"},{"taxonomy":"product_tag","embeddable":true,"href":"https:\/\/www.xladyaccessories.com\/en\/wp-json\/wp\/v2\/product_tag?post=12808"}],"curies":[{"name":"wp","href":"https:\/\/api.w.org\/{rel}","templated":true}]}}