{"id":9288,"date":"2022-08-02T18:58:00","date_gmt":"2022-08-02T15:58:00","guid":{"rendered":"https:\/\/www.xladyaccessories.com\/urun\/altin-renk-cicek-model-bros-1732\/"},"modified":"2026-04-14T09:14:55","modified_gmt":"2026-04-14T06:14:55","slug":"toptan-altin-renk-cicek-model-bros-1732","status":"publish","type":"product","link":"https:\/\/www.xladyaccessories.com\/de\/produkt\/goldfarbenes-blumenmodell-bros-1732\/","title":{"rendered":"Gro\u00dfhandel Gold Farbe Blume Modell Brosche - 1732"},"content":{"rendered":"<p>Stilvolle Broschenmodelle<\/p>\n<p>Kann als Anstecknadel oder Schalnadel verwendet werden.<\/p>\n<p>Mit Broschen k\u00f6nnen Sie Ihren Schals, T\u00fcchern und Kleidungsst\u00fccken Eleganz verleihen.<\/p>\n<p>Die Brosche offenbart Ihre kreative Seite. Es ver\u00e4ndert das Aussehen Ihrer Kleidung und verleiht Ihrem Stil Eleganz. Mit der Brosche, die von Frauen verwendet wird, die ihren einzigartigen Stil betonen m\u00f6chten, ist es m\u00f6glich, Eleganz zu erreichen, ohne dass ein anderes Accessoire erforderlich ist.<\/p>\n<p>Sie k\u00f6nnen Broschen mit Ihrem eigenen Stil kombinieren und sie nicht nur an Kragen und Jacken, sondern auch in Ihrer Alltagskleidung verwenden; Sie k\u00f6nnen einen anderen Stil erreichen, indem Sie Kleider, M\u00e4ntel, T-Shirts, Westen, Hemden, Tuniken, Stirnb\u00e4nder, M\u00fctzen, Schals, T\u00fccher und Taschen kombinieren.<\/p>","protected":false},"excerpt":{"rendered":"<p>Stilvolle Broschenmodelle<\/p>","protected":false},"featured_media":9289,"comment_status":"open","ping_status":"closed","template":"","meta":[],"product_brand":[],"product_cat":[25],"product_tag":[],"class_list":{"0":"post-9288","1":"product","2":"type-product","3":"status-publish","4":"has-post-thumbnail","6":"product_cat-bijuteri-bros","8":"first","9":"outofstock","10":"taxable","11":"shipping-taxable","12":"purchasable","13":"product-type-simple"},"_links":{"self":[{"href":"https:\/\/www.xladyaccessories.com\/de\/wp-json\/wp\/v2\/product\/9288","targetHints":{"allow":["GET"]}}],"collection":[{"href":"https:\/\/www.xladyaccessories.com\/de\/wp-json\/wp\/v2\/product"}],"about":[{"href":"https:\/\/www.xladyaccessories.com\/de\/wp-json\/wp\/v2\/types\/product"}],"replies":[{"embeddable":true,"href":"https:\/\/www.xladyaccessories.com\/de\/wp-json\/wp\/v2\/comments?post=9288"}],"wp:featuredmedia":[{"embeddable":true,"href":"https:\/\/www.xladyaccessories.com\/de\/wp-json\/wp\/v2\/media\/9289"}],"wp:attachment":[{"href":"https:\/\/www.xladyaccessories.com\/de\/wp-json\/wp\/v2\/media?parent=9288"}],"wp:term":[{"taxonomy":"product_brand","embeddable":true,"href":"https:\/\/www.xladyaccessories.com\/de\/wp-json\/wp\/v2\/product_brand?post=9288"},{"taxonomy":"product_cat","embeddable":true,"href":"https:\/\/www.xladyaccessories.com\/de\/wp-json\/wp\/v2\/product_cat?post=9288"},{"taxonomy":"product_tag","embeddable":true,"href":"https:\/\/www.xladyaccessories.com\/de\/wp-json\/wp\/v2\/product_tag?post=9288"}],"curies":[{"name":"wp","href":"https:\/\/api.w.org\/{rel}","templated":true}]}}