{"id":8715,"date":"2022-07-08T17:00:50","date_gmt":"2022-07-08T14:00:50","guid":{"rendered":"https:\/\/www.xladyaccessories.com\/urun\/altin-rose-gumus-renk-celik-uc-renk-italyan-kolye-1430\/"},"modified":"2026-04-14T09:13:56","modified_gmt":"2026-04-14T06:13:56","slug":"toptan-altin-rose-gumus-renk-celik-uc-renk-italyan-kolye-1430","status":"publish","type":"product","link":"https:\/\/www.xladyaccessories.com\/de\/produkt\/dreifarbige-italienische-halskette-aus-goldfarbenem-rosesilberfarbenem-stahl-aus-dem-jahr-1430\/","title":{"rendered":"Gro\u00dfhandel Gold Rose Silber Farbe Stahl drei Farbe Italienisch Halskette - 1430"},"content":{"rendered":"<p>Es verdunkelt oder verblasst nicht und ist zudem antiallergisch.<br \/>\nEs besteht aus Stahl der h\u00f6chsten Klasse.<br \/>\nDeshalb ist es antiallergisch und farbgarantiert.<br \/>\nProduktmaterial ist Stahl und Zirkonstein.<\/p>\n<p>\nDie Modelle unserer gesamten Covering-Kollektion zeichnen sich durch g\u00fcnstige Preise und Langlebigkeit aus.\u00a0<br \/>\n- Verdunkelt sich nicht<\/p>\n<p>-Edelstahl<\/p>\n<p>-Geeignet f\u00fcr den t\u00e4glichen Gebrauch<\/p>\n<p>-Geeignet f\u00fcr den Langzeitgebrauch<\/p>\n<p>-Wasserdicht\u00a0<br \/>\n\u00a0<\/p>\n<p><strong>Technische Spezifikationen des Produkts:<\/strong><\/p>\n<ul>\n<li>Material ist Stahl\u00a0<\/li>\n<li>Da es den Allergietest erfolgreich bestanden hat, ist es auch f\u00fcr empfindliche Haut geeignet.<\/li>\n<li>Da das Material des Produkts aus Stahl besteht, k\u00f6nnen Sie es beruhigt unter der Dusche, auf See, in der W\u00e4scherei, beim Geschirrsp\u00fclen und an \u00e4hnlichen Orten verwenden.<\/li>\n<\/ul>\n<p>\u00a0<\/p>","protected":false},"excerpt":{"rendered":"<p>Stilvolle Modelle mit Stahlhalsketten<\/p>","protected":false},"featured_media":8716,"comment_status":"open","ping_status":"closed","template":"","meta":[],"product_brand":[],"product_cat":[96],"product_tag":[],"class_list":{"0":"post-8715","1":"product","2":"type-product","3":"status-publish","4":"has-post-thumbnail","6":"product_cat-celik-kolye","8":"first","9":"outofstock","10":"taxable","11":"shipping-taxable","12":"purchasable","13":"product-type-simple"},"_links":{"self":[{"href":"https:\/\/www.xladyaccessories.com\/de\/wp-json\/wp\/v2\/product\/8715","targetHints":{"allow":["GET"]}}],"collection":[{"href":"https:\/\/www.xladyaccessories.com\/de\/wp-json\/wp\/v2\/product"}],"about":[{"href":"https:\/\/www.xladyaccessories.com\/de\/wp-json\/wp\/v2\/types\/product"}],"replies":[{"embeddable":true,"href":"https:\/\/www.xladyaccessories.com\/de\/wp-json\/wp\/v2\/comments?post=8715"}],"wp:featuredmedia":[{"embeddable":true,"href":"https:\/\/www.xladyaccessories.com\/de\/wp-json\/wp\/v2\/media\/8716"}],"wp:attachment":[{"href":"https:\/\/www.xladyaccessories.com\/de\/wp-json\/wp\/v2\/media?parent=8715"}],"wp:term":[{"taxonomy":"product_brand","embeddable":true,"href":"https:\/\/www.xladyaccessories.com\/de\/wp-json\/wp\/v2\/product_brand?post=8715"},{"taxonomy":"product_cat","embeddable":true,"href":"https:\/\/www.xladyaccessories.com\/de\/wp-json\/wp\/v2\/product_cat?post=8715"},{"taxonomy":"product_tag","embeddable":true,"href":"https:\/\/www.xladyaccessories.com\/de\/wp-json\/wp\/v2\/product_tag?post=8715"}],"curies":[{"name":"wp","href":"https:\/\/api.w.org\/{rel}","templated":true}]}}