{"id":8138,"date":"2022-06-22T18:44:53","date_gmt":"2022-06-22T15:44:53","guid":{"rendered":"https:\/\/www.xladyaccessories.com\/urun\/altin-renk-mengec-sallantili-zirkon-kupe-1357\/"},"modified":"2024-06-27T09:20:43","modified_gmt":"2024-06-27T06:20:43","slug":"toptan-altin-renk-mengec-sallantili-zirkon-kupe-1357","status":"publish","type":"product","link":"https:\/\/www.xladyaccessories.com\/de\/produkt\/goldfarbener-mengec-ohrring-mit-zirkonia-1357\/","title":{"rendered":"Toptan Alt\u0131n Renk Menge\u00e7 Sallant\u0131l\u0131 Zirkon K\u00fcpe &#8211; 1357"},"content":{"rendered":"<p>Es handelt sich um eine ZIRKON-Beschichtung. ES VERDUNKELT NICHT. F\u00fcr eine dauerhafte Verwendung sollten die Produkte mit Wasser, Parf\u00fcm, Seife usw. gewaschen werden. Kontakt mit Substanzen vermeiden. Bewahren Sie es bei Nichtgebrauch an einem luftdichten Ort ohne Kontakt mit anderen Materialien auf.<\/p>","protected":false},"excerpt":{"rendered":"<p>Stilvolle Zirkon-Ohrringe<\/p>","protected":false},"featured_media":8140,"comment_status":"open","ping_status":"closed","template":"","meta":[],"product_brand":[],"product_cat":[104],"product_tag":[],"class_list":{"0":"post-8138","1":"product","2":"type-product","3":"status-publish","4":"has-post-thumbnail","6":"product_cat-zirkon-kupe","8":"first","9":"outofstock","10":"taxable","11":"shipping-taxable","12":"purchasable","13":"product-type-simple"},"_links":{"self":[{"href":"https:\/\/www.xladyaccessories.com\/de\/wp-json\/wp\/v2\/product\/8138","targetHints":{"allow":["GET"]}}],"collection":[{"href":"https:\/\/www.xladyaccessories.com\/de\/wp-json\/wp\/v2\/product"}],"about":[{"href":"https:\/\/www.xladyaccessories.com\/de\/wp-json\/wp\/v2\/types\/product"}],"replies":[{"embeddable":true,"href":"https:\/\/www.xladyaccessories.com\/de\/wp-json\/wp\/v2\/comments?post=8138"}],"wp:featuredmedia":[{"embeddable":true,"href":"https:\/\/www.xladyaccessories.com\/de\/wp-json\/wp\/v2\/media\/8140"}],"wp:attachment":[{"href":"https:\/\/www.xladyaccessories.com\/de\/wp-json\/wp\/v2\/media?parent=8138"}],"wp:term":[{"taxonomy":"product_brand","embeddable":true,"href":"https:\/\/www.xladyaccessories.com\/de\/wp-json\/wp\/v2\/product_brand?post=8138"},{"taxonomy":"product_cat","embeddable":true,"href":"https:\/\/www.xladyaccessories.com\/de\/wp-json\/wp\/v2\/product_cat?post=8138"},{"taxonomy":"product_tag","embeddable":true,"href":"https:\/\/www.xladyaccessories.com\/de\/wp-json\/wp\/v2\/product_tag?post=8138"}],"curies":[{"name":"wp","href":"https:\/\/api.w.org\/{rel}","templated":true}]}}