{"id":7704,"date":"2022-06-13T08:42:07","date_gmt":"2022-06-13T05:42:07","guid":{"rendered":"https:\/\/www.xladyaccessories.com\/urun\/gumus-renk-mengec-zirkon-kupe-1257\/"},"modified":"2024-06-27T09:19:43","modified_gmt":"2024-06-27T06:19:43","slug":"toptan-gumus-renk-mengec-zirkon-kupe-1257","status":"publish","type":"product","link":"https:\/\/www.xladyaccessories.com\/de\/produkt\/toptan-gumus-renk-mengec-zirkon-kupe-1257\/","title":{"rendered":"Toptan G\u00fcm\u00fc\u015f Renk Menge\u00e7  Zirkon K\u00fcpe &#8211; 1257"},"content":{"rendered":"<p>Es handelt sich um eine ZIRKON-Beschichtung. ES VERDUNKELT NICHT. F\u00fcr eine dauerhafte Verwendung sollten die Produkte mit Wasser, Parf\u00fcm, Seife usw. gewaschen werden. Kontakt mit Substanzen vermeiden. Bewahren Sie es bei Nichtgebrauch an einem luftdichten Ort ohne Kontakt mit anderen Materialien auf.<\/p>\n<p>F\u00fcr Ohrringe im Einzelverkauf kann das R\u00fcckgaberecht nicht in Anspruch genommen werden.<\/p>","protected":false},"excerpt":{"rendered":"<p>Stilvolle Zirkon-Ohrringe<\/p>","protected":false},"featured_media":7705,"comment_status":"open","ping_status":"closed","template":"","meta":[],"product_brand":[],"product_cat":[104],"product_tag":[],"class_list":{"0":"post-7704","1":"product","2":"type-product","3":"status-publish","4":"has-post-thumbnail","6":"product_cat-zirkon-kupe","8":"first","9":"outofstock","10":"taxable","11":"shipping-taxable","12":"purchasable","13":"product-type-simple"},"_links":{"self":[{"href":"https:\/\/www.xladyaccessories.com\/de\/wp-json\/wp\/v2\/product\/7704","targetHints":{"allow":["GET"]}}],"collection":[{"href":"https:\/\/www.xladyaccessories.com\/de\/wp-json\/wp\/v2\/product"}],"about":[{"href":"https:\/\/www.xladyaccessories.com\/de\/wp-json\/wp\/v2\/types\/product"}],"replies":[{"embeddable":true,"href":"https:\/\/www.xladyaccessories.com\/de\/wp-json\/wp\/v2\/comments?post=7704"}],"wp:featuredmedia":[{"embeddable":true,"href":"https:\/\/www.xladyaccessories.com\/de\/wp-json\/wp\/v2\/media\/7705"}],"wp:attachment":[{"href":"https:\/\/www.xladyaccessories.com\/de\/wp-json\/wp\/v2\/media?parent=7704"}],"wp:term":[{"taxonomy":"product_brand","embeddable":true,"href":"https:\/\/www.xladyaccessories.com\/de\/wp-json\/wp\/v2\/product_brand?post=7704"},{"taxonomy":"product_cat","embeddable":true,"href":"https:\/\/www.xladyaccessories.com\/de\/wp-json\/wp\/v2\/product_cat?post=7704"},{"taxonomy":"product_tag","embeddable":true,"href":"https:\/\/www.xladyaccessories.com\/de\/wp-json\/wp\/v2\/product_tag?post=7704"}],"curies":[{"name":"wp","href":"https:\/\/api.w.org\/{rel}","templated":true}]}}