{"id":5738,"date":"2022-03-02T20:28:34","date_gmt":"2022-03-02T17:28:34","guid":{"rendered":"https:\/\/www.xladyaccessories.com\/urun\/gumus-renk-civi-ve-tasli-cartier-bileklik-set-945\/"},"modified":"2026-04-14T22:26:19","modified_gmt":"2026-04-14T19:26:19","slug":"toptan-gumus-renk-civi-ve-tasli-cartier-bileklik-set-945","status":"publish","type":"product","link":"https:\/\/www.xladyaccessories.com\/de\/produkt\/silberfarbenes-cartier-armbandset-aus-nagel-und-stein-945\/","title":{"rendered":"Gro\u00dfhandel Silber Farbe Stud und Stein Cartier Armband Set 945"},"content":{"rendered":"<p>GEEIGNET F\u00dcR DEN T\u00c4GLICHEN GEBRAUCH. ES IST ANTIALLERGEN.<br \/>\u00a01 Nagelarmband<\/p>\n<p>Bestehend aus 1 Cartier-Steinarmband<\/p>\n<p>\u00a0<\/p>","protected":false},"excerpt":{"rendered":"<p>Stilvolle Armb\u00e4nder<\/p>","protected":false},"featured_media":5739,"comment_status":"open","ping_status":"closed","template":"","meta":[],"product_brand":[],"product_cat":[42],"product_tag":[],"class_list":{"0":"post-5738","1":"product","2":"type-product","3":"status-publish","4":"has-post-thumbnail","6":"product_cat-bijuteri-bileklik","8":"first","9":"instock","10":"taxable","11":"shipping-taxable","12":"purchasable","13":"product-type-simple"},"_links":{"self":[{"href":"https:\/\/www.xladyaccessories.com\/de\/wp-json\/wp\/v2\/product\/5738","targetHints":{"allow":["GET"]}}],"collection":[{"href":"https:\/\/www.xladyaccessories.com\/de\/wp-json\/wp\/v2\/product"}],"about":[{"href":"https:\/\/www.xladyaccessories.com\/de\/wp-json\/wp\/v2\/types\/product"}],"replies":[{"embeddable":true,"href":"https:\/\/www.xladyaccessories.com\/de\/wp-json\/wp\/v2\/comments?post=5738"}],"wp:featuredmedia":[{"embeddable":true,"href":"https:\/\/www.xladyaccessories.com\/de\/wp-json\/wp\/v2\/media\/5739"}],"wp:attachment":[{"href":"https:\/\/www.xladyaccessories.com\/de\/wp-json\/wp\/v2\/media?parent=5738"}],"wp:term":[{"taxonomy":"product_brand","embeddable":true,"href":"https:\/\/www.xladyaccessories.com\/de\/wp-json\/wp\/v2\/product_brand?post=5738"},{"taxonomy":"product_cat","embeddable":true,"href":"https:\/\/www.xladyaccessories.com\/de\/wp-json\/wp\/v2\/product_cat?post=5738"},{"taxonomy":"product_tag","embeddable":true,"href":"https:\/\/www.xladyaccessories.com\/de\/wp-json\/wp\/v2\/product_tag?post=5738"}],"curies":[{"name":"wp","href":"https:\/\/api.w.org\/{rel}","templated":true}]}}