{"id":5733,"date":"2022-03-02T20:27:53","date_gmt":"2022-03-02T17:27:53","guid":{"rendered":"https:\/\/www.xladyaccessories.com\/urun\/altin-renk-civi-ve-tasli-cartier-bileklik-set-943\/"},"modified":"2026-04-16T19:12:03","modified_gmt":"2026-04-16T16:12:03","slug":"toptan-altin-renk-civi-ve-tasli-cartier-bileklik-set-943","status":"publish","type":"product","link":"https:\/\/www.xladyaccessories.com\/de\/produkt\/goldfarbenes-cartier-armbandset-aus-nageln-und-steinen-943\/","title":{"rendered":"Gro\u00dfhandel Goldfarbenes Cartier-Armband-Set mit Ohrstecker und Stein 943"},"content":{"rendered":"<p>GEEIGNET F\u00dcR DEN T\u00c4GLICHEN GEBRAUCH. ES IST ANTIALLERGEN.<br \/>\u00a01 Nagelarmband<\/p>\n<p>Bestehend aus 1 Cartier-Steinarmband<\/p>\n<p>\u00a0<\/p>","protected":false},"excerpt":{"rendered":"<p>Stilvolle Armb\u00e4nder<\/p>","protected":false},"featured_media":5734,"comment_status":"open","ping_status":"closed","template":"","meta":[],"product_brand":[],"product_cat":[42],"product_tag":[],"class_list":{"0":"post-5733","1":"product","2":"type-product","3":"status-publish","4":"has-post-thumbnail","6":"product_cat-bijuteri-bileklik","8":"first","9":"instock","10":"taxable","11":"shipping-taxable","12":"purchasable","13":"product-type-simple"},"_links":{"self":[{"href":"https:\/\/www.xladyaccessories.com\/de\/wp-json\/wp\/v2\/product\/5733","targetHints":{"allow":["GET"]}}],"collection":[{"href":"https:\/\/www.xladyaccessories.com\/de\/wp-json\/wp\/v2\/product"}],"about":[{"href":"https:\/\/www.xladyaccessories.com\/de\/wp-json\/wp\/v2\/types\/product"}],"replies":[{"embeddable":true,"href":"https:\/\/www.xladyaccessories.com\/de\/wp-json\/wp\/v2\/comments?post=5733"}],"wp:featuredmedia":[{"embeddable":true,"href":"https:\/\/www.xladyaccessories.com\/de\/wp-json\/wp\/v2\/media\/5734"}],"wp:attachment":[{"href":"https:\/\/www.xladyaccessories.com\/de\/wp-json\/wp\/v2\/media?parent=5733"}],"wp:term":[{"taxonomy":"product_brand","embeddable":true,"href":"https:\/\/www.xladyaccessories.com\/de\/wp-json\/wp\/v2\/product_brand?post=5733"},{"taxonomy":"product_cat","embeddable":true,"href":"https:\/\/www.xladyaccessories.com\/de\/wp-json\/wp\/v2\/product_cat?post=5733"},{"taxonomy":"product_tag","embeddable":true,"href":"https:\/\/www.xladyaccessories.com\/de\/wp-json\/wp\/v2\/product_tag?post=5733"}],"curies":[{"name":"wp","href":"https:\/\/api.w.org\/{rel}","templated":true}]}}