{"id":5420,"date":"2022-02-16T18:57:25","date_gmt":"2022-02-16T15:57:25","guid":{"rendered":"https:\/\/www.xladyaccessories.com\/urun\/siyah-renk-pelus-anahtarlik-840\/"},"modified":"2026-04-28T09:11:47","modified_gmt":"2026-04-28T06:11:47","slug":"toptan-siyah-renk-pelus-anahtarlik-840","status":"publish","type":"product","link":"https:\/\/www.xladyaccessories.com\/de\/produkt\/schwarzer-plusch-schlusselanhanger-840\/","title":{"rendered":"Gro\u00dfhandel Schwarz Farbe Pl\u00fcsch Schl\u00fcsselanh\u00e4nger 840"},"content":{"rendered":"<p>Schl\u00fcsselanh\u00e4nger-Modelle, eines stilvoller als das andere<\/p>\n<p>\u00a0<\/p>\n<ul id=\"content-descriptions-list\">\n<li>Gegen Anlaufen wurde eine spezielle Beschichtung verwendet.<\/li>\n<li>Der Kontakt mit Substanzen wie Creme, Parf\u00fcm und Alkohol sollte vermieden werden.<\/li>\n<\/ul>","protected":false},"excerpt":{"rendered":"<p>Stilvolle Schl\u00fcsselanh\u00e4nger<\/p>","protected":false},"featured_media":5421,"comment_status":"open","ping_status":"closed","template":"","meta":[],"product_brand":[],"product_cat":[99],"product_tag":[],"class_list":{"0":"post-5420","1":"product","2":"type-product","3":"status-publish","4":"has-post-thumbnail","6":"product_cat-anahtarlik","8":"first","9":"outofstock","10":"taxable","11":"shipping-taxable","12":"purchasable","13":"product-type-simple"},"_links":{"self":[{"href":"https:\/\/www.xladyaccessories.com\/de\/wp-json\/wp\/v2\/product\/5420","targetHints":{"allow":["GET"]}}],"collection":[{"href":"https:\/\/www.xladyaccessories.com\/de\/wp-json\/wp\/v2\/product"}],"about":[{"href":"https:\/\/www.xladyaccessories.com\/de\/wp-json\/wp\/v2\/types\/product"}],"replies":[{"embeddable":true,"href":"https:\/\/www.xladyaccessories.com\/de\/wp-json\/wp\/v2\/comments?post=5420"}],"wp:featuredmedia":[{"embeddable":true,"href":"https:\/\/www.xladyaccessories.com\/de\/wp-json\/wp\/v2\/media\/5421"}],"wp:attachment":[{"href":"https:\/\/www.xladyaccessories.com\/de\/wp-json\/wp\/v2\/media?parent=5420"}],"wp:term":[{"taxonomy":"product_brand","embeddable":true,"href":"https:\/\/www.xladyaccessories.com\/de\/wp-json\/wp\/v2\/product_brand?post=5420"},{"taxonomy":"product_cat","embeddable":true,"href":"https:\/\/www.xladyaccessories.com\/de\/wp-json\/wp\/v2\/product_cat?post=5420"},{"taxonomy":"product_tag","embeddable":true,"href":"https:\/\/www.xladyaccessories.com\/de\/wp-json\/wp\/v2\/product_tag?post=5420"}],"curies":[{"name":"wp","href":"https:\/\/api.w.org\/{rel}","templated":true}]}}