{"id":5053,"date":"2022-01-20T16:41:54","date_gmt":"2022-01-20T13:41:54","guid":{"rendered":"https:\/\/www.xladyaccessories.com\/urun\/gumus-renk-beyaz-kirmizi-mineli-gulen-el-kalp-figurlu-kombin-kupe-704\/"},"modified":"2023-09-25T09:04:30","modified_gmt":"2023-09-25T06:04:30","slug":"toptan-gumus-renk-beyaz-kirmizi-mineli-gulen-el-kalp-figurlu-kombin-kupe-704","status":"publish","type":"product","link":"https:\/\/www.xladyaccessories.com\/de\/produkt\/silberfarben-weis-rot-emaille-rose-hand-herzformig-kombinationsohrring-704\/","title":{"rendered":"Gro\u00dfhandel Silber Farbe Wei\u00df Rot Emaille L\u00e4chelnde Hand Herz Figured Kombination Ohrringe 704"},"content":{"rendered":"<p>Stilvolle Ohrringmodelle<\/p>\n<p>\u00a0<\/p>\n<ul id=\"content-descriptions-list\">\n<li>Gegen Anlaufen wurde eine spezielle Beschichtung verwendet.<\/li>\n<li>Der Kontakt mit Substanzen wie Creme, Parf\u00fcm und Alkohol sollte vermieden werden.<\/li>\n<\/ul>","protected":false},"excerpt":{"rendered":"<p>Stilvolle Ohrringmodelle<\/p>","protected":false},"featured_media":5054,"comment_status":"open","ping_status":"closed","template":"","meta":[],"product_brand":[],"product_cat":[91],"product_tag":[],"class_list":{"0":"post-5053","1":"product","2":"type-product","3":"status-publish","4":"has-post-thumbnail","6":"product_cat-bijuteri_kupe","8":"first","9":"outofstock","10":"taxable","11":"shipping-taxable","12":"purchasable","13":"product-type-simple"},"_links":{"self":[{"href":"https:\/\/www.xladyaccessories.com\/de\/wp-json\/wp\/v2\/product\/5053","targetHints":{"allow":["GET"]}}],"collection":[{"href":"https:\/\/www.xladyaccessories.com\/de\/wp-json\/wp\/v2\/product"}],"about":[{"href":"https:\/\/www.xladyaccessories.com\/de\/wp-json\/wp\/v2\/types\/product"}],"replies":[{"embeddable":true,"href":"https:\/\/www.xladyaccessories.com\/de\/wp-json\/wp\/v2\/comments?post=5053"}],"wp:featuredmedia":[{"embeddable":true,"href":"https:\/\/www.xladyaccessories.com\/de\/wp-json\/wp\/v2\/media\/5054"}],"wp:attachment":[{"href":"https:\/\/www.xladyaccessories.com\/de\/wp-json\/wp\/v2\/media?parent=5053"}],"wp:term":[{"taxonomy":"product_brand","embeddable":true,"href":"https:\/\/www.xladyaccessories.com\/de\/wp-json\/wp\/v2\/product_brand?post=5053"},{"taxonomy":"product_cat","embeddable":true,"href":"https:\/\/www.xladyaccessories.com\/de\/wp-json\/wp\/v2\/product_cat?post=5053"},{"taxonomy":"product_tag","embeddable":true,"href":"https:\/\/www.xladyaccessories.com\/de\/wp-json\/wp\/v2\/product_tag?post=5053"}],"curies":[{"name":"wp","href":"https:\/\/api.w.org\/{rel}","templated":true}]}}