{"id":4886,"date":"2022-01-13T20:20:31","date_gmt":"2022-01-13T17:20:31","guid":{"rendered":"https:\/\/www.xladyaccessories.com\/urun\/gumus-renk-burgu-kombin-kupe\/"},"modified":"2023-09-25T09:04:16","modified_gmt":"2023-09-25T06:04:16","slug":"toptan-gumus-renk-burgu-kombin-kupe","status":"publish","type":"product","link":"https:\/\/www.xladyaccessories.com\/de\/produkt\/silberfarbene-gedrehte-kombinationsohrringe\/","title":{"rendered":"Toptan G\u00fcm\u00fc\u015f Renk Burgu  Kombin K\u00fcpe"},"content":{"rendered":"<p>Stilvolle Ohrringmodelle<\/p>\n<p>\u00a0<\/p>\n<ul id=\"content-descriptions-list\">\n<li>Gegen Anlaufen wurde eine spezielle Beschichtung verwendet.<\/li>\n<li>Der Kontakt mit Substanzen wie Creme, Parf\u00fcm und Alkohol sollte vermieden werden.<\/li>\n<\/ul>","protected":false},"excerpt":{"rendered":"<p>Stilvolle Ohrringmodelle<\/p>","protected":false},"featured_media":4887,"comment_status":"open","ping_status":"closed","template":"","meta":[],"product_brand":[],"product_cat":[91],"product_tag":[],"class_list":{"0":"post-4886","1":"product","2":"type-product","3":"status-publish","4":"has-post-thumbnail","6":"product_cat-bijuteri_kupe","8":"first","9":"outofstock","10":"taxable","11":"shipping-taxable","12":"purchasable","13":"product-type-simple"},"_links":{"self":[{"href":"https:\/\/www.xladyaccessories.com\/de\/wp-json\/wp\/v2\/product\/4886","targetHints":{"allow":["GET"]}}],"collection":[{"href":"https:\/\/www.xladyaccessories.com\/de\/wp-json\/wp\/v2\/product"}],"about":[{"href":"https:\/\/www.xladyaccessories.com\/de\/wp-json\/wp\/v2\/types\/product"}],"replies":[{"embeddable":true,"href":"https:\/\/www.xladyaccessories.com\/de\/wp-json\/wp\/v2\/comments?post=4886"}],"wp:featuredmedia":[{"embeddable":true,"href":"https:\/\/www.xladyaccessories.com\/de\/wp-json\/wp\/v2\/media\/4887"}],"wp:attachment":[{"href":"https:\/\/www.xladyaccessories.com\/de\/wp-json\/wp\/v2\/media?parent=4886"}],"wp:term":[{"taxonomy":"product_brand","embeddable":true,"href":"https:\/\/www.xladyaccessories.com\/de\/wp-json\/wp\/v2\/product_brand?post=4886"},{"taxonomy":"product_cat","embeddable":true,"href":"https:\/\/www.xladyaccessories.com\/de\/wp-json\/wp\/v2\/product_cat?post=4886"},{"taxonomy":"product_tag","embeddable":true,"href":"https:\/\/www.xladyaccessories.com\/de\/wp-json\/wp\/v2\/product_tag?post=4886"}],"curies":[{"name":"wp","href":"https:\/\/api.w.org\/{rel}","templated":true}]}}