{"id":4862,"date":"2022-01-11T17:40:15","date_gmt":"2022-01-11T14:40:15","guid":{"rendered":"https:\/\/www.xladyaccessories.com\/urun\/altin-renk-renkli-yonca-motifli-asansor-bileklik\/"},"modified":"2026-04-18T19:11:00","modified_gmt":"2026-04-18T16:11:00","slug":"toptan-altin-renk-renkli-yonca-motifli-asansor-bileklik","status":"publish","type":"product","link":"https:\/\/www.xladyaccessories.com\/de\/produkt\/aufzugsarmband-mit-goldfarbenem-kleeblattmotiv\/","title":{"rendered":"Gro\u00dfhandel Gold buntes Kleeblatt Motiv Lift Armband"},"content":{"rendered":"<div class=\"detailmodule_html\">\n<div class=\"detail-desc-decorate-richtext\">\n<div>100% Neues Produkt<\/div>\n<div>Farbe: Goldfarbe<\/div>\n<div>Figurengr\u00f6\u00dfe: 16 x 16 (mm).<\/div>\n<div>Typ: Steinarmband<\/div>\n<div>\u00a0<\/div>\n<div>\n<ul id=\"content-descriptions-list\">\n<li>Gegen Anlaufen wurde eine spezielle Beschichtung verwendet.<\/li>\n<li>Der Kontakt mit Substanzen wie Creme, Parf\u00fcm und Alkohol sollte vermieden werden.<\/li>\n<\/ul>\n<p>\u00a0<\/p>\n<\/div>\n<\/div>\n<\/div>\n<p>window.adminAccountId=222258222;<\/p>","protected":false},"excerpt":{"rendered":"<p>100% Yeni \u00dcr\u00fcn Renk: Alt\u0131n Renk Fig\u00fcr Boyutu: 16X 16\u00a0(mm.) T\u00fcr\u00fc: Ta\u015fl\u0131 Bileklik \u00a0 Kararmaya kar\u015f\u0131 \u00f6zel kaplama kullan\u0131lm\u0131\u015ft\u0131r. Krem,parf\u00fcm,alkol gibi maddeler ile temas\u0131ndan ka\u00e7\u0131n\u0131lmal\u0131d\u0131r. \u00a0 window.adminAccountId=222258222;<\/p>","protected":false},"featured_media":4863,"comment_status":"open","ping_status":"closed","template":"","meta":[],"product_brand":[],"product_cat":[42],"product_tag":[],"class_list":{"0":"post-4862","1":"product","2":"type-product","3":"status-publish","4":"has-post-thumbnail","6":"product_cat-bijuteri-bileklik","8":"first","9":"outofstock","10":"taxable","11":"shipping-taxable","12":"purchasable","13":"product-type-simple"},"_links":{"self":[{"href":"https:\/\/www.xladyaccessories.com\/de\/wp-json\/wp\/v2\/product\/4862","targetHints":{"allow":["GET"]}}],"collection":[{"href":"https:\/\/www.xladyaccessories.com\/de\/wp-json\/wp\/v2\/product"}],"about":[{"href":"https:\/\/www.xladyaccessories.com\/de\/wp-json\/wp\/v2\/types\/product"}],"replies":[{"embeddable":true,"href":"https:\/\/www.xladyaccessories.com\/de\/wp-json\/wp\/v2\/comments?post=4862"}],"wp:featuredmedia":[{"embeddable":true,"href":"https:\/\/www.xladyaccessories.com\/de\/wp-json\/wp\/v2\/media\/4863"}],"wp:attachment":[{"href":"https:\/\/www.xladyaccessories.com\/de\/wp-json\/wp\/v2\/media?parent=4862"}],"wp:term":[{"taxonomy":"product_brand","embeddable":true,"href":"https:\/\/www.xladyaccessories.com\/de\/wp-json\/wp\/v2\/product_brand?post=4862"},{"taxonomy":"product_cat","embeddable":true,"href":"https:\/\/www.xladyaccessories.com\/de\/wp-json\/wp\/v2\/product_cat?post=4862"},{"taxonomy":"product_tag","embeddable":true,"href":"https:\/\/www.xladyaccessories.com\/de\/wp-json\/wp\/v2\/product_tag?post=4862"}],"curies":[{"name":"wp","href":"https:\/\/api.w.org\/{rel}","templated":true}]}}