{"id":4749,"date":"2022-01-07T13:33:57","date_gmt":"2022-01-07T10:33:57","guid":{"rendered":"https:\/\/www.xladyaccessories.com\/urun\/gumus-renk-zirkon-tasli-nazar-kaplumbaga-asansor-bileklik\/"},"modified":"2026-04-25T19:11:05","modified_gmt":"2026-04-25T16:11:05","slug":"toptan-gumus-renk-zirkon-tasli-nazar-kaplumbaga-asansor-bileklik","status":"publish","type":"product","link":"https:\/\/www.xladyaccessories.com\/de\/produkt\/evil-eye-schildkroten-aufzugsarmband-mit-silberfarbenem-zirkonstein\/","title":{"rendered":"Toptan G\u00fcm\u00fc\u015f Renk Zirkon Ta\u015fl\u0131 Nazar Kaplumba\u011fa Asans\u00f6r Bileklik"},"content":{"rendered":"<div class=\"detailmodule_html\">\n<div class=\"detail-desc-decorate-richtext\">\n<div>100% Neues Produkt<\/div>\n<div>Farbe: Silberfarben<\/div>\n<div>Figurengr\u00f6\u00dfe: 11 x 11 (mm)<\/div>\n<div>Typ: Zirkon-Stein-Armband<\/div>\n<div>Material: Messing<\/div>\n<div>\n<p>\u00a0<\/p>\n<p>EIGENSCHAFTEN DES ZIRKONSTEINS<\/p>\n<p>H\u00e4rte: 7,5<\/p>\n<p>Spezifisches Gewicht: 3,9 \u2013 4,7<\/p>\n<p>Chemische Formel: ZrSiO4<\/p>\n<p>Farbe: Farblos, Braun, Gr\u00fcn, Rot, Gelb, Blau<\/p>\n<p>Hauptherkunftsl\u00e4nder: Australien<\/p>\n<p>Strukturelle Eigenschaften<\/p>\n<p>Seine wahre Farbe ist braun. Vor dem Gebrauch wird es in der Regel erhitzt und abgewartet, bis es transparent wird. Er ist einer der bekanntesten Steine in der Schmuckklasse. Dieser Stein ist auch die wichtigste Quelle des Elements Zirkonium. Es ist der wertvollste und seltenste farblose Zirkonstein, der als Schmuck verwendet wird. Es \u00e4hnelt Diamant und der einzige Unterschied besteht darin, dass es weicher als Diamant ist. Es ist weich (ca. 2,5 Mohs).<\/p>\n<p>\u00a0<\/p>\n<p>Vorteile von Zirkon<\/p>\n<p>Dieser Stein ist einer der seltenen Steine, der wirklich wertvoll ist und viele Vorteile hat. Der Name Zirkon leitet sich vom persischen Wort \u201eZargun\u201c ab, was \u201egoldene Farbe\u201c bedeutet. Kurz und anschaulich sind die Vorteile von Zirkonstein f\u00fcr den Menschen:<\/p>\n<p>Es kann sich sehr positiv auf das Verdauungssystem auswirken. (Bei Dick- und D\u00fcnndarmbewegungen)<\/p>\n<p>Entspannt und erleichtert den Schlaf,<\/p>\n<p>Es kann geistige Aktivit\u00e4ten beschleunigen,<\/p>\n<p>Es sorgt f\u00fcr Ausgeglichenheit im emotionalen Bereich,<\/p>\n<p>Es sorgt f\u00fcr den Energiehaushalt der Person,<\/p>\n<p>Es bietet sowohl Eleganz als auch ein schnelleres Gef\u00fchl der Akzeptanz in der Gesellschaft.<\/p>\n<p>Es hilft der Person, Probleme wie Essen und Trinken zu l\u00f6sen (es regt den Appetit an).<\/p>\n<\/div>\n<\/div>\n<\/div>\n<p>window.adminAccountId=222258222;<\/p>","protected":false},"excerpt":{"rendered":"<p>100% Yeni \u00dcr\u00fcn Renk: G\u00fcm\u00fc\u015f Renk Fig\u00fcr Boyutu: 11X 11\u00a0(mm.) T\u00fcr\u00fc: Zirkon Ta\u015fl\u0131 Bileklik Ma\u011fzeme: Prin\u00e7 \u00a0 Z\u0130RKON TA\u015eI \u00d6ZELL\u0130KLER\u0130 Sertli\u011fi: 7.5 \u00d6zg\u00fcl A\u011f\u0131rl\u0131\u011f\u0131: 3.9 \u2013 4.7 Kimyasal Form\u00fcl\u00fc: ZrSiO4 Rengi: Renksiz, Kahverengi, Ye\u015fil, K\u0131rm\u0131z\u0131, Sar\u0131, Mavi \u00c7\u0131kar\u0131ld\u0131\u011f\u0131 Ba\u015fl\u0131ca \u00dclkeler: Avustralya Yap\u0131sal \u00d6zellikleri Ger\u00e7ek rengi kahverengidir. Kullanmadan \u00f6nce genel olarak \u0131s\u0131t\u0131l\u0131r ve \u015feffaf bir hal [&#8230;]","protected":false},"featured_media":4752,"comment_status":"open","ping_status":"closed","template":"","meta":[],"product_brand":[],"product_cat":[42],"product_tag":[],"class_list":{"0":"post-4749","1":"product","2":"type-product","3":"status-publish","4":"has-post-thumbnail","6":"product_cat-bijuteri-bileklik","8":"first","9":"outofstock","10":"taxable","11":"shipping-taxable","12":"purchasable","13":"product-type-simple"},"_links":{"self":[{"href":"https:\/\/www.xladyaccessories.com\/de\/wp-json\/wp\/v2\/product\/4749","targetHints":{"allow":["GET"]}}],"collection":[{"href":"https:\/\/www.xladyaccessories.com\/de\/wp-json\/wp\/v2\/product"}],"about":[{"href":"https:\/\/www.xladyaccessories.com\/de\/wp-json\/wp\/v2\/types\/product"}],"replies":[{"embeddable":true,"href":"https:\/\/www.xladyaccessories.com\/de\/wp-json\/wp\/v2\/comments?post=4749"}],"wp:featuredmedia":[{"embeddable":true,"href":"https:\/\/www.xladyaccessories.com\/de\/wp-json\/wp\/v2\/media\/4752"}],"wp:attachment":[{"href":"https:\/\/www.xladyaccessories.com\/de\/wp-json\/wp\/v2\/media?parent=4749"}],"wp:term":[{"taxonomy":"product_brand","embeddable":true,"href":"https:\/\/www.xladyaccessories.com\/de\/wp-json\/wp\/v2\/product_brand?post=4749"},{"taxonomy":"product_cat","embeddable":true,"href":"https:\/\/www.xladyaccessories.com\/de\/wp-json\/wp\/v2\/product_cat?post=4749"},{"taxonomy":"product_tag","embeddable":true,"href":"https:\/\/www.xladyaccessories.com\/de\/wp-json\/wp\/v2\/product_tag?post=4749"}],"curies":[{"name":"wp","href":"https:\/\/api.w.org\/{rel}","templated":true}]}}