{"id":4684,"date":"2022-01-06T16:24:55","date_gmt":"2022-01-06T13:24:55","guid":{"rendered":"https:\/\/www.xladyaccessories.com\/urun\/kartier-duz-yuzuk-rose-renk-19-numara\/"},"modified":"2026-04-03T19:10:45","modified_gmt":"2026-04-03T16:10:45","slug":"toptan-kartier-duz-yuzuk-rose-renk-19-numara","status":"publish","type":"product","link":"https:\/\/www.xladyaccessories.com\/de\/produkt\/kartier-schlichter-ring-rosa-farbe-nummer-19\/","title":{"rendered":"Gro\u00dfhandel Kartier Plain Ring Rose Farbe Nummer 19"},"content":{"rendered":"<p>Rosenfarbener Ring<\/p>\n<p>\u2022Da wir nickelfreie Mineralien verwenden, l\u00f6sen unsere Produkte keine Allergien aus.<\/p>\n<p>\u2022 Da es aus hochwertigem Metall hergestellt ist, verformt es sich nicht so leicht und erm\u00f6glicht eine lange Verwendung.<\/p>\n<p>\u2022Es verdunkelt sich nicht, es sei denn, es kommt mit Parf\u00fcm, Creme, Desinfektionsmitteln und \u00e4hnlichen Chemikalien in Kontakt.<\/p>\n<p>Ein wunderbar gestaltetes Produkt, das f\u00fcr Nat\u00fcrlichkeit sorgt. Ein eleganter Ring, der Ihre besonderen Momente versch\u00f6nert und Ihren Stil vervollst\u00e4ndigt, sodass Sie sich in jedem Moment Ihres Lebens wertvoll f\u00fchlen.<\/p>","protected":false},"excerpt":{"rendered":"<p>Rosenfarbener Ring \u2022Da wir nickelfreies Metall verwenden, l\u00f6sen unsere Produkte keine Allergien aus. \u2022 Da es aus hochwertigem Metall hergestellt ist, verformt es sich nicht so leicht und erm\u00f6glicht eine lange Verwendung. \u2022Es verdunkelt sich nicht, es sei denn, es kommt mit Parf\u00fcm, Creme, Desinfektionsmitteln und \u00e4hnlichen Chemikalien in Kontakt. Ein wunderbar gestaltetes Produkt, das f\u00fcr Nat\u00fcrlichkeit sorgt. Ein eleganter Ring, der Ihre besonderen Momente versch\u00f6nert und Ihren Stil vervollst\u00e4ndigt, sodass Sie sich in jedem Moment Ihres Lebens wertvoll f\u00fchlen.<\/p>","protected":false},"featured_media":4685,"comment_status":"open","ping_status":"closed","template":"","meta":[],"product_brand":[],"product_cat":[36],"product_tag":[],"class_list":{"0":"post-4684","1":"product","2":"type-product","3":"status-publish","4":"has-post-thumbnail","6":"product_cat-bijuteri-yuzuk","8":"first","9":"instock","10":"taxable","11":"shipping-taxable","12":"purchasable","13":"product-type-simple"},"_links":{"self":[{"href":"https:\/\/www.xladyaccessories.com\/de\/wp-json\/wp\/v2\/product\/4684","targetHints":{"allow":["GET"]}}],"collection":[{"href":"https:\/\/www.xladyaccessories.com\/de\/wp-json\/wp\/v2\/product"}],"about":[{"href":"https:\/\/www.xladyaccessories.com\/de\/wp-json\/wp\/v2\/types\/product"}],"replies":[{"embeddable":true,"href":"https:\/\/www.xladyaccessories.com\/de\/wp-json\/wp\/v2\/comments?post=4684"}],"wp:featuredmedia":[{"embeddable":true,"href":"https:\/\/www.xladyaccessories.com\/de\/wp-json\/wp\/v2\/media\/4685"}],"wp:attachment":[{"href":"https:\/\/www.xladyaccessories.com\/de\/wp-json\/wp\/v2\/media?parent=4684"}],"wp:term":[{"taxonomy":"product_brand","embeddable":true,"href":"https:\/\/www.xladyaccessories.com\/de\/wp-json\/wp\/v2\/product_brand?post=4684"},{"taxonomy":"product_cat","embeddable":true,"href":"https:\/\/www.xladyaccessories.com\/de\/wp-json\/wp\/v2\/product_cat?post=4684"},{"taxonomy":"product_tag","embeddable":true,"href":"https:\/\/www.xladyaccessories.com\/de\/wp-json\/wp\/v2\/product_tag?post=4684"}],"curies":[{"name":"wp","href":"https:\/\/api.w.org\/{rel}","templated":true}]}}