{"id":4261,"date":"2021-09-28T17:46:14","date_gmt":"2021-09-28T14:46:14","guid":{"rendered":"https:\/\/www.xladyaccessories.com\/urun\/kombin-kadin-altin-kaplama-tasli-model-kilcik-ve-civi-model-kombin-bileklik\/"},"modified":"2026-04-15T10:12:17","modified_gmt":"2026-04-15T07:12:17","slug":"toptan-kombin-kadin-altin-kaplama-tasli-model-kilcik-ve-civi-model-kombin-bileklik","status":"publish","type":"product","link":"https:\/\/www.xladyaccessories.com\/de\/produkt\/kombination-aus-vergoldetem-steinmodell-fischgraten-und-nagelmodell-kombinationsarmband-fur-damen\/","title":{"rendered":"Gro\u00dfhandel Kombination Frauen vergoldet Stoned Modell Fishbone und Nagel Modell Kombination Armband"},"content":{"rendered":"<p>Kombinationsarmband vergoldet.<\/p>\n<p>Die Nutzungsdauer des Zubeh\u00f6rs verl\u00e4ngert sich, wenn es von Parf\u00fcm, Seife, Alkohol und \u00e4hnlichen Chemikalien ferngehalten wird.<\/p>\n<p>Auf das Produkt wurde eine spezielle Schutzschicht gegen Allergien, Oxidation und Verdunkelung aufgebracht.<\/p>\n<p>Es wird empfohlen, es von Parf\u00fcm, Wasser, Reinigungsmitteln und fl\u00fcssigen Chemikalien fernzuhalten.<br \/>\u00a0<\/p>","protected":false},"excerpt":{"rendered":"<p>Kombin Bileklik Alt\u0131n Kaplama. Parf\u00fcm, sabun, alkol ve benzeri kimyasal maddelerden uzak tutuldu\u011fu s\u00fcrece aksesuar\u0131n kullan\u0131m s\u00fcresi uzar. \u00dcr\u00fcn \u00fczerinde alerjiye, oksitlenmeye ve kararmaya kar\u015f\u0131 \u00f6zel korumal\u0131 kaplama uygulanm\u0131\u015ft\u0131r. Parf\u00fcm, su, deterjan ve s\u0131v\u0131 kimyasallardan uzak tutularak kullan\u0131lmas\u0131 tavsiye edilir.\u00a0<\/p>","protected":false},"featured_media":4262,"comment_status":"open","ping_status":"closed","template":"","meta":[],"product_brand":[],"product_cat":[42],"product_tag":[],"class_list":{"0":"post-4261","1":"product","2":"type-product","3":"status-publish","4":"has-post-thumbnail","6":"product_cat-bijuteri-bileklik","8":"first","9":"instock","10":"taxable","11":"shipping-taxable","12":"purchasable","13":"product-type-simple"},"_links":{"self":[{"href":"https:\/\/www.xladyaccessories.com\/de\/wp-json\/wp\/v2\/product\/4261","targetHints":{"allow":["GET"]}}],"collection":[{"href":"https:\/\/www.xladyaccessories.com\/de\/wp-json\/wp\/v2\/product"}],"about":[{"href":"https:\/\/www.xladyaccessories.com\/de\/wp-json\/wp\/v2\/types\/product"}],"replies":[{"embeddable":true,"href":"https:\/\/www.xladyaccessories.com\/de\/wp-json\/wp\/v2\/comments?post=4261"}],"wp:featuredmedia":[{"embeddable":true,"href":"https:\/\/www.xladyaccessories.com\/de\/wp-json\/wp\/v2\/media\/4262"}],"wp:attachment":[{"href":"https:\/\/www.xladyaccessories.com\/de\/wp-json\/wp\/v2\/media?parent=4261"}],"wp:term":[{"taxonomy":"product_brand","embeddable":true,"href":"https:\/\/www.xladyaccessories.com\/de\/wp-json\/wp\/v2\/product_brand?post=4261"},{"taxonomy":"product_cat","embeddable":true,"href":"https:\/\/www.xladyaccessories.com\/de\/wp-json\/wp\/v2\/product_cat?post=4261"},{"taxonomy":"product_tag","embeddable":true,"href":"https:\/\/www.xladyaccessories.com\/de\/wp-json\/wp\/v2\/product_tag?post=4261"}],"curies":[{"name":"wp","href":"https:\/\/api.w.org\/{rel}","templated":true}]}}