{"id":3687,"date":"2021-04-15T18:16:40","date_gmt":"2021-04-15T15:16:40","guid":{"rendered":"https:\/\/www.xladyaccessories.com\/urun\/bombeli-yuzuk-gumus-kaplama\/"},"modified":"2026-04-14T19:09:46","modified_gmt":"2026-04-14T16:09:46","slug":"toptan-bombeli-yuzuk-gumus-kaplama","status":"publish","type":"product","link":"https:\/\/www.xladyaccessories.com\/de\/produkt\/gewolbter-ring-versilbert\/","title":{"rendered":"Gro\u00dfhandel gew\u00f6lbter Ring versilbert"},"content":{"rendered":"<p>Gew\u00f6lbter Ring versilbert<\/p>","protected":false},"excerpt":{"rendered":"<p>Gew\u00f6lbter Ring versilbert<\/p>","protected":false},"featured_media":3688,"comment_status":"open","ping_status":"closed","template":"","meta":[],"product_brand":[],"product_cat":[36],"product_tag":[],"class_list":{"0":"post-3687","1":"product","2":"type-product","3":"status-publish","4":"has-post-thumbnail","6":"product_cat-bijuteri-yuzuk","8":"first","9":"outofstock","10":"taxable","11":"shipping-taxable","12":"purchasable","13":"product-type-simple"},"_links":{"self":[{"href":"https:\/\/www.xladyaccessories.com\/de\/wp-json\/wp\/v2\/product\/3687","targetHints":{"allow":["GET"]}}],"collection":[{"href":"https:\/\/www.xladyaccessories.com\/de\/wp-json\/wp\/v2\/product"}],"about":[{"href":"https:\/\/www.xladyaccessories.com\/de\/wp-json\/wp\/v2\/types\/product"}],"replies":[{"embeddable":true,"href":"https:\/\/www.xladyaccessories.com\/de\/wp-json\/wp\/v2\/comments?post=3687"}],"wp:featuredmedia":[{"embeddable":true,"href":"https:\/\/www.xladyaccessories.com\/de\/wp-json\/wp\/v2\/media\/3688"}],"wp:attachment":[{"href":"https:\/\/www.xladyaccessories.com\/de\/wp-json\/wp\/v2\/media?parent=3687"}],"wp:term":[{"taxonomy":"product_brand","embeddable":true,"href":"https:\/\/www.xladyaccessories.com\/de\/wp-json\/wp\/v2\/product_brand?post=3687"},{"taxonomy":"product_cat","embeddable":true,"href":"https:\/\/www.xladyaccessories.com\/de\/wp-json\/wp\/v2\/product_cat?post=3687"},{"taxonomy":"product_tag","embeddable":true,"href":"https:\/\/www.xladyaccessories.com\/de\/wp-json\/wp\/v2\/product_tag?post=3687"}],"curies":[{"name":"wp","href":"https:\/\/api.w.org\/{rel}","templated":true}]}}