{"id":3593,"date":"2021-03-31T18:11:06","date_gmt":"2021-03-31T15:11:06","guid":{"rendered":"https:\/\/www.xladyaccessories.com\/urun\/goz-detayli-minimal-yuzuk\/"},"modified":"2026-04-14T19:09:30","modified_gmt":"2026-04-14T16:09:30","slug":"toptan-goz-detayli-minimal-yuzuk","status":"publish","type":"product","link":"https:\/\/www.xladyaccessories.com\/de\/produkt\/minimaler-ring-mit-augendetail\/","title":{"rendered":"Toptan G\u00f6z Detayl\u0131 Minimal Y\u00fcz\u00fck"},"content":{"rendered":"<p>Solange es von Chemikalien wie Wasser, Parf\u00fcm und Creme ferngehalten wird, wird es nicht dunkler. Es ist vergoldet. ;<\/p>","protected":false},"excerpt":{"rendered":"<p> X-Lady-Zubeh\u00f6r<\/p>","protected":false},"featured_media":3594,"comment_status":"open","ping_status":"closed","template":"","meta":[],"product_brand":[],"product_cat":[36],"product_tag":[],"class_list":{"0":"post-3593","1":"product","2":"type-product","3":"status-publish","4":"has-post-thumbnail","6":"product_cat-bijuteri-yuzuk","8":"first","9":"outofstock","10":"taxable","11":"shipping-taxable","12":"purchasable","13":"product-type-simple"},"_links":{"self":[{"href":"https:\/\/www.xladyaccessories.com\/de\/wp-json\/wp\/v2\/product\/3593","targetHints":{"allow":["GET"]}}],"collection":[{"href":"https:\/\/www.xladyaccessories.com\/de\/wp-json\/wp\/v2\/product"}],"about":[{"href":"https:\/\/www.xladyaccessories.com\/de\/wp-json\/wp\/v2\/types\/product"}],"replies":[{"embeddable":true,"href":"https:\/\/www.xladyaccessories.com\/de\/wp-json\/wp\/v2\/comments?post=3593"}],"wp:featuredmedia":[{"embeddable":true,"href":"https:\/\/www.xladyaccessories.com\/de\/wp-json\/wp\/v2\/media\/3594"}],"wp:attachment":[{"href":"https:\/\/www.xladyaccessories.com\/de\/wp-json\/wp\/v2\/media?parent=3593"}],"wp:term":[{"taxonomy":"product_brand","embeddable":true,"href":"https:\/\/www.xladyaccessories.com\/de\/wp-json\/wp\/v2\/product_brand?post=3593"},{"taxonomy":"product_cat","embeddable":true,"href":"https:\/\/www.xladyaccessories.com\/de\/wp-json\/wp\/v2\/product_cat?post=3593"},{"taxonomy":"product_tag","embeddable":true,"href":"https:\/\/www.xladyaccessories.com\/de\/wp-json\/wp\/v2\/product_tag?post=3593"}],"curies":[{"name":"wp","href":"https:\/\/api.w.org\/{rel}","templated":true}]}}