{"id":3318,"date":"2021-03-04T14:51:57","date_gmt":"2021-03-04T11:51:57","guid":{"rendered":"https:\/\/www.xladyaccessories.com\/urun\/kombin-kelepce-desenli-bileklik-kelepce-rose-altin-gumus-renk\/"},"modified":"2024-06-27T09:10:49","modified_gmt":"2024-06-27T06:10:49","slug":"toptan-kombin-kelepce-desenli-bileklik-kelepce-rose-altin-gumus-renk","status":"publish","type":"product","link":"https:\/\/www.xladyaccessories.com\/de\/produkt\/kombinationsmanschette-mit-muster-armbandmanschette-in-rosegold-und-silberfarbe\/","title":{"rendered":"Gro\u00dfhandel Kombination Klammer Muster Armband Manschette Rose-Gold-Silber Farbe"},"content":{"rendered":"<p>Produktinhalt<\/p>\n<p>1 n. Chr. Silberfarbenes Armband<\/p>\n<p>1 St\u00fcck: Rosenarmband<\/p>\n<p>1 n. Chr. Goldfarbenes Armband<\/p>\n<ul>\n<li>VERDUNKELT NICHT. ES VERURSACHT KEINE ALLERGIE. Es wird empfohlen, es von Parf\u00fcm, Wasser, Reinigungsmitteln und fl\u00fcssigen Chemikalien fernzuhalten. Alle Produkte dieser Kollektion verf\u00fcgen \u00fcber Free-Nickel-Funktionen.<\/li>\n<\/ul>","protected":false},"excerpt":{"rendered":"<p>X-Lady-Zubeh\u00f6r<\/p>","protected":false},"featured_media":3319,"comment_status":"open","ping_status":"closed","template":"","meta":[],"product_brand":[],"product_cat":[26],"product_tag":[],"class_list":{"0":"post-3318","1":"product","2":"type-product","3":"status-publish","4":"has-post-thumbnail","6":"product_cat-bijuteri-settakim","8":"first","9":"outofstock","10":"taxable","11":"shipping-taxable","12":"purchasable","13":"product-type-simple"},"_links":{"self":[{"href":"https:\/\/www.xladyaccessories.com\/de\/wp-json\/wp\/v2\/product\/3318","targetHints":{"allow":["GET"]}}],"collection":[{"href":"https:\/\/www.xladyaccessories.com\/de\/wp-json\/wp\/v2\/product"}],"about":[{"href":"https:\/\/www.xladyaccessories.com\/de\/wp-json\/wp\/v2\/types\/product"}],"replies":[{"embeddable":true,"href":"https:\/\/www.xladyaccessories.com\/de\/wp-json\/wp\/v2\/comments?post=3318"}],"wp:featuredmedia":[{"embeddable":true,"href":"https:\/\/www.xladyaccessories.com\/de\/wp-json\/wp\/v2\/media\/3319"}],"wp:attachment":[{"href":"https:\/\/www.xladyaccessories.com\/de\/wp-json\/wp\/v2\/media?parent=3318"}],"wp:term":[{"taxonomy":"product_brand","embeddable":true,"href":"https:\/\/www.xladyaccessories.com\/de\/wp-json\/wp\/v2\/product_brand?post=3318"},{"taxonomy":"product_cat","embeddable":true,"href":"https:\/\/www.xladyaccessories.com\/de\/wp-json\/wp\/v2\/product_cat?post=3318"},{"taxonomy":"product_tag","embeddable":true,"href":"https:\/\/www.xladyaccessories.com\/de\/wp-json\/wp\/v2\/product_tag?post=3318"}],"curies":[{"name":"wp","href":"https:\/\/api.w.org\/{rel}","templated":true}]}}