{"id":3262,"date":"2021-03-04T14:43:01","date_gmt":"2021-03-04T11:43:01","guid":{"rendered":"https:\/\/www.xladyaccessories.com\/urun\/gumus-kaplama-italyan-ezme-zincir-kolye-bileklik-taki-seti\/"},"modified":"2026-04-17T09:10:41","modified_gmt":"2026-04-17T06:10:41","slug":"toptan-gumus-kaplama-italyan-ezme-zincir-kolye-bileklik-taki-seti","status":"publish","type":"product","link":"https:\/\/www.xladyaccessories.com\/de\/produkt\/versilbertes-italienisches-crush-ketten-halsketten-armband-schmuckset\/","title":{"rendered":"Gro\u00dfhandel versilbert Italienisch Crush Kette Halskette Armband Schmuck Set"},"content":{"rendered":"<p>Sie k\u00f6nnen es optisch nicht von echtem Silber unterscheiden. Sie k\u00f6nnen die Lebensdauer aller Silberprodukte verl\u00e4ngern, indem Sie sie von Substanzen wie Parf\u00fcm, Deodorant, Seife, Creme, Alkohol und Bleichmittel fernhalten und mit einer speziellen Beschichtung gegen Allergien, Oxidation usw. versehen Anlaufend k\u00f6nnen Sie sie beruhigt bei Hochzeiten, Verlobungen, besonderen Anl\u00e4ssen oder im t\u00e4glichen Leben verwenden.<\/p>","protected":false},"excerpt":{"rendered":"<p>X-Lady-Zubeh\u00f6r<\/p>","protected":false},"featured_media":3263,"comment_status":"open","ping_status":"closed","template":"","meta":[],"product_brand":[],"product_cat":[26],"product_tag":[],"class_list":{"0":"post-3262","1":"product","2":"type-product","3":"status-publish","4":"has-post-thumbnail","6":"product_cat-bijuteri-settakim","8":"first","9":"outofstock","10":"taxable","11":"shipping-taxable","12":"purchasable","13":"product-type-simple"},"_links":{"self":[{"href":"https:\/\/www.xladyaccessories.com\/de\/wp-json\/wp\/v2\/product\/3262","targetHints":{"allow":["GET"]}}],"collection":[{"href":"https:\/\/www.xladyaccessories.com\/de\/wp-json\/wp\/v2\/product"}],"about":[{"href":"https:\/\/www.xladyaccessories.com\/de\/wp-json\/wp\/v2\/types\/product"}],"replies":[{"embeddable":true,"href":"https:\/\/www.xladyaccessories.com\/de\/wp-json\/wp\/v2\/comments?post=3262"}],"wp:featuredmedia":[{"embeddable":true,"href":"https:\/\/www.xladyaccessories.com\/de\/wp-json\/wp\/v2\/media\/3263"}],"wp:attachment":[{"href":"https:\/\/www.xladyaccessories.com\/de\/wp-json\/wp\/v2\/media?parent=3262"}],"wp:term":[{"taxonomy":"product_brand","embeddable":true,"href":"https:\/\/www.xladyaccessories.com\/de\/wp-json\/wp\/v2\/product_brand?post=3262"},{"taxonomy":"product_cat","embeddable":true,"href":"https:\/\/www.xladyaccessories.com\/de\/wp-json\/wp\/v2\/product_cat?post=3262"},{"taxonomy":"product_tag","embeddable":true,"href":"https:\/\/www.xladyaccessories.com\/de\/wp-json\/wp\/v2\/product_tag?post=3262"}],"curies":[{"name":"wp","href":"https:\/\/api.w.org\/{rel}","templated":true}]}}