{"id":3207,"date":"2021-03-04T14:29:59","date_gmt":"2021-03-04T11:29:59","guid":{"rendered":"https:\/\/www.xladyaccessories.com\/urun\/altin-kaplama-italyan-ezme-zincir-kolye-bileklik-taki-seti-zincir-boyu-60-cm\/"},"modified":"2026-04-16T19:09:08","modified_gmt":"2026-04-16T16:09:08","slug":"toptan-altin-kaplama-italyan-ezme-zincir-kolye-bileklik-taki-seti-zincir-boyu-60-cm","status":"publish","type":"product","link":"https:\/\/www.xladyaccessories.com\/de\/produkt\/vergoldete-italienische-crush-kette-halskette-armband-schmuckset-kettenlange-60-cm\/","title":{"rendered":"Gro\u00dfhandel vergoldet Italienisch Crush Kette Halskette Armband Schmuck Set Kette L\u00e4nge 45 cm"},"content":{"rendered":"<div>Sie k\u00f6nnen es nicht von echtem Gold unterscheiden, Sie k\u00f6nnen die Lebensdauer aller Zirkonsilberprodukte verl\u00e4ngern, indem Sie sie von Substanzen wie Parf\u00fcm, Deodorant, Seife, Creme, Alkohol und Bleichmittel fernhalten, mit einer speziellen Beschichtung gegen Allergien, Oxidation und Anlaufen Sie k\u00f6nnen sie beruhigt bei Hochzeiten, Verlobungen, besonderen Anl\u00e4ssen oder im t\u00e4glichen Leben verwenden.<\/div>","protected":false},"excerpt":{"rendered":"<p>Sie k\u00f6nnen es nicht von echtem Gold unterscheiden, Sie k\u00f6nnen die Lebensdauer aller Zirkonsilberprodukte verl\u00e4ngern, indem Sie sie von Substanzen wie Parf\u00fcm, Deodorant, Seife, Creme, Alkohol und Bleichmittel fernhalten, mit einer speziellen Beschichtung gegen Allergien, Oxidation und Anlaufen Sie k\u00f6nnen sie beruhigt bei Hochzeiten, Verlobungen, besonderen Anl\u00e4ssen oder im t\u00e4glichen Leben verwenden.<\/p>","protected":false},"featured_media":4309,"comment_status":"open","ping_status":"closed","template":"","meta":[],"product_brand":[],"product_cat":[26],"product_tag":[],"class_list":{"0":"post-3207","1":"product","2":"type-product","3":"status-publish","4":"has-post-thumbnail","6":"product_cat-bijuteri-settakim","8":"first","9":"outofstock","10":"taxable","11":"shipping-taxable","12":"purchasable","13":"product-type-simple"},"_links":{"self":[{"href":"https:\/\/www.xladyaccessories.com\/de\/wp-json\/wp\/v2\/product\/3207","targetHints":{"allow":["GET"]}}],"collection":[{"href":"https:\/\/www.xladyaccessories.com\/de\/wp-json\/wp\/v2\/product"}],"about":[{"href":"https:\/\/www.xladyaccessories.com\/de\/wp-json\/wp\/v2\/types\/product"}],"replies":[{"embeddable":true,"href":"https:\/\/www.xladyaccessories.com\/de\/wp-json\/wp\/v2\/comments?post=3207"}],"wp:featuredmedia":[{"embeddable":true,"href":"https:\/\/www.xladyaccessories.com\/de\/wp-json\/wp\/v2\/media\/4309"}],"wp:attachment":[{"href":"https:\/\/www.xladyaccessories.com\/de\/wp-json\/wp\/v2\/media?parent=3207"}],"wp:term":[{"taxonomy":"product_brand","embeddable":true,"href":"https:\/\/www.xladyaccessories.com\/de\/wp-json\/wp\/v2\/product_brand?post=3207"},{"taxonomy":"product_cat","embeddable":true,"href":"https:\/\/www.xladyaccessories.com\/de\/wp-json\/wp\/v2\/product_cat?post=3207"},{"taxonomy":"product_tag","embeddable":true,"href":"https:\/\/www.xladyaccessories.com\/de\/wp-json\/wp\/v2\/product_tag?post=3207"}],"curies":[{"name":"wp","href":"https:\/\/api.w.org\/{rel}","templated":true}]}}