{"id":3140,"date":"2021-03-04T14:17:18","date_gmt":"2021-03-04T11:17:18","guid":{"rendered":"https:\/\/www.xladyaccessories.com\/urun\/beach-minik-pullu-toplu-zincir-halhal-4lu-gold\/"},"modified":"2026-04-28T09:09:10","modified_gmt":"2026-04-28T06:09:10","slug":"toptan-beach-minik-pullu-toplu-zincir-halhal-4lu-gold","status":"publish","type":"product","link":"https:\/\/www.xladyaccessories.com\/de\/produkt\/strand-fuskettchen-mit-winzigen-pailletten-4-stuck-goldfarben\/","title":{"rendered":"Gro\u00dfhandel Strand Tiny Pailletten Bulk Kette Fu\u00dfkettchen 4 St\u00fcck Gold"},"content":{"rendered":"<p>Hane14 Strand-Fu\u00dfkettchen mit winzigen Pailletten, goldfarben, 4er-Pack <\/p>","protected":false},"excerpt":{"rendered":"<p>X-Lady-Zubeh\u00f6r<\/p>","protected":false},"featured_media":3141,"comment_status":"open","ping_status":"closed","template":"","meta":[],"product_brand":[],"product_cat":[52],"product_tag":[],"class_list":{"0":"post-3140","1":"product","2":"type-product","3":"status-publish","4":"has-post-thumbnail","6":"product_cat-bijuteri-halhal","8":"first","9":"instock","10":"taxable","11":"shipping-taxable","12":"purchasable","13":"product-type-simple"},"_links":{"self":[{"href":"https:\/\/www.xladyaccessories.com\/de\/wp-json\/wp\/v2\/product\/3140","targetHints":{"allow":["GET"]}}],"collection":[{"href":"https:\/\/www.xladyaccessories.com\/de\/wp-json\/wp\/v2\/product"}],"about":[{"href":"https:\/\/www.xladyaccessories.com\/de\/wp-json\/wp\/v2\/types\/product"}],"replies":[{"embeddable":true,"href":"https:\/\/www.xladyaccessories.com\/de\/wp-json\/wp\/v2\/comments?post=3140"}],"wp:featuredmedia":[{"embeddable":true,"href":"https:\/\/www.xladyaccessories.com\/de\/wp-json\/wp\/v2\/media\/3141"}],"wp:attachment":[{"href":"https:\/\/www.xladyaccessories.com\/de\/wp-json\/wp\/v2\/media?parent=3140"}],"wp:term":[{"taxonomy":"product_brand","embeddable":true,"href":"https:\/\/www.xladyaccessories.com\/de\/wp-json\/wp\/v2\/product_brand?post=3140"},{"taxonomy":"product_cat","embeddable":true,"href":"https:\/\/www.xladyaccessories.com\/de\/wp-json\/wp\/v2\/product_cat?post=3140"},{"taxonomy":"product_tag","embeddable":true,"href":"https:\/\/www.xladyaccessories.com\/de\/wp-json\/wp\/v2\/product_tag?post=3140"}],"curies":[{"name":"wp","href":"https:\/\/api.w.org\/{rel}","templated":true}]}}